{"id":3052,"date":"2022-09-05T08:44:33","date_gmt":"2022-09-05T08:44:33","guid":{"rendered":"https:\/\/salud-o.umh.es\/?page_id=3052"},"modified":"2023-05-30T10:56:48","modified_gmt":"2023-05-30T10:56:48","slug":"organizacion-de-congresos-y-jornadas","status":"publish","type":"page","link":"https:\/\/salud-o.umh.es\/ca\/organizacion-de-congresos-y-jornadas\/","title":{"rendered":"(Espa\u00f1ol) ORGANIZACI\u00d3N DE CONGRESOS Y JORNADAS"},"content":{"rendered":"<p>[et_pb_section fb_built=&#8221;1&#8243; admin_label=&#8221;section&#8221; _builder_version=&#8221;4.16&#8243; use_background_color_gradient=&#8221;on&#8221; background_image=&#8221;http:\/\/salud-o.umh.es\/files\/2018\/07\/saludo.png&#8221; transparent_background=&#8221;off&#8221; padding_mobile=&#8221;off&#8221; make_fullwidth=&#8221;off&#8221; use_custom_width=&#8221;off&#8221; width_unit=&#8221;on&#8221; global_colors_info=&#8221;{}&#8221;][et_pb_row _builder_version=&#8221;4.16&#8243; background_size=&#8221;initial&#8221; background_position=&#8221;top_left&#8221; background_repeat=&#8221;repeat&#8221; global_colors_info=&#8221;{}&#8221;][et_pb_column type=&#8221;4_4&#8243; _builder_version=&#8221;4.16&#8243; custom_padding=&#8221;|||&#8221; global_colors_info=&#8221;{}&#8221; custom_padding__hover=&#8221;|||&#8221;][\/et_pb_column][\/et_pb_row][\/et_pb_section][et_pb_section fb_built=&#8221;1&#8243; fullwidth=&#8221;on&#8221; custom_padding_last_edited=&#8221;on|desktop&#8221; admin_label=&#8221;section&#8221; _builder_version=&#8221;4.16&#8243; custom_padding_tablet=&#8221;50px|0|50px|0&#8243; custom_padding_phone=&#8221;&#8221; transparent_background=&#8221;off&#8221; padding_mobile=&#8221;off&#8221; make_fullwidth=&#8221;off&#8221; use_custom_width=&#8221;off&#8221; width_unit=&#8221;on&#8221; global_colors_info=&#8221;{}&#8221;][et_pb_fullwidth_menu menu_id=&#8221;3&#8243; submenu_direction=&#8221;downwards&#8221; fullwidth_menu=&#8221;off&#8221; active_link_color=&#8221;#1f1f1f&#8221; dropdown_menu_bg_color=&#8221;#474747&#8243; dropdown_menu_line_color=&#8221;#474747&#8243; dropdown_menu_text_color=&#8221;#ffffff&#8221; mobile_menu_bg_color=&#8221;#474747&#8243; mobile_menu_text_color=&#8221;#1f1f1f&#8221; _builder_version=&#8221;4.17.4&#8243; menu_font=&#8221;Open Sans|600|||||||&#8221; menu_text_color=&#8221;#1f1f1f&#8221; background_color=&#8221;#eeeeee&#8221; text_orientation=&#8221;center&#8221; global_colors_info=&#8221;{}&#8221;][\/et_pb_fullwidth_menu][\/et_pb_section][et_pb_section fb_built=&#8221;1&#8243; admin_label=&#8221;section&#8221; _builder_version=&#8221;4.16&#8243; global_colors_info=&#8221;{}&#8221;][et_pb_row admin_label=&#8221;row&#8221; _builder_version=&#8221;4.16&#8243; background_size=&#8221;initial&#8221; background_position=&#8221;top_left&#8221; background_repeat=&#8221;repeat&#8221; global_colors_info=&#8221;{}&#8221;][et_pb_column type=&#8221;4_4&#8243; _builder_version=&#8221;4.16&#8243; custom_padding=&#8221;|||&#8221; global_colors_info=&#8221;{}&#8221; custom_padding__hover=&#8221;|||&#8221;][et_pb_post_title meta=&#8221;off&#8221; featured_image=&#8221;off&#8221; admin_label=&#8221;T\u00edtulo de publicaci\u00f3n&#8221; _builder_version=&#8221;4.17.4&#8243; title_all_caps=&#8221;off&#8221; background_color=&#8221;rgba(255,255,255,0)&#8221; parallax=&#8221;on&#8221; text_orientation=&#8221;center&#8221; parallax_effect=&#8221;on&#8221; module_bg_color=&#8221;rgba(255,255,255,0)&#8221; use_border_color=&#8221;off&#8221; border_color=&#8221;#ffffff&#8221; border_style=&#8221;solid&#8221; global_colors_info=&#8221;{}&#8221;][\/et_pb_post_title][et_pb_text admin_label=&#8221;Texto&#8221; _builder_version=&#8221;4.17.4&#8243; background_size=&#8221;initial&#8221; background_position=&#8221;top_left&#8221; background_repeat=&#8221;repeat&#8221; vertical_offset_tablet=&#8221;0&#8243; horizontal_offset_tablet=&#8221;0&#8243; hover_enabled=&#8221;0&#8243; z_index_tablet=&#8221;0&#8243; text_text_shadow_horizontal_length_tablet=&#8221;0px&#8221; text_text_shadow_vertical_length_tablet=&#8221;0px&#8221; text_text_shadow_blur_strength_tablet=&#8221;1px&#8221; link_text_shadow_horizontal_length_tablet=&#8221;0px&#8221; link_text_shadow_vertical_length_tablet=&#8221;0px&#8221; link_text_shadow_blur_strength_tablet=&#8221;1px&#8221; ul_text_shadow_horizontal_length_tablet=&#8221;0px&#8221; ul_text_shadow_vertical_length_tablet=&#8221;0px&#8221; ul_text_shadow_blur_strength_tablet=&#8221;1px&#8221; ol_text_shadow_horizontal_length_tablet=&#8221;0px&#8221; ol_text_shadow_vertical_length_tablet=&#8221;0px&#8221; ol_text_shadow_blur_strength_tablet=&#8221;1px&#8221; quote_text_shadow_horizontal_length_tablet=&#8221;0px&#8221; quote_text_shadow_vertical_length_tablet=&#8221;0px&#8221; quote_text_shadow_blur_strength_tablet=&#8221;1px&#8221; header_text_shadow_horizontal_length_tablet=&#8221;0px&#8221; header_text_shadow_vertical_length_tablet=&#8221;0px&#8221; header_text_shadow_blur_strength_tablet=&#8221;1px&#8221; header_2_text_shadow_horizontal_length_tablet=&#8221;0px&#8221; header_2_text_shadow_vertical_length_tablet=&#8221;0px&#8221; header_2_text_shadow_blur_strength_tablet=&#8221;1px&#8221; header_3_text_shadow_horizontal_length_tablet=&#8221;0px&#8221; header_3_text_shadow_vertical_length_tablet=&#8221;0px&#8221; header_3_text_shadow_blur_strength_tablet=&#8221;1px&#8221; header_4_text_shadow_horizontal_length_tablet=&#8221;0px&#8221; header_4_text_shadow_vertical_length_tablet=&#8221;0px&#8221; header_4_text_shadow_blur_strength_tablet=&#8221;1px&#8221; header_5_text_shadow_horizontal_length_tablet=&#8221;0px&#8221; header_5_text_shadow_vertical_length_tablet=&#8221;0px&#8221; header_5_text_shadow_blur_strength_tablet=&#8221;1px&#8221; header_6_text_shadow_horizontal_length_tablet=&#8221;0px&#8221; header_6_text_shadow_vertical_length_tablet=&#8221;0px&#8221; header_6_text_shadow_blur_strength_tablet=&#8221;1px&#8221; box_shadow_horizontal_tablet=&#8221;0px&#8221; box_shadow_vertical_tablet=&#8221;0px&#8221; box_shadow_blur_tablet=&#8221;40px&#8221; box_shadow_spread_tablet=&#8221;0px&#8221; use_border_color=&#8221;off&#8221; global_colors_info=&#8221;{}&#8221; sticky_enabled=&#8221;0&#8243;]<\/p>\n<table border=\"1\" cellspacing=\"0\" cellpadding=\"0\">\n<tbody>\n<tr style=\"background: #405920\">\n<td colspan=\"2\" valign=\"top\" width=\"642\">\n<p align=\"center\"> <span style=\"color: #000000\"><strong> <\/strong><\/span><span style=\"color: #ffffff\"><strong>XV Aniversario del M\u00e1ster Universitario en Gesti\u00f3n de Recursos Humanos, Trabajo y Organizaciones<\/strong><\/span><\/p>\n<\/td>\n<\/tr>\n<tr>\n<td valign=\"top\" width=\"208\"><span style=\"color: #000000\">Ciudad de celebraci\u00f3n<\/span><\/td>\n<td valign=\"top\" width=\"434\"><span style=\"color: #000000\">Elche<\/span><\/td>\n<\/tr>\n<tr>\n<td valign=\"top\" width=\"208\"><span style=\"color: #000000\">N\u00ba de asistentes<\/span><\/td>\n<td valign=\"top\" width=\"434\"><span style=\"color: #000000\">100 <\/span><\/td>\n<\/tr>\n<tr>\n<td valign=\"top\" width=\"208\"><span style=\"color: #000000\">Fecha de inicio-fin<\/span><\/td>\n<td valign=\"top\" width=\"434\"><span style=\"color: #000000\">11\/05\/2023<\/span><\/td>\n<\/tr>\n<tr>\n<td valign=\"top\" width=\"208\"><span style=\"color: #000000\">\u00c1mbito geogr\u00e1fico<\/span><\/td>\n<td valign=\"top\" width=\"434\"><span style=\"color: #000000\">Nacional<\/span><\/td>\n<\/tr>\n<\/tbody>\n<\/table>\n<table border=\"1\" cellspacing=\"0\" cellpadding=\"0\">\n<tbody>\n<tr style=\"background: #405920\">\n<td colspan=\"2\" valign=\"top\" width=\"642\">\n<p align=\"center\"> <span style=\"color: #000000\"><strong> <\/strong><\/span><span style=\"color: #ffffff\"><strong>V Jornadas de Trabajo, Recursos Humanos y Salud. Abordaje Pr\u00e1ctico de la Prevenci\u00f3n de Riesgos Laborales<\/strong><\/span><\/p>\n<\/td>\n<\/tr>\n<tr>\n<td valign=\"top\" width=\"208\"><span style=\"color: #000000\">Ciudad de celebraci\u00f3n<\/span><\/td>\n<td valign=\"top\" width=\"434\"><span style=\"color: #000000\">Elche<\/span><\/td>\n<\/tr>\n<tr>\n<td valign=\"top\" width=\"208\"><span style=\"color: #000000\">N\u00ba de asistentes<\/span><\/td>\n<td valign=\"top\" width=\"434\"><span style=\"color: #000000\">100 <\/span><\/td>\n<\/tr>\n<tr>\n<td valign=\"top\" width=\"208\"><span style=\"color: #000000\">Fecha de inicio-fin<\/span><\/td>\n<td valign=\"top\" width=\"434\"><span style=\"color: #000000\">23\/03\/2023 &#8211; 30\/03\/2023<\/span><\/td>\n<\/tr>\n<tr>\n<td valign=\"top\" width=\"208\"><span style=\"color: #000000\">\u00c1mbito geogr\u00e1fico<\/span><\/td>\n<td valign=\"top\" width=\"434\"><span style=\"color: #000000\">Nacional<\/span><\/td>\n<\/tr>\n<\/tbody>\n<\/table>\n<table border=\"1\" cellspacing=\"0\" cellpadding=\"0\">\n<tbody>\n<tr style=\"background: #405920\">\n<td colspan=\"2\" valign=\"top\" width=\"642\">\n<p align=\"center\"> <span style=\"color: #000000\"><strong> <\/strong><\/span><span style=\"color: #ffffff\"><strong>II Jornadas de Retorno al Trabajo efectivo y Saludable tras Baja por Incapacidad Temporal<\/strong><\/span><\/p>\n<\/td>\n<\/tr>\n<tr>\n<td valign=\"top\" width=\"208\"><span style=\"color: #000000\">Ciudad de celebraci\u00f3n<\/span><\/td>\n<td valign=\"top\" width=\"434\"><span style=\"color: #000000\">Elche<\/span><\/td>\n<\/tr>\n<tr>\n<td valign=\"top\" width=\"208\"><span style=\"color: #000000\">N\u00ba de asistentes<\/span><\/td>\n<td valign=\"top\" width=\"434\"><span style=\"color: #000000\">200 <\/span><\/td>\n<\/tr>\n<tr>\n<td valign=\"top\" width=\"208\"><span style=\"color: #000000\">Fecha de inicio-fin<\/span><\/td>\n<td valign=\"top\" width=\"434\"><span style=\"color: #000000\">28\/11\/2022 &#8211; 28\/11\/2022<\/span><\/td>\n<\/tr>\n<tr>\n<td valign=\"top\" width=\"208\"><span style=\"color: #000000\">\u00c1mbito geogr\u00e1fico<\/span><\/td>\n<td valign=\"top\" width=\"434\"><span style=\"color: #000000\">Nacional<\/span><\/td>\n<\/tr>\n<\/tbody>\n<\/table>\n<table border=\"1\" cellspacing=\"0\" cellpadding=\"0\">\n<tbody>\n<tr style=\"background: #405920\">\n<td colspan=\"2\" valign=\"top\" width=\"642\">\n<p align=\"center\"> <span style=\"color: #000000\"><strong> <\/strong><\/span><span style=\"color: #ffffff\"><strong>I Jornadas de Transformaci\u00f3n Digital de las Organizaciones en el \u00e1mbito de la Salud Ocupacional<\/strong><\/span><\/p>\n<\/td>\n<\/tr>\n<tr>\n<td valign=\"top\" width=\"208\"><span style=\"color: #000000\">Ciudad de celebraci\u00f3n<\/span><\/td>\n<td valign=\"top\" width=\"434\"><span style=\"color: #000000\">Relleu<\/span><\/td>\n<\/tr>\n<tr>\n<td valign=\"top\" width=\"208\"><span style=\"color: #000000\">N\u00ba de asistentes<\/span><\/td>\n<td valign=\"top\" width=\"434\"><span style=\"color: #000000\">100 <\/span><\/td>\n<\/tr>\n<tr>\n<td valign=\"top\" width=\"208\"><span style=\"color: #000000\">Fecha de inicio-fin<\/span><\/td>\n<td valign=\"top\" width=\"434\"><span style=\"color: #000000\">20\/10\/2022 &#8211; 20\/10\/2022<\/span><\/td>\n<\/tr>\n<tr>\n<td valign=\"top\" width=\"208\"><span style=\"color: #000000\">\u00c1mbito geogr\u00e1fico<\/span><\/td>\n<td valign=\"top\" width=\"434\"><span style=\"color: #000000\">Auton\u00f3mico<\/span><\/td>\n<\/tr>\n<\/tbody>\n<\/table>\n<table border=\"1\" cellspacing=\"0\" cellpadding=\"0\">\n<tbody>\n<tr style=\"background: #405920\">\n<td colspan=\"2\" valign=\"top\" width=\"642\">\n<p align=\"center\"><span style=\"color: #ffffff\"><strong>IV Jornadas de Trabajo, Organizaciones y Recursos Humanos. Aspectos pr\u00e1cticos de la prevenci\u00f3n de riesgos laborales en la gesti\u00f3n de la empresa<\/strong><\/span><\/p>\n<\/td>\n<\/tr>\n<tr>\n<td valign=\"top\" width=\"208\"><span style=\"color: #000000\">Ciudad de celebraci\u00f3n<\/span><\/td>\n<td valign=\"top\" width=\"434\"><span style=\"color: #000000\">Elche<\/span><\/td>\n<\/tr>\n<tr>\n<td valign=\"top\" width=\"208\"><span style=\"color: #000000\">N\u00ba de asistentes<\/span><\/td>\n<td valign=\"top\" width=\"434\"><span style=\"color: #000000\">85<\/span><\/td>\n<\/tr>\n<tr>\n<td valign=\"top\" width=\"208\"><span style=\"color: #000000\">Fecha de inicio-fin<\/span><\/td>\n<td valign=\"top\" width=\"434\"><span style=\"color: #000000\">28\/03\/2022 &#8211; 06\/04\/2022<\/span><\/td>\n<\/tr>\n<tr>\n<td valign=\"top\" width=\"208\"><span style=\"color: #000000\">\u00c1mbito geogr\u00e1fico<\/span><\/td>\n<td valign=\"top\" width=\"434\"><span style=\"color: #000000\">Internacional no UE<\/span><\/td>\n<\/tr>\n<tr>\n<td valign=\"top\" width=\"208\"><span style=\"color: #000000\">P\u00e1gina web para m\u00e1s informaci\u00f3n<\/span><\/td>\n<td valign=\"top\" width=\"434\"><a href=\"https:\/\/salud-o.umh.es\/files\/2022\/09\/Cartel-IV-Jornadas-de-Trabajo-RR.HH-y-Salud.pdf\" target=\"_blank\" rel=\"noopener\">https:\/\/salud-o.umh.es\/files\/2022\/09\/Cartel-IV-Jornadas-de-Trabajo-RR.HH-y-Salud.pdf<\/a><\/td>\n<\/tr>\n<\/tbody>\n<\/table>\n<table border=\"1\" cellspacing=\"0\" cellpadding=\"0\">\n<tbody>\n<tr style=\"background: #405920\">\n<td colspan=\"2\" valign=\"top\" width=\"642\">\n<p align=\"center\"><span style=\"color: #ffffff\"><strong>Jornada de retorno efectivo y saludable tras una baja por incapacidad temporal<\/strong><\/span><\/p>\n<\/td>\n<\/tr>\n<tr>\n<td valign=\"top\" width=\"208\"><span style=\"color: #000000\">Ciudad de celebraci\u00f3n<\/span><\/td>\n<td valign=\"top\" width=\"434\"><span style=\"color: #000000\">Elche<\/span><\/td>\n<\/tr>\n<tr>\n<td valign=\"top\" width=\"208\"><span style=\"color: #000000\">N\u00ba de asistentes<\/span><\/td>\n<td valign=\"top\" width=\"434\"><span style=\"color: #000000\">130<\/span><\/td>\n<\/tr>\n<tr>\n<td valign=\"top\" width=\"208\"><span style=\"color: #000000\">Fecha de inicio-fin<\/span><\/td>\n<td valign=\"top\" width=\"434\"><span style=\"color: #000000\">23\/11\/2021<\/span><\/td>\n<\/tr>\n<tr>\n<td valign=\"top\" width=\"208\"><span style=\"color: #000000\">\u00c1mbito geogr\u00e1fico<\/span><\/td>\n<td valign=\"top\" width=\"434\"><span style=\"color: #000000\">Nacional<\/span><\/td>\n<\/tr>\n<tr>\n<td valign=\"top\" width=\"208\"><span style=\"color: #000000\">P\u00e1gina web para m\u00e1s informaci\u00f3n<\/span><\/td>\n<td valign=\"top\" width=\"434\"><a href=\"https:\/\/catedratrabajorecursoshumanosysalud.umh.es\/jornada-de-retorno-al-trabajo-efectivo-y-saludable-tras-baja-por-incapacidad-temporal\/\" target=\"_blank\" rel=\"noopener\">https:\/\/catedratrabajorecursoshumanosysalud.umh.es\/jornada-de-retorno-al-trabajo-efectivo-y-saludable-tras-baja-por-incapacidad-temporal\/<\/a><\/td>\n<\/tr>\n<\/tbody>\n<\/table>\n<table border=\"1\" cellspacing=\"0\" cellpadding=\"0\">\n<tbody>\n<tr style=\"background: #405920\">\n<td colspan=\"2\" valign=\"top\" width=\"642\">\n<p align=\"center\"><span style=\"color: #ffffff\"><strong>III Jornadas de Trabajo, Organizaciones y Recursos Humanos. Internacionalizaci\u00f3n: qu\u00e9 hacemos en Psicolog\u00eda del Trabajo, las Organizaciones y los RR.HH.<\/strong><\/span><\/p>\n<\/td>\n<\/tr>\n<tr>\n<td valign=\"top\" width=\"208\"><span style=\"color: #000000\">Ciudad de celebraci\u00f3n<\/span><\/td>\n<td valign=\"top\" width=\"434\"><span style=\"color: #000000\">Elche<\/span><\/td>\n<\/tr>\n<tr>\n<td valign=\"top\" width=\"208\"><span style=\"color: #000000\">N\u00ba de asistentes<\/span><\/td>\n<td valign=\"top\" width=\"434\"><span style=\"color: #000000\">150<\/span><\/td>\n<\/tr>\n<tr>\n<td valign=\"top\" width=\"208\"><span style=\"color: #000000\">Fecha de inicio-fin<\/span><\/td>\n<td valign=\"top\" width=\"434\"><span style=\"color: #000000\">01\/10\/2021 &#8211; 01\/11\/2021<\/span><\/td>\n<\/tr>\n<tr>\n<td valign=\"top\" width=\"208\"><span style=\"color: #000000\">\u00c1mbito geogr\u00e1fico<\/span><\/td>\n<td valign=\"top\" width=\"434\"><span style=\"color: #000000\">Internacional no UE<\/span><\/td>\n<\/tr>\n<tr>\n<td valign=\"top\" width=\"208\"><span style=\"color: #000000\">P\u00e1gina web para m\u00e1s informaci\u00f3n<\/span><\/td>\n<td valign=\"top\" width=\"434\"><a href=\"https:\/\/catedratrabajorecursoshumanosysalud.umh.es\/jornada-de-retorno-al-trabajo-efectivo-y-saludable-tras-baja-por-incapacidad-temporal\/\" target=\"_blank\" rel=\"noopener\">https:\/\/catedratrabajorecursoshumanosysalud.umh.es\/iii-jornadas-trabajo-recursos-humanos-salud\/<\/a><\/td>\n<\/tr>\n<\/tbody>\n<\/table>\n<table border=\"1\" cellspacing=\"0\" cellpadding=\"0\">\n<tbody>\n<tr style=\"background: #405920\">\n<td colspan=\"2\" valign=\"top\" width=\"642\">\n<p align=\"center\"><span style=\"color: #ffffff\"><strong>II Jornadas de Trabajo, Organizaciones y Recursos Humanos. Internacionalizaci\u00f3n: qu\u00e9 hacemos en Psicolog\u00eda del Trabajo, las Organizaciones y los RR.HH.<\/strong><\/span><\/p>\n<\/td>\n<\/tr>\n<tr>\n<td valign=\"top\" width=\"208\"><span style=\"color: #000000\">Ciudad de celebraci\u00f3n<\/span><\/td>\n<td valign=\"top\" width=\"434\"><span style=\"color: #000000\">Elche<\/span><\/td>\n<\/tr>\n<tr>\n<td valign=\"top\" width=\"208\"><span style=\"color: #000000\">N\u00ba de asistentes<\/span><\/td>\n<td valign=\"top\" width=\"434\"><span style=\"color: #000000\">150<\/span><\/td>\n<\/tr>\n<tr>\n<td valign=\"top\" width=\"208\"><span style=\"color: #000000\">Fecha de inicio-fin<\/span><\/td>\n<td valign=\"top\" width=\"434\"><span style=\"color: #000000\">09\/03\/2021 &#8211; 18\/05\/2021<\/span><\/td>\n<\/tr>\n<tr>\n<td valign=\"top\" width=\"208\"><span style=\"color: #000000\">\u00c1mbito geogr\u00e1fico<\/span><\/td>\n<td valign=\"top\" width=\"434\"><span style=\"color: #000000\">Internacional no UE<\/span><\/td>\n<\/tr>\n<tr>\n<td valign=\"top\" width=\"208\"><span style=\"color: #000000\">P\u00e1gina web para m\u00e1s informaci\u00f3n<\/span><\/td>\n<td valign=\"top\" width=\"434\"><a href=\"https:\/\/master-rrhh-umh.es\/formacion-complementaria\/ii-jornadas-trabajo-recursos-humanos-salud\/\" target=\"_blank\" rel=\"noopener\">https:\/\/master-rrhh-umh.es\/formacion-complementaria\/ii-jornadas-trabajo-recursos-humanos-salud\/<\/a><\/td>\n<\/tr>\n<\/tbody>\n<\/table>\n<table border=\"1\" cellspacing=\"0\" cellpadding=\"0\">\n<tbody>\n<tr style=\"background: #405920\">\n<td colspan=\"2\" valign=\"top\" width=\"642\">\n<p align=\"center\"><span style=\"color: #ffffff\"><strong>I Jornadas de Trabajo, Organizaciones y Recursos Humanos. La prevenci\u00f3n de riesgos laborales en la gesti\u00f3n de la empresa<\/strong><\/span><\/p>\n<\/td>\n<\/tr>\n<tr>\n<td valign=\"top\" width=\"208\"><span style=\"color: #000000\">Ciudad de celebraci\u00f3n<\/span><\/td>\n<td valign=\"top\" width=\"434\"><span style=\"color: #000000\">Elche<\/span><\/td>\n<\/tr>\n<tr>\n<td valign=\"top\" width=\"208\"><span style=\"color: #000000\">N\u00ba de asistentes<\/span><\/td>\n<td valign=\"top\" width=\"434\"><span style=\"color: #000000\">100<\/span><\/td>\n<\/tr>\n<tr>\n<td valign=\"top\" width=\"208\"><span style=\"color: #000000\">Fecha de inicio-fin<\/span><\/td>\n<td valign=\"top\" width=\"434\"><span style=\"color: #000000\">23\/02\/2021 &#8211; 22\/04\/2021<\/span><\/td>\n<\/tr>\n<tr>\n<td valign=\"top\" width=\"208\"><span style=\"color: #000000\">\u00c1mbito geogr\u00e1fico<\/span><\/td>\n<td valign=\"top\" width=\"434\"><span style=\"color: #000000\">Internacional no UE<\/span><\/td>\n<\/tr>\n<tr>\n<td valign=\"top\" width=\"208\"><span style=\"color: #000000\">P\u00e1gina web para m\u00e1s informaci\u00f3n<\/span><\/td>\n<td valign=\"top\" width=\"434\"><a href=\"https:\/\/master-rrhh-umh.es\/formacion-complementaria\/i-jornadas-trabajo-recursos-humanos-salud\/\" target=\"_blank\" rel=\"noopener\">https:\/\/master-rrhh-umh.es\/formacion-complementaria\/i-jornadas-trabajo-recursos-humanos-salud\/<\/a><\/td>\n<\/tr>\n<\/tbody>\n<\/table>\n<table border=\"1\" cellspacing=\"0\" cellpadding=\"0\">\n<tbody>\n<tr style=\"background: #405920\">\n<td colspan=\"2\" valign=\"top\" width=\"642\">\n<p align=\"center\"><span style=\"color: #ffffff\"><strong>VIII Congreso Internacional de Intervenci\u00f3n e Investigaci\u00f3n en Recursos Humanos: salud ocupacional, tecnolog\u00eda y gesti\u00f3n del talento<\/strong><\/span><\/p>\n<\/td>\n<\/tr>\n<tr>\n<td valign=\"top\" width=\"208\"><span style=\"color: #000000\">Ciudad de celebraci\u00f3n<\/span><\/td>\n<td valign=\"top\" width=\"434\"><span style=\"color: #000000\">Elche<\/span><\/td>\n<\/tr>\n<tr>\n<td valign=\"top\" width=\"208\"><span style=\"color: #000000\">N\u00ba de asistentes<\/span><\/td>\n<td valign=\"top\" width=\"434\"><span style=\"color: #000000\">150<\/span><\/td>\n<\/tr>\n<tr>\n<td valign=\"top\" width=\"208\"><span style=\"color: #000000\">Fecha de inicio-fin<\/span><\/td>\n<td valign=\"top\" width=\"434\"><span style=\"color: #000000\">17\/04\/2018 &#8211; 18\/04\/2018<\/span><\/td>\n<\/tr>\n<tr>\n<td valign=\"top\" width=\"208\"><span style=\"color: #000000\">\u00c1mbito geogr\u00e1fico<\/span><\/td>\n<td valign=\"top\" width=\"434\"><span style=\"color: #000000\">Internacional no UE<\/span><\/td>\n<\/tr>\n<tr>\n<td valign=\"top\" width=\"208\"><span style=\"color: #000000\">P\u00e1gina web para m\u00e1s informaci\u00f3n<\/span><\/td>\n<td valign=\"top\" width=\"434\"><a href=\"https:\/\/es.linkedin.com\/pulse\/viii-congreso-internacional-de-investigaci%C3%B3n-e-en-solanes-puchol\" target=\"_blank\" rel=\"noopener\">https:\/\/es.linkedin.com\/pulse\/viii-congreso-internacional-de-investigaci%C3%B3n-e-en-solanes-puchol<\/a><\/td>\n<\/tr>\n<\/tbody>\n<\/table>\n<table border=\"1\" cellspacing=\"0\" cellpadding=\"0\">\n<tbody>\n<tr style=\"background: #405920\">\n<td colspan=\"2\" valign=\"top\" width=\"642\">\n<p align=\"center\"><span style=\"color: #ffffff\"><strong>II Jornadas de Ergonom\u00eda y Psicosociolog\u00eda de la Prevenci\u00f3n de Riesgos Laborales. Gesti\u00f3n de la prevenci\u00f3n de riesgos laborales y estrategias psicosciales de intervenci\u00f3n: La salud ocupacional en las organizaciones<\/strong><\/span><\/p>\n<\/td>\n<\/tr>\n<tr>\n<td valign=\"top\" width=\"208\"><span style=\"color: #000000\">Ciudad de celebraci\u00f3n<\/span><\/td>\n<td valign=\"top\" width=\"434\"><span style=\"color: #000000\">Elche<\/span><\/td>\n<\/tr>\n<tr>\n<td valign=\"top\" width=\"208\"><span style=\"color: #000000\">N\u00ba de asistentes<\/span><\/td>\n<td valign=\"top\" width=\"434\"><span style=\"color: #000000\">67<\/span><\/td>\n<\/tr>\n<tr>\n<td valign=\"top\" width=\"208\"><span style=\"color: #000000\">Fecha de inicio-fin<\/span><\/td>\n<td valign=\"top\" width=\"434\"><span style=\"color: #000000\">11\/04\/2008<\/span><\/td>\n<\/tr>\n<tr>\n<td valign=\"top\" width=\"208\"><span style=\"color: #000000\">\u00c1mbito geogr\u00e1fico<\/span><\/td>\n<td valign=\"top\" width=\"434\"><span style=\"color: #000000\">Auton\u00f3mica<\/span><\/td>\n<\/tr>\n<\/tbody>\n<\/table>\n<table border=\"1\" cellspacing=\"0\" cellpadding=\"0\">\n<tbody>\n<tr style=\"background: #405920\">\n<td colspan=\"2\" valign=\"top\" width=\"642\">\n<p align=\"center\"><span style=\"color: #ffffff\"><strong>I Jornadas de Ergonom\u00eda y Psicosociolog\u00eda de la Prevenci\u00f3n de Riesgos Laborales. Accidentes laborales de tr\u00e1fico y casos aplicados de ergonom\u00eda y psicosociolog\u00eda aplicada<\/strong><\/span><\/p>\n<\/td>\n<\/tr>\n<tr>\n<td valign=\"top\" width=\"208\"><span style=\"color: #000000\">Ciudad de celebraci\u00f3n<\/span><\/td>\n<td valign=\"top\" width=\"434\"><span style=\"color: #000000\">Elche<\/span><\/td>\n<\/tr>\n<tr>\n<td valign=\"top\" width=\"208\"><span style=\"color: #000000\">N\u00ba de asistentes<\/span><\/td>\n<td valign=\"top\" width=\"434\"><span style=\"color: #000000\">58<\/span><\/td>\n<\/tr>\n<tr>\n<td valign=\"top\" width=\"208\"><span style=\"color: #000000\">Fecha de inicio-fin<\/span><\/td>\n<td valign=\"top\" width=\"434\"><span style=\"color: #000000\">11\/01\/2007<\/span><\/td>\n<\/tr>\n<tr>\n<td valign=\"top\" width=\"208\"><span style=\"color: #000000\">\u00c1mbito geogr\u00e1fico<\/span><\/td>\n<td valign=\"top\" width=\"434\"><span style=\"color: #000000\">Auton\u00f3mica<\/span><\/td>\n<\/tr>\n<\/tbody>\n<\/table>\n<table border=\"1\" cellspacing=\"0\" cellpadding=\"0\">\n<tbody>\n<tr style=\"background: #405920\">\n<td colspan=\"2\" valign=\"top\" width=\"642\">\n<p align=\"center\"><span style=\"color: #ffffff\"><strong>II Congreso Nacional de Estudiantes de Psicolog\u00eda<\/strong><\/span><\/p>\n<\/td>\n<\/tr>\n<tr>\n<td valign=\"top\" width=\"208\"><span style=\"color: #000000\">Ciudad de celebraci\u00f3n<\/span><\/td>\n<td valign=\"top\" width=\"434\"><span style=\"color: #000000\">Elche<\/span><\/td>\n<\/tr>\n<tr>\n<td valign=\"top\" width=\"208\"><span style=\"color: #000000\">N\u00ba de asistentes<\/span><\/td>\n<td valign=\"top\" width=\"434\"><span style=\"color: #000000\">430<\/span><\/td>\n<\/tr>\n<tr>\n<td valign=\"top\" width=\"208\"><span style=\"color: #000000\">Fecha de inicio-fin<\/span><\/td>\n<td valign=\"top\" width=\"434\"><span style=\"color: #000000\">17\/11\/2004 \u2013 19\/11\/2004<\/span><\/td>\n<\/tr>\n<tr>\n<td valign=\"top\" width=\"208\"><span style=\"color: #000000\">\u00c1mbito geogr\u00e1fico<\/span><\/td>\n<td valign=\"top\" width=\"434\"><span style=\"color: #000000\">Nacional<\/span><\/td>\n<\/tr>\n<\/tbody>\n<\/table>\n<p>[\/et_pb_text][\/et_pb_column][\/et_pb_row][\/et_pb_section]<\/p>\n","protected":false},"excerpt":{"rendered":"<p>XV Aniversario del M\u00e1ster Universitario en Gesti\u00f3n de Recursos Humanos, Trabajo y Organizaciones Ciudad de celebraci\u00f3n Elche N\u00ba de asistentes 100 Fecha de inicio-fin 11\/05\/2023 \u00c1mbito geogr\u00e1fico Nacional V Jornadas de Trabajo, Recursos Humanos y Salud. Abordaje Pr\u00e1ctico de la Prevenci\u00f3n de Riesgos Laborales Ciudad de celebraci\u00f3n Elche N\u00ba de asistentes 100 Fecha de inicio-fin [&hellip;]<\/p>\n","protected":false},"author":4484,"featured_media":0,"parent":0,"menu_order":0,"comment_status":"closed","ping_status":"closed","template":"","meta":{"_et_pb_use_builder":"on","_et_pb_old_content":"","_et_gb_content_width":"","_links_to":"","_links_to_target":""},"_links":{"self":[{"href":"https:\/\/salud-o.umh.es\/ca\/wp-json\/wp\/v2\/pages\/3052"}],"collection":[{"href":"https:\/\/salud-o.umh.es\/ca\/wp-json\/wp\/v2\/pages"}],"about":[{"href":"https:\/\/salud-o.umh.es\/ca\/wp-json\/wp\/v2\/types\/page"}],"author":[{"embeddable":true,"href":"https:\/\/salud-o.umh.es\/ca\/wp-json\/wp\/v2\/users\/4484"}],"replies":[{"embeddable":true,"href":"https:\/\/salud-o.umh.es\/ca\/wp-json\/wp\/v2\/comments?post=3052"}],"version-history":[{"count":0,"href":"https:\/\/salud-o.umh.es\/ca\/wp-json\/wp\/v2\/pages\/3052\/revisions"}],"wp:attachment":[{"href":"https:\/\/salud-o.umh.es\/ca\/wp-json\/wp\/v2\/media?parent=3052"}],"curies":[{"name":"wp","href":"https:\/\/api.w.org\/{rel}","templated":true}]}}