{"id":1888,"date":"2021-07-29T11:09:01","date_gmt":"2021-07-29T11:09:01","guid":{"rendered":"https:\/\/salud-o.umh.es\/?page_id=1888"},"modified":"2021-09-29T11:27:20","modified_gmt":"2021-09-29T11:27:20","slug":"publicaciones-de-desastres","status":"publish","type":"page","link":"https:\/\/salud-o.umh.es\/es\/publicaciones-de-desastres\/","title":{"rendered":"Publicaciones de Intervenci\u00f3n en cat\u00e1strofes: DANA o desastres naturales"},"content":{"rendered":"<p>[et_pb_section admin_label=\u00bbsection\u00bb fb_built=\u00bb1&#8243; _builder_version=\u00bb3.10.1&#8243; use_background_color_gradient=\u00bbon\u00bb background_image=\u00bbhttp:\/\/salud-o.umh.es\/files\/2018\/07\/saludo.png\u00bb transparent_background=\u00bboff\u00bb allow_player_pause=\u00bboff\u00bb inner_shadow=\u00bboff\u00bb parallax=\u00bboff\u00bb parallax_method=\u00bboff\u00bb padding_mobile=\u00bboff\u00bb make_fullwidth=\u00bboff\u00bb use_custom_width=\u00bboff\u00bb width_unit=\u00bbon\u00bb make_equal=\u00bboff\u00bb use_custom_gutter=\u00bboff\u00bb][et_pb_row admin_label=\u00bbFila\u00bb][et_pb_column type=\u00bb4_4&#8243;][\/et_pb_column][\/et_pb_row][\/et_pb_section][et_pb_section admin_label=\u00bbsection\u00bb][et_pb_row admin_label=\u00bbrow\u00bb][et_pb_column type=\u00bb4_4&#8243;][et_pb_divider admin_label=\u00bbSeparador\u00bb color=\u00bb#000000&#8243; show_divider=\u00bbon\u00bb height=\u00bb2&#8243; divider_style=\u00bbsolid\u00bb divider_position=\u00bbtop\u00bb hide_on_mobile=\u00bbon\u00bb]<\/p>\n<p>&nbsp;<\/p>\n<p>[\/et_pb_divider][\/et_pb_column][\/et_pb_row][et_pb_row admin_label=\u00bbrow\u00bb][et_pb_column type=\u00bb4_4&#8243;][et_pb_post_title admin_label=\u00bbT\u00edtulo de publicaci\u00f3n\u00bb title=\u00bbon\u00bb meta=\u00bboff\u00bb author=\u00bbon\u00bb date=\u00bbon\u00bb categories=\u00bbon\u00bb comments=\u00bbon\u00bb featured_image=\u00bboff\u00bb featured_placement=\u00bbbelow\u00bb parallax_effect=\u00bbon\u00bb parallax_method=\u00bbon\u00bb text_orientation=\u00bbcenter\u00bb text_color=\u00bbdark\u00bb text_background=\u00bboff\u00bb text_bg_color=\u00bbrgba(255,255,255,0.9)\u00bb module_bg_color=\u00bbrgba(255,255,255,0)\u00bb title_all_caps=\u00bboff\u00bb use_border_color=\u00bboff\u00bb border_color=\u00bb#ffffff\u00bb border_style=\u00bbsolid\u00bb custom_margin=\u00bb||-25px|\u00bb]<\/p>\n<p>&nbsp;<\/p>\n<p>[\/et_pb_post_title][\/et_pb_column][\/et_pb_row][et_pb_row admin_label=\u00bbrow\u00bb make_fullwidth=\u00bboff\u00bb use_custom_width=\u00bboff\u00bb width_unit=\u00bbon\u00bb use_custom_gutter=\u00bboff\u00bb padding_mobile=\u00bboff\u00bb allow_player_pause=\u00bboff\u00bb parallax=\u00bbon\u00bb parallax_method=\u00bbon\u00bb make_equal=\u00bboff\u00bb parallax_1=\u00bboff\u00bb parallax_method_1=\u00bboff\u00bb parallax_2=\u00bboff\u00bb parallax_method_2=\u00bboff\u00bb column_padding_mobile=\u00bbon\u00bb][et_pb_column type=\u00bb1_4&#8243;][et_pb_text admin_label=\u00bbTexto\u00bb background_layout=\u00bblight\u00bb text_orientation=\u00bbleft\u00bb use_border_color=\u00bboff\u00bb border_color=\u00bb#ffffff\u00bb border_style=\u00bbsolid\u00bb custom_css_main_element=\u00bbposition: sticky;|| top: 0px;|| z-index: 9999;\u00bb disabled=\u00bboff\u00bb disabled_on=\u00bboff|off|\u00bb]<\/p>\n<h4><span style=\"color: #0000ff;\"><strong>Publicaciones por tem\u00e1ticas<\/strong><\/span><\/h4>\n<h6><a title=\"Publicaciones de Cienciometr\u00eda\" href=\"https:\/\/salud-o.umh.es\/1870-2\/\"><span style=\"color: #0000ff;\"><strong>Cienciometr\u00eda<\/strong><\/span><\/a><\/h6>\n<ul>\n<li><a title=\"Publicaciones de Cienciometr\u00eda\" href=\"https:\/\/salud-o.umh.es\/1870-2\/\">An\u00e1lisis bibliom\u00e9trico y mapeo de la ciencia<\/a><\/li>\n<\/ul>\n<h6><span style=\"color: #808080;\"><strong>Intervenci\u00f3n en cat\u00e1strofes<\/strong><\/span><\/h6>\n<ul>\n<li>DANA o desastres naturales<\/li>\n<\/ul>\n<h6><a title=\"Publicaciones de Psicolog\u00eda\" href=\"https:\/\/salud-o.umh.es\/publicaciones-de-psicologia\/\"><span style=\"color: #0000ff;\"><strong>Psicolog\u00eda<\/strong><\/span><\/a><\/h6>\n<ul>\n<li><a title=\"Publicaciones de Psicolog\u00eda de la Salud: Actividad F\u00edsica\" href=\"https:\/\/salud-o.umh.es\/publicaciones-de-psicologia-actividad-fisica\/\">Psicolog\u00eda del Deporte<\/a><\/li>\n<li><a title=\"Publicaciones de Psicolog\u00eda de la Salud: Drogas y Adicciones\" href=\"https:\/\/salud-o.umh.es\/publicaciones-de-psicologia-de-la-salud-drogas-y-adicciones\/\">Drogas y Adicciones<\/a><\/li>\n<li><a title=\"Publicaciones de Psicolog\u00eda del Tr\u00e1fico y Seguridad Vial\" href=\"https:\/\/salud-o.umh.es\/psicologia-del-trafico-y-seguridad-vial\/\">Psicolog\u00eda del Tr\u00e1fico y Seguridad Vial<\/a><\/li>\n<li><a title=\"Publicaciones de Voluntariado\" href=\"https:\/\/salud-o.umh.es\/publicaciones-de-voluntariado\/\">Voluntariado<\/a><\/li>\n<li><a title=\"Publicaciones de Psicolog\u00eda: Otras tem\u00e1ticas\" href=\"https:\/\/salud-o.umh.es\/publicaciones-de-psicologia-otras-tematicas\/\">Otras tem\u00e1ticas<\/a><\/li>\n<\/ul>\n<h6><a title=\"Publicaciones de Psicolog\u00eda del Trabajo y las Organizaciones\" href=\"https:\/\/salud-o.umh.es\/publicaciones-de-psicologia-del-trabajo-y-las-organizaciones\/\"><span style=\"color: #0000ff;\"><strong>Psicolog\u00eda del Trabajo y las Organizaciones<\/strong><\/span><\/a><\/h6>\n<ul>\n<li><a title=\"Publicaciones de Psicolog\u00eda del Trabajo y las Organizaciones: Competencias\" href=\"https:\/\/salud-o.umh.es\/publicaciones-de-psicologia-del-trabajo-y-las-organizaciones-competencias\/\">Competencias<\/a><\/li>\n<li><a title=\"Publicaciones de Psicolog\u00eda del Trabajo y las Organizaciones: Contrato Psicol\u00f3gico\" href=\"https:\/\/salud-o.umh.es\/publicaciones-de-psicologia-del-trabajo-y-las-organizaciones-contrato-psicologico\/\">Contrato Psicol\u00f3gico<\/a><\/li>\n<li><a title=\"Publicaciones de Psicolog\u00eda del Trabajo y las Organizaciones: Nuevas Tecnolog\u00edas\" href=\"https:\/\/salud-o.umh.es\/publicaciones-de-psicologia-del-trabajo-y-las-organizaciones-nuevas-tecnologias\/\">Nuevas Tecnolog\u00edas<\/a><\/li>\n<li><a title=\"Publicaciones de Psicolog\u00eda del Trabajo y las Organizaciones: Psicolog\u00eda del Trabajo, Organizaciones y Recursos Humanos\" href=\"https:\/\/salud-o.umh.es\/publicaciones-de-psicologia-del-trabajo-y-las-organizaciones-psicologia-del-trabajo-organizaciones-y-recursos-humanos\/\">Psicolog\u00eda del Trabajo, Organizaciones y Recursos Humanos<\/a><\/li>\n<\/ul>\n<h6><a title=\"Publicaciones de Salud Ocupacional\" href=\"https:\/\/salud-o.umh.es\/publicaciones-de-salud-ocupacional\/\"><span style=\"color: #0000ff;\"><strong>Salud Ocupacional<\/strong><\/span><\/a><\/h6>\n<ul>\n<li><a title=\"Publicaciones de Salud Ocupacional: Adaptaci\u00f3n y Valoraci\u00f3n de Puestos\" href=\"https:\/\/salud-o.umh.es\/publicaciones-de-salud-ocupacional-adaptacion-y-valoracion-de-puestos\/\">Adaptaci\u00f3n y valoraci\u00f3n de puestos<\/a><\/li>\n<li><a title=\"Publicaciones de Salud Ocupacional: Colectivos Profesionales\" href=\"https:\/\/salud-o.umh.es\/publicaciones-de-salud-ocupacional-colectivos-profesionales\/\">Riesgos Psicosociales en colectivos profesionales<\/a><\/li>\n<li><a title=\"Publicaciones de Salud Ocupacional: Ergonom\u00eda y Psicosociolog\u00eda de la Prevenci\u00f3n de Riesgos Laborales\" href=\"https:\/\/salud-o.umh.es\/publicaciones-de-salud-ocupacional-ergonomia-y-psicosociologia-de-la-prevencion-de-riesgos-laborales\/\">Ergonom\u00eda y Psicosociolog\u00eda de la Prevenci\u00f3n de Riesgos Laborales<\/a><\/li>\n<li><a title=\"Publicaciones de Salud Ocupacional: Sensibilidad Qu\u00edmica M\u00faltiple\" href=\"https:\/\/salud-o.umh.es\/publicaciones-de-salud-ocupacional-sensibilidad-quimica-multiple\/\">Sensibilidad Qu\u00edmica M\u00faltiple<\/a><\/li>\n<\/ul>\n<h6><a title=\"Todas las publicaciones\" href=\"https:\/\/salud-o.umh.es\/todas-las-publicaciones-2\/\"><span style=\"color: #0000ff;\"><strong>Volver a Todas las publicaciones<\/strong><\/span><\/a><\/h6>\n<p>[\/et_pb_text][\/et_pb_column][et_pb_column type=\u00bb3_4&#8243;][et_pb_text admin_label=\u00bbTexto\u00bb background_layout=\u00bblight\u00bb text_orientation=\u00bbleft\u00bb use_border_color=\u00bboff\u00bb border_color=\u00bb#ffffff\u00bb border_style=\u00bbsolid\u00bb]<\/p>\n<h4><span style=\"color: #0000ff;\"><strong>2021<\/strong><\/span><\/h4>\n<p>Solanes Puchol, A., Garc\u00eda Selva, A. y Requena Camacho, D. (2021). Crecimiento postraum\u00e1tico en poblaci\u00f3n afectada por una Depresi\u00f3n Aislada a Niveles Altos (DANA). En M\u00aa. M. Molero Jurado, A. Martos Mart\u00ednez, M\u00aa. M. Sim\u00f3n M\u00e1rquez, A. B. Barrag\u00e1n Mart\u00edn y M\u00aa. C. P\u00e9rez Fuentes (Comps.),\u00a0<em>Actualizaci\u00f3n en Salud para la mejora de la calidad de vida: un enfoque multidisciplinar\u00a0<\/em>(pp. 489-496). ASUNIVEP.\u00a0<a href=\"http:\/\/salud-o.umh.es\/files\/2021\/09\/Cap\u00edtulo-de-libro-texto312.pdf\" target=\"_blank\"><strong>PDF<\/strong><\/a><\/p>\n<p>Garc\u00eda Selva, A., Solanes Puchol, A. &amp; Mart\u00edn del R\u00edo, B. (2021).\u00a0Diferencias en el bienestar y capital psicol\u00f3gico de las personas afectadas por el DANA.\u00a0<em>Informaci\u00f3 Psicol\u00f2gica,\u00a0<\/em>(121), 14-28. https:\/\/dx.medra.org\/10.14635\/IPSIC.2021.121.7.\u00a0<a href=\"http:\/\/salud-o.umh.es\/files\/2021\/07\/Diferencias-en-el-bienestar-y-capital-psicol\u00f3gico-de-las-personas-afectadas-por-el-DANA.pdf\" target=\"_blank\"><strong>PDF<\/strong><\/a><\/p>\n<p>[\/et_pb_text][\/et_pb_column][\/et_pb_row][\/et_pb_section][et_pb_section admin_label=\u00bbsection\u00bb][et_pb_row admin_label=\u00bbrow\u00bb][\/et_pb_row][\/et_pb_section]<\/p>","protected":false},"excerpt":{"rendered":"<p>&nbsp; &nbsp; Publicaciones por tem\u00e1ticas Cienciometr\u00eda An\u00e1lisis bibliom\u00e9trico y mapeo de la ciencia Intervenci\u00f3n en cat\u00e1strofes DANA o desastres naturales Psicolog\u00eda Psicolog\u00eda del Deporte Drogas y Adicciones Psicolog\u00eda del Tr\u00e1fico y Seguridad Vial Voluntariado Otras tem\u00e1ticas Psicolog\u00eda del Trabajo y las Organizaciones Competencias Contrato Psicol\u00f3gico Nuevas Tecnolog\u00edas Psicolog\u00eda del Trabajo, Organizaciones y Recursos Humanos Salud [&hellip;]<\/p>\n","protected":false},"author":4484,"featured_media":0,"parent":0,"menu_order":0,"comment_status":"closed","ping_status":"open","template":"","meta":{"_et_pb_use_builder":"on","_et_pb_old_content":"","_et_gb_content_width":"","_links_to":"","_links_to_target":""},"_links":{"self":[{"href":"https:\/\/salud-o.umh.es\/es\/wp-json\/wp\/v2\/pages\/1888"}],"collection":[{"href":"https:\/\/salud-o.umh.es\/es\/wp-json\/wp\/v2\/pages"}],"about":[{"href":"https:\/\/salud-o.umh.es\/es\/wp-json\/wp\/v2\/types\/page"}],"author":[{"embeddable":true,"href":"https:\/\/salud-o.umh.es\/es\/wp-json\/wp\/v2\/users\/4484"}],"replies":[{"embeddable":true,"href":"https:\/\/salud-o.umh.es\/es\/wp-json\/wp\/v2\/comments?post=1888"}],"version-history":[{"count":0,"href":"https:\/\/salud-o.umh.es\/es\/wp-json\/wp\/v2\/pages\/1888\/revisions"}],"wp:attachment":[{"href":"https:\/\/salud-o.umh.es\/es\/wp-json\/wp\/v2\/media?parent=1888"}],"curies":[{"name":"wp","href":"https:\/\/api.w.org\/{rel}","templated":true}]}}