{"id":1972,"date":"2021-07-29T12:30:41","date_gmt":"2021-07-29T12:30:41","guid":{"rendered":"https:\/\/salud-o.umh.es\/?page_id=1972"},"modified":"2021-09-03T06:58:29","modified_gmt":"2021-09-03T06:58:29","slug":"publicaciones-de-psicologia-de-la-salud-drogas-y-adicciones","status":"publish","type":"page","link":"https:\/\/salud-o.umh.es\/es\/publicaciones-de-psicologia-de-la-salud-drogas-y-adicciones\/","title":{"rendered":"Publicaciones de Drogas y Adicciones"},"content":{"rendered":"<p>[et_pb_section admin_label=\u00bbsection\u00bb fb_built=\u00bb1&#8243; _builder_version=\u00bb3.10.1&#8243; use_background_color_gradient=\u00bbon\u00bb background_image=\u00bbhttp:\/\/salud-o.umh.es\/files\/2018\/07\/saludo.png\u00bb transparent_background=\u00bboff\u00bb allow_player_pause=\u00bboff\u00bb inner_shadow=\u00bboff\u00bb parallax=\u00bboff\u00bb parallax_method=\u00bboff\u00bb padding_mobile=\u00bboff\u00bb make_fullwidth=\u00bboff\u00bb use_custom_width=\u00bboff\u00bb width_unit=\u00bbon\u00bb make_equal=\u00bboff\u00bb use_custom_gutter=\u00bboff\u00bb][et_pb_row admin_label=\u00bbFila\u00bb][et_pb_column type=\u00bb4_4&#8243;][\/et_pb_column][\/et_pb_row][\/et_pb_section][et_pb_section admin_label=\u00bbsection\u00bb][et_pb_row admin_label=\u00bbrow\u00bb][et_pb_column type=\u00bb4_4&#8243;][et_pb_divider admin_label=\u00bbSeparador\u00bb color=\u00bb#000000&#8243; show_divider=\u00bbon\u00bb height=\u00bb2&#8243; divider_style=\u00bbsolid\u00bb divider_position=\u00bbtop\u00bb hide_on_mobile=\u00bbon\u00bb]<\/p>\n<p>&nbsp;<\/p>\n<p>[\/et_pb_divider][\/et_pb_column][\/et_pb_row][et_pb_row admin_label=\u00bbrow\u00bb][et_pb_column type=\u00bb4_4&#8243;][et_pb_post_title admin_label=\u00bbT\u00edtulo de publicaci\u00f3n\u00bb title=\u00bbon\u00bb meta=\u00bboff\u00bb author=\u00bbon\u00bb date=\u00bbon\u00bb categories=\u00bbon\u00bb comments=\u00bbon\u00bb featured_image=\u00bboff\u00bb featured_placement=\u00bbbelow\u00bb parallax_effect=\u00bbon\u00bb parallax_method=\u00bbon\u00bb text_orientation=\u00bbcenter\u00bb text_color=\u00bbdark\u00bb text_background=\u00bboff\u00bb text_bg_color=\u00bbrgba(255,255,255,0.9)\u00bb module_bg_color=\u00bbrgba(255,255,255,0)\u00bb title_all_caps=\u00bboff\u00bb use_border_color=\u00bboff\u00bb border_color=\u00bb#ffffff\u00bb border_style=\u00bbsolid\u00bb custom_margin=\u00bb||-25px|\u00bb]<\/p>\n<p>&nbsp;<\/p>\n<p>[\/et_pb_post_title][\/et_pb_column][\/et_pb_row][et_pb_row admin_label=\u00bbrow\u00bb make_fullwidth=\u00bboff\u00bb use_custom_width=\u00bboff\u00bb width_unit=\u00bbon\u00bb use_custom_gutter=\u00bboff\u00bb padding_mobile=\u00bboff\u00bb allow_player_pause=\u00bboff\u00bb parallax=\u00bbon\u00bb parallax_method=\u00bbon\u00bb make_equal=\u00bboff\u00bb parallax_1=\u00bboff\u00bb parallax_method_1=\u00bboff\u00bb parallax_2=\u00bboff\u00bb parallax_method_2=\u00bboff\u00bb column_padding_mobile=\u00bbon\u00bb][et_pb_column type=\u00bb1_4&#8243;][et_pb_text admin_label=\u00bbTexto\u00bb background_layout=\u00bblight\u00bb text_orientation=\u00bbleft\u00bb use_border_color=\u00bboff\u00bb border_color=\u00bb#ffffff\u00bb border_style=\u00bbsolid\u00bb custom_css_main_element=\u00bbposition: sticky;|| top: 0px;|| z-index: 9999;\u00bb disabled=\u00bboff\u00bb disabled_on=\u00bboff|off|\u00bb]<\/p>\n<h4><span style=\"color: #0000ff;\"><strong>Publicaciones por tem\u00e1ticas<\/strong><\/span><\/h4>\n<h6><a title=\"Publicaciones de Cienciometr\u00eda\" href=\"https:\/\/salud-o.umh.es\/1870-2\/\"><span style=\"color: #0000ff;\"><strong>Cienciometr\u00eda<\/strong><\/span><\/a><\/h6>\n<ul>\n<li><a title=\"Publicaciones de Cienciometr\u00eda\" href=\"https:\/\/salud-o.umh.es\/1870-2\/\">An\u00e1lisis bibliom\u00e9trico y mapeo de la ciencia<\/a><\/li>\n<\/ul>\n<h6><a title=\"Publicaciones de Desastres\" href=\"https:\/\/salud-o.umh.es\/publicaciones-de-desastres\/\"><span style=\"color: #0000ff;\"><strong>Intervenci\u00f3n en cat\u00e1strofes<\/strong><\/span><\/a><\/h6>\n<ul>\n<li><a title=\"Publicaciones de Desastres\" href=\"https:\/\/salud-o.umh.es\/publicaciones-de-desastres\/\">DANA o desastres naturales<\/a><\/li>\n<\/ul>\n<h6><a title=\"Publicaciones de Psicolog\u00eda\" href=\"https:\/\/salud-o.umh.es\/publicaciones-de-psicologia\/\"><span style=\"color: #0000ff;\"><strong>Psicolog\u00eda<\/strong><\/span><\/a><\/h6>\n<ul>\n<li><a title=\"Publicaciones de Psicolog\u00eda de la Salud: Actividad F\u00edsica\" href=\"https:\/\/salud-o.umh.es\/publicaciones-de-psicologia-actividad-fisica\/\">Psicolog\u00eda del Deporte<\/a><\/li>\n<li>Drogas y Adicciones<\/li>\n<li><a title=\"Publicaciones de Psicolog\u00eda del Tr\u00e1fico y Seguridad Vial\" href=\"https:\/\/salud-o.umh.es\/psicologia-del-trafico-y-seguridad-vial\/\">Psicolog\u00eda del Tr\u00e1fico y Seguridad Vial<\/a><\/li>\n<li><a title=\"Publicaciones de Voluntariado\" href=\"https:\/\/salud-o.umh.es\/publicaciones-de-voluntariado\/\">Voluntariado<\/a><\/li>\n<li><a title=\"Publicaciones de Psicolog\u00eda: Otras tem\u00e1ticas\" href=\"https:\/\/salud-o.umh.es\/publicaciones-de-psicologia-otras-tematicas\/\">Otras tem\u00e1ticas<\/a><\/li>\n<\/ul>\n<h6><a title=\"Publicaciones de Psicolog\u00eda del Trabajo y las Organizaciones\" href=\"https:\/\/salud-o.umh.es\/publicaciones-de-psicologia-del-trabajo-y-las-organizaciones\/\"><span style=\"color: #0000ff;\"><strong>Psicolog\u00eda del Trabajo y las Organizaciones<\/strong><\/span><\/a><\/h6>\n<ul>\n<li><a title=\"Publicaciones de Psicolog\u00eda del Trabajo y las Organizaciones: Competencias\" href=\"https:\/\/salud-o.umh.es\/publicaciones-de-psicologia-del-trabajo-y-las-organizaciones-competencias\/\">Competencias<\/a><\/li>\n<li><a title=\"Publicaciones de Psicolog\u00eda del Trabajo y las Organizaciones: Contrato Psicol\u00f3gico\" href=\"https:\/\/salud-o.umh.es\/publicaciones-de-psicologia-del-trabajo-y-las-organizaciones-contrato-psicologico\/\">Contrato Psicol\u00f3gico<\/a><\/li>\n<li><a title=\"Publicaciones de Psicolog\u00eda del Trabajo y las Organizaciones: Nuevas Tecnolog\u00edas\" href=\"https:\/\/salud-o.umh.es\/publicaciones-de-psicologia-del-trabajo-y-las-organizaciones-nuevas-tecnologias\/\">Nuevas Tecnolog\u00edas<\/a><\/li>\n<li><a title=\"Publicaciones de Psicolog\u00eda del Trabajo y las Organizaciones: Psicolog\u00eda del Trabajo, Organizaciones y Recursos Humanos\" href=\"https:\/\/salud-o.umh.es\/publicaciones-de-psicologia-del-trabajo-y-las-organizaciones-psicologia-del-trabajo-organizaciones-y-recursos-humanos\/\">Psicolog\u00eda del Trabajo, Organizaciones y Recursos Humanos<\/a><\/li>\n<\/ul>\n<h6><a title=\"Publicaciones de Salud Ocupacional\" href=\"https:\/\/salud-o.umh.es\/publicaciones-de-salud-ocupacional\/\"><span style=\"color: #0000ff;\"><strong>Salud Ocupacional<\/strong><\/span><\/a><\/h6>\n<ul>\n<li><a title=\"Publicaciones de Salud Ocupacional: Adaptaci\u00f3n y Valoraci\u00f3n de Puestos\" href=\"https:\/\/salud-o.umh.es\/publicaciones-de-salud-ocupacional-adaptacion-y-valoracion-de-puestos\/\">Adaptaci\u00f3n y valoraci\u00f3n de puestos<\/a><\/li>\n<li><a title=\"Publicaciones de Salud Ocupacional: Colectivos Profesionales\" href=\"https:\/\/salud-o.umh.es\/publicaciones-de-salud-ocupacional-colectivos-profesionales\/\">Riesgos Psicosociales en colectivos profesionales<\/a><\/li>\n<li><a title=\"Publicaciones de Salud Ocupacional: Ergonom\u00eda y Psicosociolog\u00eda de la Prevenci\u00f3n de Riesgos Laborales\" href=\"https:\/\/salud-o.umh.es\/publicaciones-de-salud-ocupacional-ergonomia-y-psicosociologia-de-la-prevencion-de-riesgos-laborales\/\">Ergonom\u00eda y Psicosociolog\u00eda de la Prevenci\u00f3n de Riesgos Laborales<\/a><\/li>\n<li><a title=\"Publicaciones de Salud Ocupacional: Sensibilidad Qu\u00edmica M\u00faltiple\" href=\"https:\/\/salud-o.umh.es\/publicaciones-de-salud-ocupacional-sensibilidad-quimica-multiple\/\">Sensibilidad Qu\u00edmica M\u00faltiple<\/a><\/li>\n<\/ul>\n<h6><a title=\"Todas las publicaciones\" href=\"https:\/\/salud-o.umh.es\/todas-las-publicaciones-2\/\"><span style=\"color: #0000ff;\"><strong>Volver a Todas las publicaciones<\/strong><\/span><\/a><\/h6>\n<p>[\/et_pb_text][\/et_pb_column][et_pb_column type=\u00bb3_4&#8243;][et_pb_text admin_label=\u00bbTexto\u00bb background_layout=\u00bblight\u00bb text_orientation=\u00bbleft\u00bb use_border_color=\u00bboff\u00bb border_color=\u00bb#ffffff\u00bb border_style=\u00bbsolid\u00bb]<\/p>\n<h4><span style=\"color: #0000ff;\"><b><strong>2012<\/strong><\/b><\/span><\/h4>\n<p style=\"text-align: justify;\">Espejo,\u00a0B.,\u00a0Cort\u00e9s,\u00a0M. T.,\u00a0Mart\u00edn\u00a0del\u00a0Rio,\u00a0B.,\u00a0Gim\u00e9nez,\u00a0J.\u00a0A.,\u00a0G\u00f3mez,\u00a0C. (2012). Traits that define the different alcohol intensive consume type during the practice of \u201cBotellon\u201d. <i>Spanish Journal of Psychology, 15<\/i>(1), 256-264. <a href=\"https:\/\/doi.org\/10.5209\/rev_sjop.2012.v15.n1.37318\" target=\"_blank\">https:\/\/doi.org\/10.5209\/rev_sjop.2012.v15.n1.37318<\/a>. <a title=\"Traits that define the different alcohol intensive consume type during the practice of \" href=\"http:\/\/salud-o.umh.es\/files\/2021\/03\/61417714.pdf\" target=\"_blank\"><strong>PDF<\/strong><\/a><\/p>\n<h4><span style=\"color: #0000ff;\"><b><strong>2006<\/strong><\/b><\/span><\/h4>\n<p style=\"text-align: justify;\">Torregrosa, M. S., Ingl\u00e9s, C. J., Garc\u00eda-Fern\u00e1ndez, J. M., Espada, J. P., Redondo, J., Mart\u00ednez Monteagudo, M. C., Solanes, A., Mart\u00edn del R\u00edo, B. (2006). Variables psicoeducativas y consumo de alcohol en estudiantes de Ense\u00f1anza Secundaria. <i>Revista de Psicolog\u00eda de la Salud, 18<\/i>(2), 127-145. <a href=\"https:\/\/doi.org\/10.21134\/pssa.v18i2.716\" target=\"_blank\">https:\/\/doi.org\/10.21134\/pssa.v18i2.716<\/a>. <strong><a href=\"http:\/\/salud-o.umh.es\/files\/2016\/05\/06_Torregrosa.pdf\" target=\"_blank\">PDF<\/a><\/strong><\/p>\n<h4><span style=\"color: #0000ff;\"><b><strong>2002<\/strong><\/b><\/span><\/h4>\n<p>Cort\u00e9s, M. T., Mart\u00edn del R\u00edo, B. y Gim\u00e9nez, J. A.\u00a0(2002).\u00a0<em>Documentaci\u00f3 sobre Adiccions en Internet<\/em><em>.<\/em><i>\u00a0<\/i>En M. Cort\u00e9s y L. Mayor (Eds.),\u00a0<em>Psicolog\u00eda de L&#8217;Adicci\u00f3<\/em><i>\u00a0<\/i>(pp. 245-267). Valencia: Universitat de Val\u00e8ncia.<\/p>\n<h4><span style=\"color: #0000ff;\"><b><strong>2000<\/strong><\/b><\/span><\/h4>\n<p style=\"text-align: justify;\">Mart\u00edn del R\u00edo, B. y Cort\u00e9s<b>, <\/b>M. T (2000). Posibilidades de formaci\u00f3n e informaci\u00f3n en drogodependencias desde Internet.\u00a0<i>Informaci\u00f3 Psicol\u00f2gica, 72\u00a0<\/i>, 52-59. <a title=\"Posibilidades de formaci\u00f3n e informaci\u00f3n en drogodependencias desde Internet\" href=\"http:\/\/salud-o.umh.es\/files\/2021\/03\/645-2800-1-PB_optimize.pdf\" target=\"_blank\"><strong>PDF<\/strong><\/a><\/p>\n<p>G\u00f3mez, C. y Mart\u00edn del R\u00edo, B.\u00a0(2000). Drogas y Vigilancia\u00a0<em>.<\/em><i>\u00a0<\/i>En C. G\u00f3mez<em>\u00a0(Ed.), \u00c1reas de Investigaci\u00f3n en el Estudio de la Vigilancia<\/em><i>\u00a0<\/i>(pp. 85-98). Valencia: Crist\u00f3bal Serrano Villalba.<\/p>\n<h4><span style=\"color: #0000ff;\"><b><strong>1999<\/strong><\/b><\/span><\/h4>\n<p style=\"text-align: justify;\">Cort\u00e9s<b>, <\/b>M. T. y Mart\u00edn del R\u00edo, B. (1999). Acceso a la documentaci\u00f3n espa\u00f1ola sobre drogodependencias en Internet.\u00a0<i>Informaci\u00f3 Psicol\u00f2gica, 71<\/i>, 43-53. <a title=\"Acceso a la documentaci\u00f3n espa\u00f1ola sobre drogodependencias en Internet\" href=\"http:\/\/salud-o.umh.es\/files\/2021\/03\/662-2881-1-PB_optimize.pdf\" target=\"_blank\"><strong>PDF<\/strong><\/a><\/p>\n<p>[\/et_pb_text][\/et_pb_column][\/et_pb_row][\/et_pb_section][et_pb_section admin_label=\u00bbsection\u00bb][et_pb_row admin_label=\u00bbrow\u00bb][\/et_pb_row][\/et_pb_section]<\/p>","protected":false},"excerpt":{"rendered":"<p>&nbsp; &nbsp; Publicaciones por tem\u00e1ticas Cienciometr\u00eda An\u00e1lisis bibliom\u00e9trico y mapeo de la ciencia Intervenci\u00f3n en cat\u00e1strofes DANA o desastres naturales Psicolog\u00eda Psicolog\u00eda del Deporte Drogas y Adicciones Psicolog\u00eda del Tr\u00e1fico y Seguridad Vial Voluntariado Otras tem\u00e1ticas Psicolog\u00eda del Trabajo y las Organizaciones Competencias Contrato Psicol\u00f3gico Nuevas Tecnolog\u00edas Psicolog\u00eda del Trabajo, Organizaciones y Recursos Humanos Salud [&hellip;]<\/p>\n","protected":false},"author":4484,"featured_media":0,"parent":0,"menu_order":0,"comment_status":"closed","ping_status":"open","template":"","meta":{"_et_pb_use_builder":"on","_et_pb_old_content":"","_et_gb_content_width":"","_links_to":"","_links_to_target":""},"_links":{"self":[{"href":"https:\/\/salud-o.umh.es\/es\/wp-json\/wp\/v2\/pages\/1972"}],"collection":[{"href":"https:\/\/salud-o.umh.es\/es\/wp-json\/wp\/v2\/pages"}],"about":[{"href":"https:\/\/salud-o.umh.es\/es\/wp-json\/wp\/v2\/types\/page"}],"author":[{"embeddable":true,"href":"https:\/\/salud-o.umh.es\/es\/wp-json\/wp\/v2\/users\/4484"}],"replies":[{"embeddable":true,"href":"https:\/\/salud-o.umh.es\/es\/wp-json\/wp\/v2\/comments?post=1972"}],"version-history":[{"count":0,"href":"https:\/\/salud-o.umh.es\/es\/wp-json\/wp\/v2\/pages\/1972\/revisions"}],"wp:attachment":[{"href":"https:\/\/salud-o.umh.es\/es\/wp-json\/wp\/v2\/media?parent=1972"}],"curies":[{"name":"wp","href":"https:\/\/api.w.org\/{rel}","templated":true}]}}