{"id":2026,"date":"2021-07-29T12:45:38","date_gmt":"2021-07-29T12:45:38","guid":{"rendered":"https:\/\/salud-o.umh.es\/?page_id=2026"},"modified":"2021-09-03T06:59:30","modified_gmt":"2021-09-03T06:59:30","slug":"publicaciones-de-voluntariado","status":"publish","type":"page","link":"https:\/\/salud-o.umh.es\/es\/publicaciones-de-voluntariado\/","title":{"rendered":"Publicaciones de Psicolog\u00eda: Voluntariado"},"content":{"rendered":"<p>[et_pb_section admin_label=\u00bbsection\u00bb fb_built=\u00bb1&#8243; _builder_version=\u00bb3.10.1&#8243; use_background_color_gradient=\u00bbon\u00bb background_image=\u00bbhttp:\/\/salud-o.umh.es\/files\/2018\/07\/saludo.png\u00bb transparent_background=\u00bboff\u00bb allow_player_pause=\u00bboff\u00bb inner_shadow=\u00bboff\u00bb parallax=\u00bboff\u00bb parallax_method=\u00bboff\u00bb padding_mobile=\u00bboff\u00bb make_fullwidth=\u00bboff\u00bb use_custom_width=\u00bboff\u00bb width_unit=\u00bbon\u00bb make_equal=\u00bboff\u00bb use_custom_gutter=\u00bboff\u00bb][et_pb_row admin_label=\u00bbFila\u00bb][et_pb_column type=\u00bb4_4&#8243;][\/et_pb_column][\/et_pb_row][\/et_pb_section][et_pb_section admin_label=\u00bbsection\u00bb][et_pb_row admin_label=\u00bbrow\u00bb][et_pb_column type=\u00bb4_4&#8243;][et_pb_divider admin_label=\u00bbSeparador\u00bb color=\u00bb#000000&#8243; show_divider=\u00bbon\u00bb height=\u00bb2&#8243; divider_style=\u00bbsolid\u00bb divider_position=\u00bbtop\u00bb hide_on_mobile=\u00bbon\u00bb]<\/p>\n<p>&nbsp;<\/p>\n<p>[\/et_pb_divider][\/et_pb_column][\/et_pb_row][et_pb_row admin_label=\u00bbrow\u00bb][et_pb_column type=\u00bb4_4&#8243;][et_pb_post_title admin_label=\u00bbT\u00edtulo de publicaci\u00f3n\u00bb title=\u00bbon\u00bb meta=\u00bboff\u00bb author=\u00bbon\u00bb date=\u00bbon\u00bb categories=\u00bbon\u00bb comments=\u00bbon\u00bb featured_image=\u00bboff\u00bb featured_placement=\u00bbbelow\u00bb parallax_effect=\u00bbon\u00bb parallax_method=\u00bbon\u00bb text_orientation=\u00bbcenter\u00bb text_color=\u00bbdark\u00bb text_background=\u00bboff\u00bb text_bg_color=\u00bbrgba(255,255,255,0.9)\u00bb module_bg_color=\u00bbrgba(255,255,255,0)\u00bb title_all_caps=\u00bboff\u00bb use_border_color=\u00bboff\u00bb border_color=\u00bb#ffffff\u00bb border_style=\u00bbsolid\u00bb custom_margin=\u00bb||-25px|\u00bb]<\/p>\n<p>&nbsp;<\/p>\n<p>[\/et_pb_post_title][\/et_pb_column][\/et_pb_row][et_pb_row admin_label=\u00bbrow\u00bb make_fullwidth=\u00bboff\u00bb use_custom_width=\u00bboff\u00bb width_unit=\u00bbon\u00bb use_custom_gutter=\u00bboff\u00bb padding_mobile=\u00bboff\u00bb allow_player_pause=\u00bboff\u00bb parallax=\u00bbon\u00bb parallax_method=\u00bbon\u00bb make_equal=\u00bboff\u00bb parallax_1=\u00bboff\u00bb parallax_method_1=\u00bboff\u00bb parallax_2=\u00bboff\u00bb parallax_method_2=\u00bboff\u00bb column_padding_mobile=\u00bbon\u00bb][et_pb_column type=\u00bb1_4&#8243;][et_pb_text admin_label=\u00bbTexto\u00bb background_layout=\u00bblight\u00bb text_orientation=\u00bbleft\u00bb use_border_color=\u00bboff\u00bb border_color=\u00bb#ffffff\u00bb border_style=\u00bbsolid\u00bb custom_css_main_element=\u00bbposition: sticky;|| top: 0px;|| z-index: 9999;\u00bb disabled=\u00bboff\u00bb disabled_on=\u00bboff|off|\u00bb]<\/p>\n<h4><span style=\"color: #0000ff;\"><strong>Publicaciones por tem\u00e1ticas<\/strong><\/span><\/h4>\n<h6><a title=\"Publicaciones de Cienciometr\u00eda\" href=\"https:\/\/salud-o.umh.es\/1870-2\/\"><span style=\"color: #0000ff;\"><strong>Cienciometr\u00eda<\/strong><\/span><\/a><\/h6>\n<ul>\n<li><a title=\"Publicaciones de Cienciometr\u00eda\" href=\"https:\/\/salud-o.umh.es\/1870-2\/\">An\u00e1lisis bibliom\u00e9trico y mapeo de la ciencia<\/a><\/li>\n<\/ul>\n<h6><a title=\"Publicaciones de Desastres\" href=\"https:\/\/salud-o.umh.es\/publicaciones-de-desastres\/\"><span style=\"color: #0000ff;\"><strong>Intervenci\u00f3n en cat\u00e1strofes<\/strong><\/span><\/a><\/h6>\n<ul>\n<li><a title=\"Publicaciones de Desastres\" href=\"https:\/\/salud-o.umh.es\/publicaciones-de-desastres\/\">DANA o desastres naturales<\/a><\/li>\n<\/ul>\n<h6><a title=\"Publicaciones de Psicolog\u00eda\" href=\"https:\/\/salud-o.umh.es\/publicaciones-de-psicologia\/\"><span style=\"color: #0000ff;\"><strong>Psicolog\u00eda<\/strong><\/span><\/a><\/h6>\n<ul>\n<li><a title=\"Publicaciones de Psicolog\u00eda de la Salud: Actividad F\u00edsica\" href=\"https:\/\/salud-o.umh.es\/publicaciones-de-psicologia-actividad-fisica\/\">Psicolog\u00eda del Deporte<\/a><\/li>\n<li><a title=\"Publicaciones de Psicolog\u00eda de la Salud: Drogas y Adicciones\" href=\"https:\/\/salud-o.umh.es\/publicaciones-de-psicologia-de-la-salud-drogas-y-adicciones\/\">Drogas y Adicciones<\/a><\/li>\n<li><a title=\"Publicaciones de Psicolog\u00eda del Tr\u00e1fico y Seguridad Vial\" href=\"https:\/\/salud-o.umh.es\/psicologia-del-trafico-y-seguridad-vial\/\">Psicolog\u00eda del Tr\u00e1fico y Seguridad Vial<\/a><\/li>\n<li>Voluntariado<\/li>\n<li><a title=\"Publicaciones de Psicolog\u00eda: Otras tem\u00e1ticas\" href=\"https:\/\/salud-o.umh.es\/publicaciones-de-psicologia-otras-tematicas\/\">Otras tem\u00e1ticas<\/a><\/li>\n<\/ul>\n<h6><a title=\"Publicaciones de Psicolog\u00eda del Trabajo y las Organizaciones\" href=\"https:\/\/salud-o.umh.es\/publicaciones-de-psicologia-del-trabajo-y-las-organizaciones\/\"><span style=\"color: #0000ff;\"><strong>Psicolog\u00eda del Trabajo y las Organizaciones<\/strong><\/span><\/a><\/h6>\n<ul>\n<li><a title=\"Publicaciones de Psicolog\u00eda del Trabajo y las Organizaciones: Competencias\" href=\"https:\/\/salud-o.umh.es\/publicaciones-de-psicologia-del-trabajo-y-las-organizaciones-competencias\/\">Competencias<\/a><\/li>\n<li><a title=\"Publicaciones de Psicolog\u00eda del Trabajo y las Organizaciones: Contrato Psicol\u00f3gico\" href=\"https:\/\/salud-o.umh.es\/publicaciones-de-psicologia-del-trabajo-y-las-organizaciones-contrato-psicologico\/\">Contrato Psicol\u00f3gico<\/a><\/li>\n<li><a title=\"Publicaciones de Psicolog\u00eda del Trabajo y las Organizaciones: Nuevas Tecnolog\u00edas\" href=\"https:\/\/salud-o.umh.es\/publicaciones-de-psicologia-del-trabajo-y-las-organizaciones-nuevas-tecnologias\/\">Nuevas Tecnolog\u00edas<\/a><\/li>\n<li><a title=\"Publicaciones de Psicolog\u00eda del Trabajo y las Organizaciones: Psicolog\u00eda del Trabajo, Organizaciones y Recursos Humanos\" href=\"https:\/\/salud-o.umh.es\/publicaciones-de-psicologia-del-trabajo-y-las-organizaciones-psicologia-del-trabajo-organizaciones-y-recursos-humanos\/\">Psicolog\u00eda del Trabajo, Organizaciones y Recursos Humanos<\/a><\/li>\n<\/ul>\n<h6><a title=\"Publicaciones de Salud Ocupacional\" href=\"https:\/\/salud-o.umh.es\/publicaciones-de-salud-ocupacional\/\"><span style=\"color: #0000ff;\"><strong>Salud Ocupacional<\/strong><\/span><\/a><\/h6>\n<ul>\n<li><a title=\"Publicaciones de Salud Ocupacional: Adaptaci\u00f3n y Valoraci\u00f3n de Puestos\" href=\"https:\/\/salud-o.umh.es\/publicaciones-de-salud-ocupacional-adaptacion-y-valoracion-de-puestos\/\">Adaptaci\u00f3n y valoraci\u00f3n de puestos<\/a><\/li>\n<li><a title=\"Publicaciones de Salud Ocupacional: Colectivos Profesionales\" href=\"https:\/\/salud-o.umh.es\/publicaciones-de-salud-ocupacional-colectivos-profesionales\/\">Riesgos Psicosociales en colectivos profesionales<\/a><\/li>\n<li><a title=\"Publicaciones de Salud Ocupacional: Ergonom\u00eda y Psicosociolog\u00eda de la Prevenci\u00f3n de Riesgos Laborales\" href=\"https:\/\/salud-o.umh.es\/publicaciones-de-salud-ocupacional-ergonomia-y-psicosociologia-de-la-prevencion-de-riesgos-laborales\/\">Ergonom\u00eda y Psicosociolog\u00eda de la Prevenci\u00f3n de Riesgos Laborales<\/a><\/li>\n<li><a title=\"Publicaciones de Salud Ocupacional: Sensibilidad Qu\u00edmica M\u00faltiple\" href=\"https:\/\/salud-o.umh.es\/publicaciones-de-salud-ocupacional-sensibilidad-quimica-multiple\/\">Sensibilidad Qu\u00edmica M\u00faltiple<\/a><\/li>\n<\/ul>\n<h6><a title=\"Todas las publicaciones\" href=\"https:\/\/salud-o.umh.es\/todas-las-publicaciones-2\/\"><span style=\"color: #0000ff;\"><strong>Volver a Todas las publicaciones<\/strong><\/span><\/a><\/h6>\n<p>[\/et_pb_text][\/et_pb_column][et_pb_column type=\u00bb3_4&#8243;][et_pb_text admin_label=\u00bbTexto\u00bb background_layout=\u00bblight\u00bb text_orientation=\u00bbleft\u00bb use_border_color=\u00bboff\u00bb border_color=\u00bb#ffffff\u00bb border_style=\u00bbsolid\u00bb]<\/p>\n<h4><span style=\"color: #0000ff;\"><strong>2004<\/strong><\/span><\/h4>\n<p style=\"text-align: justify;\">Quiles, M.J., L\u00f3pez-Roig, S., Benavides, G., Garc\u00eda, E. y Ortigosa, J.M. (2004). Factores explicativos de la carencia de voluntariado en diversos hospitales espa\u00f1oles. <em>Todo Hospital, 207, <\/em>333-340.<\/p>\n<p style=\"text-align: justify;\">Benavides, G. (2004). La participaci\u00f3n de la mujer en el voluntariado: una revisi\u00f3n de la literatura. En Y.M. de la Fuente (Coord.),\u00a0<em>El papel de la mujer en el voluntariado,\u00a0<\/em>pp. 169-184. Ja\u00e9n: Publicaciones de la Universidad de Ja\u00e9n.<\/p>\n<h4><span style=\"color: #0000ff;\"><b><strong>2003<\/strong><\/b><\/span><\/h4>\n<p style=\"text-align: justify;\">Benavides, G. (2003). Voluntariado en la tercera edad. <em>Dianium. Revista Universitaria de Ciencias y Humanidades, 7, <\/em>191-208.<\/p>\n<p style=\"text-align: justify;\">Benavides, G., Gonz\u00e1lez, R., Pastor, Y. y Ses\u00e9, A. (2003). Caracter\u00edsticas de personalidad y sociodemogr\u00e1ficas del voluntariado de acci\u00f3n social. <em>Revista de Psicolog\u00eda Social Aplicada 13 <\/em>(1), 5-27. Editor: Sociedad Valenciana de Psicolog\u00eda Social.<\/p>\n<h4><span style=\"color: #0000ff;\"><b><strong>2002<\/strong><\/b><\/span><\/h4>\n<p style=\"text-align: justify;\">Benavides, G., Quiles, M.J., L\u00f3pez-Roig, S., Garc\u00eda, E. y Ortigosa, J.M. (2002). El voluntariado como fuente de apoyo social para enfermos hospitalizados. <em>Revista de Psicolog\u00eda de la Salud, 14<\/em>(1), 105-128. <a title=\"EL VOLUNTARIADO COMO FUENTE DE APOYO SOCIAL PARA ENFERMOS HOSPITALIZADOS\" href=\"http:\/\/salud-o.umh.es\/files\/2021\/03\/752-Texto-del-art\u00edculo-3292-1-10-20200713.pdf\" target=\"_blank\"><strong>PDF<\/strong><\/a><\/p>\n<p style=\"text-align: justify;\">Benavides, G. y Gonz\u00e1lez, R. (2002). Perfil psicosocial del voluntariado. <em>Quaderns del Voluntariat, a\u00f1o VI, n\u00famero especial, <\/em>105-106. Dep. Legal: V-1466-1997.<\/p>\n<h4><span style=\"color: #0000ff;\"><strong>2001<\/strong><\/span><\/h4>\n<p>Arocas, E., Mart\u00ednez, F. A., Solanes, A., Moix, J., Mart\u00ed, M. (2001).\u00a0<i>Situaci\u00f3n del voluntariado en Espa\u00f1a.<\/i>\u00a0Barcelona: Edivirtualbook, S.A.<\/p>\n<p>Moix, J. (Coord.), Alorda, C., Benavides, G., Bet\u00e9s de Toro, M., Calero, M.D., Bassedas, J., L\u00f3pez-Roig, S., Mart\u00ednez, F.A., Noguera, J., Ochoa, B., Ortigosa, J.M., Planes, M. y Quiles, M.J. (2001).\u00a0<em>Situaci\u00f3n actual del voluntariado hospitalario en Espa\u00f1a.<\/em>\u00a0Barcelona: Associaci\u00f3 pel Voluntariat a Europa. Edivirtual Book. pp. 1-108.<\/p>\n<p>Benavides, G. (2001). \u00bfPor qu\u00e9 algunos hospitales no tienen voluntariado?<em>\u00a04\u00ba Congreso Estatal del Voluntariado y I Jornadas Mediterr\u00e1neas del Voluntariado, pp. 319-323.\u00a0<\/em>Valencia: Generalitat Valenciana.<\/p>\n<h4><span style=\"color: #0000ff;\"><b><strong>2000<\/strong><\/b><\/span><\/h4>\n<p style=\"text-align: justify;\">Benavides, G., Gonz\u00e1lez, R., Barahona, A. y T\u00e9var, M.P. (2000). Caracter\u00edsticas del voluntariado para pacientes con c\u00e1ncer. <em>Revista de Psicolog\u00eda Social Aplicada, 10<\/em>(1), 77-96. Sociedad Valenciana de Psicolog\u00eda Social.<\/p>\n<p>Solanes, A. (2000). Temas medioambientales en Am\u00e9rica Latina. <em>Revista Quaderns del Voluntariat, 5<\/em>(15)38-40.<\/p>\n<p>Solanes, A. (2000). Informaci\u00f3 i globalitzaci\u00f3: per rics o per a pobres?. <em>Revista Quaderns del Voluntariat<\/em>, <em>5<\/em>13) 43-44.<\/p>\n<p>Solanes, A. (2000). Algunos conflictos b\u00e9licos de nuestros d\u00edas. <em>Revista Quaderns del Voluntariat<\/em>, <em>5<\/em>(14) 38-40.<\/p>\n<h4><span style=\"color: #0000ff;\"><strong>1999<\/strong><\/span><\/h4>\n<p>Solanes, A. (1999). Les ense\u00f1yances de l\u2019hurac\u00e0 Mitch. <em>Revista Quaderns del Voluntariat, 4<\/em>(10)37-38.<\/p>\n<p>Solanes, A. (1999). La ayuda humanitaria vista desde el Sur. <em>Revista Quaderns del Voluntariat, 4<\/em>(11) 37-38.<\/p>\n<h4><span style=\"color: #0000ff;\"><strong>1998<\/strong><\/span><\/h4>\n<p style=\"text-align: justify;\">Solanes, A. (1998). Consumo y desarrollo humano, P.N.U.D.. <i>Quaderns del Voluntariat, 3<\/i>(9), 37-38.<\/p>\n<p>[\/et_pb_text][\/et_pb_column][\/et_pb_row][\/et_pb_section][et_pb_section admin_label=\u00bbsection\u00bb][et_pb_row admin_label=\u00bbrow\u00bb][\/et_pb_row][\/et_pb_section]<\/p>","protected":false},"excerpt":{"rendered":"<p>&nbsp; &nbsp; Publicaciones por tem\u00e1ticas Cienciometr\u00eda An\u00e1lisis bibliom\u00e9trico y mapeo de la ciencia Intervenci\u00f3n en cat\u00e1strofes DANA o desastres naturales Psicolog\u00eda Psicolog\u00eda del Deporte Drogas y Adicciones Psicolog\u00eda del Tr\u00e1fico y Seguridad Vial Voluntariado Otras tem\u00e1ticas Psicolog\u00eda del Trabajo y las Organizaciones Competencias Contrato Psicol\u00f3gico Nuevas Tecnolog\u00edas Psicolog\u00eda del Trabajo, Organizaciones y Recursos Humanos Salud [&hellip;]<\/p>\n","protected":false},"author":4484,"featured_media":0,"parent":0,"menu_order":0,"comment_status":"closed","ping_status":"open","template":"","meta":{"_et_pb_use_builder":"on","_et_pb_old_content":"","_et_gb_content_width":"","_links_to":"","_links_to_target":""},"_links":{"self":[{"href":"https:\/\/salud-o.umh.es\/es\/wp-json\/wp\/v2\/pages\/2026"}],"collection":[{"href":"https:\/\/salud-o.umh.es\/es\/wp-json\/wp\/v2\/pages"}],"about":[{"href":"https:\/\/salud-o.umh.es\/es\/wp-json\/wp\/v2\/types\/page"}],"author":[{"embeddable":true,"href":"https:\/\/salud-o.umh.es\/es\/wp-json\/wp\/v2\/users\/4484"}],"replies":[{"embeddable":true,"href":"https:\/\/salud-o.umh.es\/es\/wp-json\/wp\/v2\/comments?post=2026"}],"version-history":[{"count":0,"href":"https:\/\/salud-o.umh.es\/es\/wp-json\/wp\/v2\/pages\/2026\/revisions"}],"wp:attachment":[{"href":"https:\/\/salud-o.umh.es\/es\/wp-json\/wp\/v2\/media?parent=2026"}],"curies":[{"name":"wp","href":"https:\/\/api.w.org\/{rel}","templated":true}]}}