{"id":2032,"date":"2021-07-29T12:46:58","date_gmt":"2021-07-29T12:46:58","guid":{"rendered":"https:\/\/salud-o.umh.es\/?page_id=2032"},"modified":"2021-09-03T07:00:06","modified_gmt":"2021-09-03T07:00:06","slug":"publicaciones-de-psicologia-otras-tematicas","status":"publish","type":"page","link":"https:\/\/salud-o.umh.es\/es\/publicaciones-de-psicologia-otras-tematicas\/","title":{"rendered":"Publicaciones de Psicolog\u00eda: Otras tem\u00e1ticas"},"content":{"rendered":"<p>[et_pb_section admin_label=\u00bbsection\u00bb fb_built=\u00bb1&#8243; _builder_version=\u00bb3.10.1&#8243; use_background_color_gradient=\u00bbon\u00bb background_image=\u00bbhttp:\/\/salud-o.umh.es\/files\/2018\/07\/saludo.png\u00bb transparent_background=\u00bboff\u00bb allow_player_pause=\u00bboff\u00bb inner_shadow=\u00bboff\u00bb parallax=\u00bboff\u00bb parallax_method=\u00bboff\u00bb padding_mobile=\u00bboff\u00bb make_fullwidth=\u00bboff\u00bb use_custom_width=\u00bboff\u00bb width_unit=\u00bbon\u00bb make_equal=\u00bboff\u00bb use_custom_gutter=\u00bboff\u00bb][et_pb_row admin_label=\u00bbFila\u00bb][et_pb_column type=\u00bb4_4&#8243;][\/et_pb_column][\/et_pb_row][\/et_pb_section][et_pb_section admin_label=\u00bbsection\u00bb][et_pb_row admin_label=\u00bbrow\u00bb][et_pb_column type=\u00bb4_4&#8243;][et_pb_divider admin_label=\u00bbSeparador\u00bb color=\u00bb#000000&#8243; show_divider=\u00bbon\u00bb height=\u00bb2&#8243; divider_style=\u00bbsolid\u00bb divider_position=\u00bbtop\u00bb hide_on_mobile=\u00bbon\u00bb]<\/p>\n<p>&nbsp;<\/p>\n<p>[\/et_pb_divider][\/et_pb_column][\/et_pb_row][et_pb_row admin_label=\u00bbrow\u00bb][et_pb_column type=\u00bb4_4&#8243;][et_pb_post_title admin_label=\u00bbT\u00edtulo de publicaci\u00f3n\u00bb title=\u00bbon\u00bb meta=\u00bboff\u00bb author=\u00bbon\u00bb date=\u00bbon\u00bb categories=\u00bbon\u00bb comments=\u00bbon\u00bb featured_image=\u00bboff\u00bb featured_placement=\u00bbbelow\u00bb parallax_effect=\u00bbon\u00bb parallax_method=\u00bbon\u00bb text_orientation=\u00bbcenter\u00bb text_color=\u00bbdark\u00bb text_background=\u00bboff\u00bb text_bg_color=\u00bbrgba(255,255,255,0.9)\u00bb module_bg_color=\u00bbrgba(255,255,255,0)\u00bb title_all_caps=\u00bboff\u00bb use_border_color=\u00bboff\u00bb border_color=\u00bb#ffffff\u00bb border_style=\u00bbsolid\u00bb custom_margin=\u00bb||-25px|\u00bb]<\/p>\n<p>&nbsp;<\/p>\n<p>[\/et_pb_post_title][\/et_pb_column][\/et_pb_row][et_pb_row admin_label=\u00bbrow\u00bb make_fullwidth=\u00bboff\u00bb use_custom_width=\u00bboff\u00bb width_unit=\u00bbon\u00bb use_custom_gutter=\u00bboff\u00bb padding_mobile=\u00bboff\u00bb allow_player_pause=\u00bboff\u00bb parallax=\u00bbon\u00bb parallax_method=\u00bbon\u00bb make_equal=\u00bboff\u00bb parallax_1=\u00bboff\u00bb parallax_method_1=\u00bboff\u00bb parallax_2=\u00bboff\u00bb parallax_method_2=\u00bboff\u00bb column_padding_mobile=\u00bbon\u00bb][et_pb_column type=\u00bb1_4&#8243;][et_pb_text admin_label=\u00bbTexto\u00bb background_layout=\u00bblight\u00bb text_orientation=\u00bbleft\u00bb use_border_color=\u00bboff\u00bb border_color=\u00bb#ffffff\u00bb border_style=\u00bbsolid\u00bb custom_css_main_element=\u00bbposition: sticky;|| top: 0px;|| z-index: 9999;\u00bb disabled=\u00bboff\u00bb disabled_on=\u00bboff|off|\u00bb]<\/p>\n<h4><span style=\"color: #0000ff;\"><strong>Publicaciones por tem\u00e1ticas<\/strong><\/span><\/h4>\n<h6><a title=\"Publicaciones de Cienciometr\u00eda\" href=\"https:\/\/salud-o.umh.es\/1870-2\/\"><span style=\"color: #0000ff;\"><strong>Cienciometr\u00eda<\/strong><\/span><\/a><\/h6>\n<ul>\n<li><a title=\"Publicaciones de Cienciometr\u00eda\" href=\"https:\/\/salud-o.umh.es\/1870-2\/\">An\u00e1lisis bibliom\u00e9trico y mapeo de la ciencia<\/a><\/li>\n<\/ul>\n<h6><a title=\"Publicaciones de Desastres\" href=\"https:\/\/salud-o.umh.es\/publicaciones-de-desastres\/\"><span style=\"color: #0000ff;\"><strong>Intervenci\u00f3n en cat\u00e1strofes<\/strong><\/span><\/a><\/h6>\n<ul>\n<li><a title=\"Publicaciones de Desastres\" href=\"https:\/\/salud-o.umh.es\/publicaciones-de-desastres\/\">DANA o desastres naturales<\/a><\/li>\n<\/ul>\n<h6><a title=\"Publicaciones de Psicolog\u00eda\" href=\"https:\/\/salud-o.umh.es\/publicaciones-de-psicologia\/\"><span style=\"color: #0000ff;\"><strong>Psicolog\u00eda<\/strong><\/span><\/a><\/h6>\n<ul>\n<li><a title=\"Publicaciones de Psicolog\u00eda de la Salud: Actividad F\u00edsica\" href=\"https:\/\/salud-o.umh.es\/publicaciones-de-psicologia-actividad-fisica\/\">Psicolog\u00eda del Deporte<\/a><\/li>\n<li><a title=\"Publicaciones de Psicolog\u00eda de la Salud: Drogas y Adicciones\" href=\"https:\/\/salud-o.umh.es\/publicaciones-de-psicologia-de-la-salud-drogas-y-adicciones\/\">Drogas y Adicciones<\/a><\/li>\n<li><a title=\"Publicaciones de Psicolog\u00eda del Tr\u00e1fico y Seguridad Vial\" href=\"https:\/\/salud-o.umh.es\/psicologia-del-trafico-y-seguridad-vial\/\">Psicolog\u00eda del Tr\u00e1fico y Seguridad Vial<\/a><\/li>\n<li><a title=\"Publicaciones de Voluntariado\" href=\"https:\/\/salud-o.umh.es\/publicaciones-de-voluntariado\/\">Voluntariado<\/a><\/li>\n<li>Otras tem\u00e1ticas<\/li>\n<\/ul>\n<h6><a title=\"Publicaciones de Psicolog\u00eda del Trabajo y las Organizaciones\" href=\"https:\/\/salud-o.umh.es\/publicaciones-de-psicologia-del-trabajo-y-las-organizaciones\/\"><span style=\"color: #0000ff;\"><strong>Psicolog\u00eda del Trabajo y las Organizaciones<\/strong><\/span><\/a><\/h6>\n<ul>\n<li><a title=\"Publicaciones de Psicolog\u00eda del Trabajo y las Organizaciones: Competencias\" href=\"https:\/\/salud-o.umh.es\/publicaciones-de-psicologia-del-trabajo-y-las-organizaciones-competencias\/\">Competencias<\/a><\/li>\n<li><a title=\"Publicaciones de Psicolog\u00eda del Trabajo y las Organizaciones: Contrato Psicol\u00f3gico\" href=\"https:\/\/salud-o.umh.es\/publicaciones-de-psicologia-del-trabajo-y-las-organizaciones-contrato-psicologico\/\">Contrato Psicol\u00f3gico<\/a><\/li>\n<li><a title=\"Publicaciones de Psicolog\u00eda del Trabajo y las Organizaciones: Nuevas Tecnolog\u00edas\" href=\"https:\/\/salud-o.umh.es\/publicaciones-de-psicologia-del-trabajo-y-las-organizaciones-nuevas-tecnologias\/\">Nuevas Tecnolog\u00edas<\/a><\/li>\n<li><a title=\"Publicaciones de Psicolog\u00eda del Trabajo y las Organizaciones: Psicolog\u00eda del Trabajo, Organizaciones y Recursos Humanos\" href=\"https:\/\/salud-o.umh.es\/publicaciones-de-psicologia-del-trabajo-y-las-organizaciones-psicologia-del-trabajo-organizaciones-y-recursos-humanos\/\">Psicolog\u00eda del Trabajo, Organizaciones y Recursos Humanos<\/a><\/li>\n<\/ul>\n<h6><a title=\"Publicaciones de Salud Ocupacional\" href=\"https:\/\/salud-o.umh.es\/publicaciones-de-salud-ocupacional\/\"><span style=\"color: #0000ff;\"><strong>Salud Ocupacional<\/strong><\/span><\/a><\/h6>\n<ul>\n<li><a title=\"Publicaciones de Salud Ocupacional: Adaptaci\u00f3n y Valoraci\u00f3n de Puestos\" href=\"https:\/\/salud-o.umh.es\/publicaciones-de-salud-ocupacional-adaptacion-y-valoracion-de-puestos\/\">Adaptaci\u00f3n y valoraci\u00f3n de puestos<\/a><\/li>\n<li><a title=\"Publicaciones de Salud Ocupacional: Colectivos Profesionales\" href=\"https:\/\/salud-o.umh.es\/publicaciones-de-salud-ocupacional-colectivos-profesionales\/\">Riesgos Psicosociales en colectivos profesionales<\/a><\/li>\n<li><a title=\"Publicaciones de Salud Ocupacional: Ergonom\u00eda y Psicosociolog\u00eda de la Prevenci\u00f3n de Riesgos Laborales\" href=\"https:\/\/salud-o.umh.es\/publicaciones-de-salud-ocupacional-ergonomia-y-psicosociologia-de-la-prevencion-de-riesgos-laborales\/\">Ergonom\u00eda y Psicosociolog\u00eda de la Prevenci\u00f3n de Riesgos Laborales<\/a><\/li>\n<li><a title=\"Publicaciones de Salud Ocupacional: Sensibilidad Qu\u00edmica M\u00faltiple\" href=\"https:\/\/salud-o.umh.es\/publicaciones-de-salud-ocupacional-sensibilidad-quimica-multiple\/\">Sensibilidad Qu\u00edmica M\u00faltiple<\/a><\/li>\n<\/ul>\n<h6><a title=\"Todas las publicaciones\" href=\"https:\/\/salud-o.umh.es\/todas-las-publicaciones-2\/\"><span style=\"color: #0000ff;\"><strong>Volver a Todas las publicaciones<\/strong><\/span><\/a><\/h6>\n<p>[\/et_pb_text][\/et_pb_column][et_pb_column type=\u00bb3_4&#8243;][et_pb_text admin_label=\u00bbTexto\u00bb background_layout=\u00bblight\u00bb text_orientation=\u00bbleft\u00bb use_border_color=\u00bboff\u00bb border_color=\u00bb#ffffff\u00bb border_style=\u00bbsolid\u00bb]<\/p>\n<h4><span style=\"color: #0000ff;\"><strong>2017<\/strong><\/span><\/h4>\n<p style=\"text-align: justify;\">Ceresia, F., Molina, R.M. &amp; Solanes, A. (2017). The Perception and Attitudes towards City Garbage Management: a First Analysis. <em>European Journal of\u00a0Interdisciplinary Studies, 7<\/em>(2), 75-81.\u00a0<a href=\"http:\/\/dx.doi.org\/10.26417\/ejis.v3i1.75-81\" target=\"_blank\">http:\/\/dx.doi.org\/10.26417\/ejis.v3i1.75-81<\/a>.\u00a0<strong><a title=\"The Perception and Attitudes Towards City Garbage Management: A First Analysis\" href=\"http:\/\/salud-o.umh.es\/files\/2021\/03\/Francesco.pdf\" target=\"_blank\">PDF<\/a><\/strong><\/p>\n<h4><span style=\"color: #0000ff;\"><strong>2016<\/strong><\/span><\/h4>\n<p style=\"text-align: justify;\">Arrarte, V. (2016).\u00a0<em>An\u00e1lisis de variables psicol\u00f3gicas en pacientes con cardiopat\u00eda isqu\u00e9mica aguda (s\u00edndrome coronario agudo) seg\u00fan el procedimiento empleado<\/em>\u00a0Tesis doctoral no publicada. Universidad Miguel Hern\u00e1ndez de Elche, Alicante. Directores: E.M. Le\u00f3n y F. Sogorb.<\/p>\n<h4><span style=\"color: #0000ff;\"><strong>2014<\/strong><\/span><\/h4>\n<p>Galarza, M., Isaac, C., Pellicer, O., Mayes, A., Broks, P., Montaldi, D., \u2026 Simeone, F. (2014).\u00a0Jazz, Guitar, and Neurosurgery: The Pat Martino Case Report.<i> World Neurosurgery, 81<\/i>(3-4), 651.e1\u2013651. <a href=\"https:\/\/doi.org\/10.1016\/j.wneu.2013.09.042\" target=\"_blank\">https:\/\/doi.org\/10.1016\/j.wneu.2013.09.042<\/a>. <a href=\"https:\/\/www.sciencedirect.com\/science\/article\/abs\/pii\/S1878875013012308?via%3Dihub\" target=\"_blank\"><strong>LINK<\/strong><\/a><\/p>\n<h4><span style=\"color: #0000ff;\"><b><strong>2013<\/strong><\/b><\/span><\/h4>\n<p style=\"text-align: justify;\">Marcelo, A., Gim\u00e9nez, A., Valero, J., Pellicer, O., Amig\u00f3, J. M. (2013). Computational fluid dynamics of ventricular catheters used for the treatment of hydrocephalus: a 3D analysis. <i>Childs Nervous System, 30<\/i>, 105-116. <a href=\"https:\/\/doi.org\/10.1007\/s00381-013-2226-1\" target=\"_blank\">https:\/\/doi.org\/10.1007\/s00381-013-2226-1<\/a>.\u00a0<strong><a href=\"https:\/\/link.springer.com\/article\/10.1007\/s00381-013-2226-1\" target=\"_blank\">LINK<\/a><\/strong><\/p>\n<p style=\"text-align: justify;\">Galarza, M., Gazzeri, R., Barcel\u00f3, C., Mantese, B., Arr\u00e1ez, C., Alfieri, A., \u2026 Mart\u00ednez-Lage, J. F. (2013). Accidental head trauma during care activities in the first year of life: a neurosurgical comparative study. <em>Child\u2019s Nervous System, 29<\/em>(6), 973\u2013978.\u00a0<a href=\"https:\/\/doi.org\/10.1007\/s00381-013-2051-6\" target=\"_blank\">https:\/\/doi.org\/10.1007\/s00381-013-2051-6<\/a>. <strong><a href=\"https:\/\/link.springer.com\/article\/10.1007%2Fs00381-013-2051-6\" target=\"_blank\">LINK<\/a><\/strong><\/p>\n<p style=\"text-align: justify;\"><span lang=\"ES\">van-der Hofstadt, C., Rodr\u00edguez-Mar\u00edn, J., Mart\u00ednez-Zaragoza, F., &amp; De-Santiago, C. (2013). <\/span>Individual differences in personality profiles among potential living kidney transplant donors. <i><span lang=\"ES\">Colombia M\u00e9dica, 44<\/span><\/i><span lang=\"ES\">(4), 213-217. <a href=\"https:\/\/doi.org\/10.25100\/cm.v44i4.1312\" target=\"_blank\">https:\/\/doi.org\/10.25100\/cm.v44i4.1312<\/a>. \u00a0<strong><a href=\"http:\/\/salud-o.umh.es\/files\/2016\/06\/Colombia-M\u00e9dica-2013.pdf\" target=\"_blank\">PDF<\/a><\/strong><\/span><\/p>\n<p style=\"text-align: justify;\">Pineda, S., Benavides, G. y Mart\u00ednez, F. (2013). Tratamiento cognitivo conductual grupal para el trastorno de p\u00e1nico: experiencia en un centro de salud mental. En R. Quevedo-Blasco y V.J. Quevedo-Blasco (Comp.),\u00a0<em>Avances en psicolog\u00eda cl\u00ednica<\/em>, pp. 869-875. Granada: Asociaci\u00f3n Espa\u00f1ola de Psicolog\u00eda Conductual.<\/p>\n<h4><span style=\"color: #0000ff;\"><b><strong>2012<\/strong><\/b><\/span><\/h4>\n<p style=\"text-align: justify;\">Costa, R. y\u00a0Salvador,\u00a0A. (2012). Association between success and failure in a face-to-face competition and psychobiological parameters in young women. <i>Psychoneuroendocrinology, 37<\/i>(11), 1780-2790. <a href=\"https:\/\/doi.org\/10.1016\/j.psyneuen.2012.03.012\" target=\"_blank\">https:\/\/doi.org\/10.1016\/j.psyneuen.2012.03.012<\/a>. <a href=\"https:\/\/www.sciencedirect.com\/science\/article\/abs\/pii\/S0306453012000984?via%3Dihub\" target=\"_blank\"><strong>LINK<\/strong><\/a><\/p>\n<h4><span style=\"color: #0000ff;\"><b><strong>2011<\/strong><\/b><\/span><\/h4>\n<p style=\"text-align: justify;\">Vera,\u00a0M.,\u00a0Salanova,\u00a0M.,\u00a0Mart\u00edn\u00a0del\u00a0Rio,\u00a0B.\u00a0(2011). Self-efficacy\u00a0among\u00a0university\u00a0faculty: how to develop an adjusted scale<i>. <\/i><i>Anales de Psicolog\u00eda,\u00a027<\/i>(3), 800-807. <a href=\"http:\/\/salud-o.umh.es\/files\/2021\/03\/Self-efficacy-among-university-faculty-how-to-develop-an-adjusted-scale.pdf\" target=\"_blank\"><strong>PDF<\/strong><\/a><\/p>\n<div style=\"text-align: justify;\">\n<h4><span style=\"color: #0000ff;\"><strong>2009<\/strong><\/span><\/h4>\n<\/div>\n<p style=\"text-align: justify;\">Ingl\u00e9s, C.J., Benavides, G., Redondo, J., Garc\u00eda-Fern\u00e1ndez, J.M., Ruiz-Esteban, C., Est\u00e9vez, C. y Hu\u00e9scar, E. (2009). Conducta prosocial y rendimiento acad\u00e9mico en estudiantes espa\u00f1oles de Educaci\u00f3n Secundaria Obligatoria. <em>Anales de Psicolog\u00eda, 25 <\/em>(1), 93-101.\u00a0<strong><a title=\"Conducta prosocial y rendimiento acad\u00e9mico en estudiantes espa\u00f1oles de Educaci\u00f3n Secundaria Obligatoria\" href=\"http:\/\/salud-o.umh.es\/files\/2021\/03\/71541-Texto-del-art\u00edculo-296941-1-10-20090706.pdf\" target=\"_blank\">PDF<\/a><\/strong><\/p>\n<p style=\"text-align: justify;\">Benavides, G. (2009). El juego y su valor terap\u00e9utico en la enfermedad infantil. En Asociaci\u00f3n Viktor E. Frankl (Coord.),\u00a0<em>El duelo \u201caqu\u00ed y ahora\u201d. Observar el duelo para elaborar el sentido,<\/em>\u00a0pp. 93-108. Valencia: Sello Editorial.<\/p>\n<h4><span style=\"color: #0000ff;\"><b><strong>2008<\/strong><\/b><\/span><\/h4>\n<p style=\"text-align: justify;\">Ingl\u00e9s, C.J., Mart\u00ednez-Monteagudo, M.C., Delgado, B., Torregrosa, M.S., Benavides, G., Garc\u00eda-Fern\u00e1ndez, J.M. y Garc\u00eda-L\u00f3pez, L.J. y Redondo, J. (2008). Prevalencia de la conducta agresiva, conducta prosocial y ansiedad social en una muestra de adolescentes espa\u00f1oles: un estudio comparativo. <em>Infancia y Aprendizaje, 31<\/em>(4), 449-461. <a href=\"https:\/\/doi.org\/10.1174\/021037008786140968\" target=\"_blank\">https:\/\/doi.org\/10.1174\/021037008786140968<\/a>. <a href=\"https:\/\/www.tandfonline.com\/doi\/abs\/10.1174\/021037008786140968\" target=\"_blank\"><strong>LINK<\/strong><\/a><\/p>\n<h4><span style=\"color: #0000ff;\"><b><strong>2007<\/strong><\/b><\/span><\/h4>\n<p style=\"text-align: justify;\">Quiles, Y., Pastor, Y., Benavides, G., Mart\u00ednez, F. y N\u00fa\u00f1ez, R. (2007). Determinantes psicosociales de la ideaci\u00f3n agresiva en los adolescentes ilicitanos. En J. Romay Mart\u00ednez (Ed.),\u00a0<em>Perspectivas y retrospectivas de la Psicolog\u00eda Social en los albores del siglo XXI<\/em>,\u00a0 pp. 391-397. Madrid: Biblioteca Nueva.<\/p>\n<h4><span style=\"color: #0000ff;\"><b><strong>2005<\/strong><\/b><\/span><\/h4>\n<p>Solanes, A. (2005).\u00a0<i>II Congreso Nacional de Estudiantes de Psicolog\u00eda: Intervenciones de la Psicolog\u00eda para los problemas sociales de hoy<\/i>. Libro DVD. Elche: Limencop.<\/p>\n<p>Garc\u00eda, J.M., Ingl\u00e9s, C., Ruiz, C., Benavides, G., Pastor, Y., Mart\u00ednez, F. y Est\u00e9vez, C. (2005). Prevalencia del comportamiento prosocial en E.S.O.: An\u00e1lisis por g\u00e9nero y curso acad\u00e9mico. En J.A. del Barrio, M.I. Fajardo, F. Vicente, A.V. D\u00edaz y I. Ruiz (Eds.),\u00a0<em>Nuevos contextos psicol\u00f3gicos y sociales en educaci\u00f3n,<\/em>\u00a0pp. 185-195. Santander: Psicoex.<\/p>\n<p>Ingl\u00e9s, C., Ruiz, C., Garc\u00eda, J.M., Benavides, G., Est\u00e9vez, C., Mart\u00ednez, F., Torregrosa, M. y Pastor, Y. (2005). Tasas de popularidad, rechazo y olvido en estudiantes prosociales de E.S.O. En J.A. del Barrio, M.I. Fajardo, F. Vicente, A.V. D\u00edaz y I. Ruiz (Eds.),\u00a0<em>Nuevos contextos psicol\u00f3gicos y sociales en educaci\u00f3n,<\/em>\u00a0pp. 323-335. Santander: Psicoex.<\/p>\n<h4><span style=\"color: #0000ff;\"><b><strong>2003<\/strong><\/b><\/span><\/h4>\n<p style=\"text-align: justify;\">Benavides, G., Quiles, M.J., Sitges, E., Pastor, Y., P\u00e9rez, V., Est\u00e9vez, C., March, M.J. y Ca\u00f1adas, I. (2003). Relaci\u00f3n entre el apoyo social y la depresi\u00f3n en la adolescencia: un estudio piloto. <em>Encuentros en Psicolog\u00eda Social, 1<\/em>(1), 345-348.<\/p>\n<p style=\"text-align: justify;\">Pastor, Y., P\u00e9rez, V., Est\u00e9vez, C., March, M.J., Ca\u00f1adas, I., Benavides, G., Quiles, M.J. y Sitges, E. (2003). Un estudio piloto sobre la adaptaci\u00f3n versus inadaptaci\u00f3n en la adolescencia temprana. <em>Encuentros en Psicolog\u00eda Social, 1<\/em>(1)<em>,<\/em> 334-337.<\/p>\n<h4><span style=\"color: #0000ff;\"><b><strong>2002<\/strong><\/b><\/span><\/h4>\n<p style=\"text-align: justify;\">Pastor, Y., Balaguer, I. y Benavides, G. (2002). Influencia de los dominios del autoconcepto en la autoestima de los adolescentes. <em>Revista de Psicolog\u00eda Social Aplicada, 12<\/em>(3), 97-112.<\/p>\n<p>Ca\u00f1ero, J. y Solanes, A. (2002). Prejuicio y Religi\u00f3n: Una relaci\u00f3n parad\u00f3jica<em>. Psicolog\u00eda, Educa\u00e7ao e Cultura, 6<\/em>(2), 243-278.<\/p>\n<h4><span style=\"color: #0000ff;\"><b><strong>2000<\/strong><\/b><\/span><\/h4>\n<p>Gonz\u00e1lez, R., Benavides, G. y Montoya, I. (2000). Preparaci\u00f3n psicol\u00f3gica basada en el juego. En J.M. Ortigosa y F.X. M\u00e9ndez (Coords.),\u00a0<em>Hospitalizaci\u00f3n infantil. Repercusiones psicol\u00f3gicas,\u00a0<\/em>\u00a0pp. 95-118. Madrid: Biblioteca Nueva.<\/p>\n<p>Gonz\u00e1lez, R., Montoya, I. y Benavides, G. (2000). El desarrollo infantil y el juego. En M. Costa (Coord.),\u00a0<em>El juego y el juguete en la hospitalizaci\u00f3n infantil,<\/em>\u00a0pp. 9-33. Valencia: Nau Llibres.<\/p>\n<p>Benavides, G., Montoya, I. y Gonz\u00e1lez, R. (2000). La experiencia de la hospitalizaci\u00f3n en la infancia. En M. Costa (Coord.),\u00a0<em>El juego y el juguete en la hospitalizaci\u00f3n infantil,<\/em>\u00a0pp. 35-62. Valencia: Nau Llibres.<\/p>\n<p>Montoya, I., Benavides, G. y Gonz\u00e1lez, R. (2000). Preparaci\u00f3n psicol\u00f3gica para la hospitalizaci\u00f3n infantil: el efecto terap\u00e9utico del juego. En M. Costa (Coord.),\u00a0<em>El juego y el juguete en la hospitalizaci\u00f3n infantil,<\/em>\u00a0pp. 63-90. Valencia: Nau Llibres.<\/p>\n<h4><span style=\"color: #0000ff;\"><strong>1998<\/strong><\/span><\/h4>\n<p>Gonz\u00e1lez, R., Calvo, A.J., Benavides, G. y Sifre, S. (1998). Sistemas de clasificaci\u00f3n en psicopatolog\u00eda infantil. En R. Gonz\u00e1lez (Coord. y Dir.),\u00a0<em>Psicopatolog\u00eda del ni\u00f1o y del adolescente,<\/em>\u00a0pp. 49-84. Madrid: Pir\u00e1mide.<\/p>\n<p>Gonz\u00e1lez, R., Sifre, S., Benavides, G. y Calvo, A.J. (1998). Esquizofrenia infantil. En R. Gonz\u00e1lez (Coord. y Dir.),\u00a0<em>Psicopatolog\u00eda del ni\u00f1o y del adolescente,<\/em>\u00a0pp. 263-293. Madrid: Pir\u00e1mide.<\/p>\n<h4><span style=\"color: #0000ff;\"><b><strong>1996<\/strong><\/b><\/span><\/h4>\n<p>Gonz\u00e1lez, R., Costa, M., T\u00e9var, M.P. y Benavides, G. (1996). Ludom\u00f3vil: una ludoteca itinerante para hospitales.\u00a0<em>Juguetes y Juegos de Espa\u00f1a, 139,<\/em>\u00a0106-107.<\/p>\n<p>Barreto, M.P., P\u00e9rez, M.A. y Benavides, G. (1997). La entrevista terap\u00e9utica. En M.C. Martorell y R. Gonz\u00e1lez (Eds.),\u00a0<em>Entrevista y Consejo Psicol\u00f3gico,<\/em>\u00a0pp. 105-134. Madrid: S\u00edntesis.<\/p>\n<p>T\u00e9var, M.P., Gonz\u00e1lez, R., Benavides, G. y Costa, M. (1997). Chemotherapy effects on the psychological state of hospitalised children with cancer.\u00a0<em>Proceeding IV Congress of the European Association of Palliative Care,<\/em>\u00a0504-511.<\/p>\n<p>[\/et_pb_text][\/et_pb_column][\/et_pb_row][\/et_pb_section][et_pb_section admin_label=\u00bbsection\u00bb][et_pb_row admin_label=\u00bbrow\u00bb][\/et_pb_row][\/et_pb_section]<\/p>","protected":false},"excerpt":{"rendered":"<p>&nbsp; &nbsp; Publicaciones por tem\u00e1ticas Cienciometr\u00eda An\u00e1lisis bibliom\u00e9trico y mapeo de la ciencia Intervenci\u00f3n en cat\u00e1strofes DANA o desastres naturales Psicolog\u00eda Psicolog\u00eda del Deporte Drogas y Adicciones Psicolog\u00eda del Tr\u00e1fico y Seguridad Vial Voluntariado Otras tem\u00e1ticas Psicolog\u00eda del Trabajo y las Organizaciones Competencias Contrato Psicol\u00f3gico Nuevas Tecnolog\u00edas Psicolog\u00eda del Trabajo, Organizaciones y Recursos Humanos Salud [&hellip;]<\/p>\n","protected":false},"author":4484,"featured_media":0,"parent":0,"menu_order":0,"comment_status":"closed","ping_status":"open","template":"","meta":{"_et_pb_use_builder":"on","_et_pb_old_content":"","_et_gb_content_width":"","_links_to":"","_links_to_target":""},"_links":{"self":[{"href":"https:\/\/salud-o.umh.es\/es\/wp-json\/wp\/v2\/pages\/2032"}],"collection":[{"href":"https:\/\/salud-o.umh.es\/es\/wp-json\/wp\/v2\/pages"}],"about":[{"href":"https:\/\/salud-o.umh.es\/es\/wp-json\/wp\/v2\/types\/page"}],"author":[{"embeddable":true,"href":"https:\/\/salud-o.umh.es\/es\/wp-json\/wp\/v2\/users\/4484"}],"replies":[{"embeddable":true,"href":"https:\/\/salud-o.umh.es\/es\/wp-json\/wp\/v2\/comments?post=2032"}],"version-history":[{"count":0,"href":"https:\/\/salud-o.umh.es\/es\/wp-json\/wp\/v2\/pages\/2032\/revisions"}],"wp:attachment":[{"href":"https:\/\/salud-o.umh.es\/es\/wp-json\/wp\/v2\/media?parent=2032"}],"curies":[{"name":"wp","href":"https:\/\/api.w.org\/{rel}","templated":true}]}}