{"id":2122,"date":"2021-07-29T13:17:20","date_gmt":"2021-07-29T13:17:20","guid":{"rendered":"https:\/\/salud-o.umh.es\/?page_id=2122"},"modified":"2021-09-03T07:11:23","modified_gmt":"2021-09-03T07:11:23","slug":"publicaciones-de-salud-ocupacional-adaptacion-y-valoracion-de-puestos","status":"publish","type":"page","link":"https:\/\/salud-o.umh.es\/es\/publicaciones-de-salud-ocupacional-adaptacion-y-valoracion-de-puestos\/","title":{"rendered":"Publicaciones de Salud Ocupacional: Adaptaci\u00f3n y Valoraci\u00f3n de Puestos"},"content":{"rendered":"<p>[et_pb_section admin_label=\u00bbsection\u00bb fb_built=\u00bb1&#8243; _builder_version=\u00bb3.10.1&#8243; use_background_color_gradient=\u00bbon\u00bb background_image=\u00bbhttp:\/\/salud-o.umh.es\/files\/2018\/07\/saludo.png\u00bb transparent_background=\u00bboff\u00bb allow_player_pause=\u00bboff\u00bb inner_shadow=\u00bboff\u00bb parallax=\u00bboff\u00bb parallax_method=\u00bboff\u00bb padding_mobile=\u00bboff\u00bb make_fullwidth=\u00bboff\u00bb use_custom_width=\u00bboff\u00bb width_unit=\u00bbon\u00bb make_equal=\u00bboff\u00bb use_custom_gutter=\u00bboff\u00bb][et_pb_row admin_label=\u00bbFila\u00bb][et_pb_column type=\u00bb4_4&#8243;][\/et_pb_column][\/et_pb_row][\/et_pb_section][et_pb_section admin_label=\u00bbsection\u00bb][et_pb_row admin_label=\u00bbrow\u00bb][et_pb_column type=\u00bb4_4&#8243;][et_pb_divider admin_label=\u00bbSeparador\u00bb color=\u00bb#000000&#8243; show_divider=\u00bbon\u00bb height=\u00bb2&#8243; divider_style=\u00bbsolid\u00bb divider_position=\u00bbtop\u00bb hide_on_mobile=\u00bbon\u00bb]<br \/>\n[\/et_pb_divider][\/et_pb_column][\/et_pb_row][et_pb_row admin_label=\u00bbrow\u00bb][et_pb_column type=\u00bb4_4&#8243;][et_pb_post_title admin_label=\u00bbT\u00edtulo de publicaci\u00f3n\u00bb title=\u00bbon\u00bb meta=\u00bboff\u00bb author=\u00bbon\u00bb date=\u00bbon\u00bb categories=\u00bbon\u00bb comments=\u00bbon\u00bb featured_image=\u00bboff\u00bb featured_placement=\u00bbbelow\u00bb parallax_effect=\u00bbon\u00bb parallax_method=\u00bbon\u00bb text_orientation=\u00bbcenter\u00bb text_color=\u00bbdark\u00bb text_background=\u00bboff\u00bb text_bg_color=\u00bbrgba(255,255,255,0.9)\u00bb module_bg_color=\u00bbrgba(255,255,255,0)\u00bb title_all_caps=\u00bboff\u00bb use_border_color=\u00bboff\u00bb border_color=\u00bb#ffffff\u00bb border_style=\u00bbsolid\u00bb custom_margin=\u00bb||-25px|\u00bb]<br \/>\n[\/et_pb_post_title][\/et_pb_column][\/et_pb_row][et_pb_row admin_label=\u00bbrow\u00bb make_fullwidth=\u00bboff\u00bb use_custom_width=\u00bboff\u00bb width_unit=\u00bbon\u00bb use_custom_gutter=\u00bboff\u00bb padding_mobile=\u00bboff\u00bb allow_player_pause=\u00bboff\u00bb parallax=\u00bbon\u00bb parallax_method=\u00bbon\u00bb make_equal=\u00bboff\u00bb parallax_1=\u00bboff\u00bb parallax_method_1=\u00bboff\u00bb parallax_2=\u00bboff\u00bb parallax_method_2=\u00bboff\u00bb column_padding_mobile=\u00bbon\u00bb][et_pb_column type=\u00bb1_4&#8243;][et_pb_text admin_label=\u00bbTexto\u00bb background_layout=\u00bblight\u00bb text_orientation=\u00bbleft\u00bb use_border_color=\u00bboff\u00bb border_color=\u00bb#ffffff\u00bb border_style=\u00bbsolid\u00bb custom_css_main_element=\u00bbposition: sticky;|| top: 0px;|| z-index: 9999;\u00bb disabled=\u00bboff\u00bb disabled_on=\u00bboff|off|\u00bb]<\/p>\n<h4><span style=\"color: #0000ff;\"><strong>Publicaciones por tem\u00e1ticas<\/strong><\/span><\/h4>\n<h6><a title=\"Publicaciones de Cienciometr\u00eda\" href=\"https:\/\/salud-o.umh.es\/1870-2\/\"><span style=\"color: #0000ff;\"><strong>Cienciometr\u00eda<\/strong><\/span><\/a><\/h6>\n<ul>\n<li><a title=\"Publicaciones de Cienciometr\u00eda\" href=\"https:\/\/salud-o.umh.es\/1870-2\/\">An\u00e1lisis bibliom\u00e9trico y mapeo de la ciencia<\/a><\/li>\n<\/ul>\n<h6><a title=\"Publicaciones de Desastres\" href=\"https:\/\/salud-o.umh.es\/publicaciones-de-desastres\/\"><span style=\"color: #0000ff;\"><strong>Intervenci\u00f3n en cat\u00e1strofes<\/strong><\/span><\/a><\/h6>\n<ul>\n<li><a title=\"Publicaciones de Desastres\" href=\"https:\/\/salud-o.umh.es\/publicaciones-de-desastres\/\">DANA o desastres naturales<\/a><\/li>\n<\/ul>\n<h6><a title=\"Publicaciones de Psicolog\u00eda\" href=\"https:\/\/salud-o.umh.es\/publicaciones-de-psicologia\/\"><span style=\"color: #0000ff;\"><strong>Psicolog\u00eda<\/strong><\/span><\/a><\/h6>\n<ul>\n<li><a title=\"Publicaciones de Psicolog\u00eda de la Salud: Actividad F\u00edsica\" href=\"https:\/\/salud-o.umh.es\/publicaciones-de-psicologia-actividad-fisica\/\">Psicolog\u00eda del Deporte<\/a><\/li>\n<li><a title=\"Publicaciones de Psicolog\u00eda de la Salud: Drogas y Adicciones\" href=\"https:\/\/salud-o.umh.es\/publicaciones-de-psicologia-de-la-salud-drogas-y-adicciones\/\">Drogas y Adicciones<\/a><\/li>\n<li><a title=\"Publicaciones de Psicolog\u00eda del Tr\u00e1fico y Seguridad Vial\" href=\"https:\/\/salud-o.umh.es\/psicologia-del-trafico-y-seguridad-vial\/\">Psicolog\u00eda del Tr\u00e1fico y Seguridad Vial<\/a><\/li>\n<li><a title=\"Publicaciones de Voluntariado\" href=\"https:\/\/salud-o.umh.es\/publicaciones-de-voluntariado\/\">Voluntariado<\/a><\/li>\n<li><a title=\"Publicaciones de Psicolog\u00eda: Otras tem\u00e1ticas\" href=\"https:\/\/salud-o.umh.es\/publicaciones-de-psicologia-otras-tematicas\/\">Otras tem\u00e1ticas<\/a><\/li>\n<\/ul>\n<h6><a title=\"Publicaciones de Psicolog\u00eda del Trabajo y las Organizaciones\" href=\"https:\/\/salud-o.umh.es\/publicaciones-de-psicologia-del-trabajo-y-las-organizaciones\/\"><span style=\"color: #0000ff;\"><strong>Psicolog\u00eda del Trabajo y las Organizaciones<\/strong><\/span><\/a><\/h6>\n<ul>\n<li><a title=\"Publicaciones de Psicolog\u00eda del Trabajo y las Organizaciones: Competencias\" href=\"https:\/\/salud-o.umh.es\/publicaciones-de-psicologia-del-trabajo-y-las-organizaciones-competencias\/\">Competencias<\/a><\/li>\n<li><a title=\"Publicaciones de Psicolog\u00eda del Trabajo y las Organizaciones: Contrato Psicol\u00f3gico\" href=\"https:\/\/salud-o.umh.es\/publicaciones-de-psicologia-del-trabajo-y-las-organizaciones-contrato-psicologico\/\">Contrato Psicol\u00f3gico<\/a><\/li>\n<li><a title=\"Publicaciones de Psicolog\u00eda del Trabajo y las Organizaciones: Nuevas Tecnolog\u00edas\" href=\"https:\/\/salud-o.umh.es\/publicaciones-de-psicologia-del-trabajo-y-las-organizaciones-nuevas-tecnologias\/\">Nuevas Tecnolog\u00edas<\/a><\/li>\n<li><a title=\"Publicaciones de Psicolog\u00eda del Trabajo y las Organizaciones: Psicolog\u00eda del Trabajo, Organizaciones y Recursos Humanos\" href=\"https:\/\/salud-o.umh.es\/publicaciones-de-psicologia-del-trabajo-y-las-organizaciones-psicologia-del-trabajo-organizaciones-y-recursos-humanos\/\">Psicolog\u00eda del Trabajo, Organizaciones y Recursos Humanos<\/a><\/li>\n<\/ul>\n<h6><a title=\"Publicaciones de Salud Ocupacional\" href=\"https:\/\/salud-o.umh.es\/publicaciones-de-salud-ocupacional\/\"><span style=\"color: #0000ff;\"><strong>Salud Ocupacional<\/strong><\/span><\/a><\/h6>\n<ul>\n<li>Adaptaci\u00f3n y valoraci\u00f3n de puestos<\/li>\n<li><a title=\"Publicaciones de Salud Ocupacional: Colectivos Profesionales\" href=\"https:\/\/salud-o.umh.es\/publicaciones-de-salud-ocupacional-colectivos-profesionales\/\">Riesgos Psicosociales en colectivos profesionales<\/a><\/li>\n<li><a title=\"Publicaciones de Salud Ocupacional: Ergonom\u00eda y Psicosociolog\u00eda de la Prevenci\u00f3n de Riesgos Laborales\" href=\"https:\/\/salud-o.umh.es\/publicaciones-de-salud-ocupacional-ergonomia-y-psicosociologia-de-la-prevencion-de-riesgos-laborales\/\">Ergonom\u00eda y Psicosociolog\u00eda de la Prevenci\u00f3n de Riesgos Laborales<\/a><\/li>\n<li><a title=\"Publicaciones de Salud Ocupacional: Sensibilidad Qu\u00edmica M\u00faltiple\" href=\"https:\/\/salud-o.umh.es\/publicaciones-de-salud-ocupacional-sensibilidad-quimica-multiple\/\">Sensibilidad Qu\u00edmica M\u00faltiple<\/a><\/li>\n<\/ul>\n<h6><a title=\"Todas las publicaciones\" href=\"https:\/\/salud-o.umh.es\/todas-las-publicaciones-2\/\"><span style=\"color: #0000ff;\"><strong>Volver a Todas las publicaciones<\/strong><\/span><\/a><\/h6>\n<p>[\/et_pb_text][\/et_pb_column][et_pb_column type=\u00bb3_4&#8243;][et_pb_text admin_label=\u00bbTexto\u00bb background_layout=\u00bblight\u00bb text_orientation=\u00bbleft\u00bb use_border_color=\u00bboff\u00bb border_color=\u00bb#ffffff\u00bb border_style=\u00bbsolid\u00bb]<\/p>\n<h4><span style=\"color: #0000ff;\"><strong>2020<\/strong><\/span><\/h4>\n<p>Hern\u00e1ndez Pomares, L. &amp; Lobato Ca\u00f1\u00f3n, J.R. (2020). An\u00e1lisis y adaptaci\u00f3n de los puestos de trabajo de monitor\/a escolar como medio de inclusi\u00f3n para trabajadores y alumnos.\u00a0En A. Solanes y B. Mart\u00edn del R\u00edo (Eds.),\u00a0<em>Estudios de clima y adaptaciones de puestos de trabajo en las organizaciones\u00a0<\/em>(pp. 121-129). Alicante: ESATUR.<strong>\u00a0<a href=\"http:\/\/salud-o.umh.es\/files\/2020\/12\/An\u00e1lisis-y-adaptaci\u00f3n-de-los-puestos-de-trabajo-de-monitor-a-escolar-como-medio-de-inclusi\u00f3n-para-trabajadores-y-alumnos.pdf\" target=\"_blank\">PDF<\/a><\/strong><\/p>\n<p>Kalmurzayeva, D. &amp; Lobato Ca\u00f1\u00f3n, J.R. (2020). Inserci\u00f3n y adaptaci\u00f3n de personas con discapacidad intelectual en el sector aeroportuario.\u00a0En A. Solanes y B. Mart\u00edn del R\u00edo (Eds.),\u00a0<em>Estudios de clima y adaptaciones de puestos de trabajo en las organizaciones\u00a0<\/em>(pp.\u00a0133-146). Alicante: ESATUR.<strong>\u00a0<a href=\"http:\/\/salud-o.umh.es\/files\/2020\/12\/Inserci\u00f3n-y-adaptaci\u00f3n-de-personas-con-discapacidad-intelectual-en-el-sector-aeroportuario.pdf\" target=\"_blank\">PDF<\/a><\/strong><\/p>\n<p>Llorens Devesa, M. &amp; Lobato Ca\u00f1\u00f3n, J.R. (2020). Valoraci\u00f3n de requerimientos ocupacionales y adaptaci\u00f3n de puestos de trabajo.\u00a0En A. Solanes y B. Mart\u00edn del R\u00edo (Eds.),\u00a0<em>Estudios de clima y adaptaciones de puestos de trabajo en las organizaciones\u00a0<\/em>(pp. 147-153).\u00a0Alicante: ESATUR.<strong>\u00a0<a href=\"http:\/\/salud-o.umh.es\/files\/2020\/12\/Valoraci\u00f3n-de-requerimientos-ocupacionales-y-adaptaci\u00f3n-de-puestos-de-trabajo.pdf\" target=\"_blank\">PDF<\/a><\/strong><\/p>\n<p>Pons Ferr\u00e1ndez, I.C &amp; Lobato Ca\u00f1\u00f3n, J.R. (2020). Valoraci\u00f3n de requerimientos ocupacionales y adaptaci\u00f3n de puestos de trabajo.\u00a0En A. Solanes y B. Mart\u00edn del R\u00edo (Eds.),\u00a0<em>Estudios de clima y adaptaciones de puestos de trabajo en las organizaciones\u00a0<\/em>(pp. 167-179).\u00a0Alicante: ESATUR.<strong>\u00a0<a href=\"http:\/\/salud-o.umh.es\/files\/2020\/12\/Valoraci\u00f3n-de-requerimientos-ocupacionales-y-adaptaci\u00f3n-de-puestos-de-trabajo-2.pdf\" target=\"_blank\">PDF<\/a><\/strong><\/p>\n<p>Salas M\u00e9ndez, J.A. &amp; Lobato Ca\u00f1\u00f3n, J.R. (2020). Estudio de viabilidad de adaptaci\u00f3n de puestos de trabajo en una empresa de carpinter\u00eda. En A. Solanes y B. Mart\u00edn del R\u00edo (Eds.),\u00a0<em>Estudios de clima y adaptaciones de puestos de trabajo en las organizaciones\u00a0<\/em>(pp. 181-189).\u00a0Alicante: ESATUR.<strong>\u00a0<a href=\"http:\/\/salud-o.umh.es\/files\/2020\/12\/Estudio-de-viabilidad-de-adaptaci\u00f3n-de-puestos-de-trabajo-en-una-empresa-de-carpinter\u00eda.pdf\" target=\"_blank\">PDF<\/a><\/strong><\/p>\n<p>Lerma Bernat, M.M. &amp; Lobato Ca\u00f1\u00f3n, J.R. (2020). An\u00e1lisis de la accesibilidad para el profesorado en los institutos de educaci\u00f3n secundaria de Elche.\u00a0En A. Solanes y B. Mart\u00edn del R\u00edo (Eds.),\u00a0<em>Estudios de clima y adaptaciones de puestos de trabajo en las organizaciones\u00a0<\/em>(pp. 191-209).\u00a0Alicante: ESATUR.<strong>\u00a0<a href=\"http:\/\/salud-o.umh.es\/files\/2020\/12\/An\u00e1lisis-de-la-accesibilidad-para-el-profesorado-en-los-institutos-de-educaci\u00f3n-secundaria-de-Elche.pdf\" target=\"_blank\">PDF<\/a><\/strong><\/p>\n<p>Lucas Dri\u00e9guez, N. &amp; Lobato Ca\u00f1\u00f3n, J.R. (2020). Discapacitados e integraci\u00f3n laboral. En A. Solanes y B. Mart\u00edn del R\u00edo (Eds.),\u00a0<em>Estudios de clima y adaptaciones de puestos de trabajo en las organizaciones\u00a0<\/em>(pp. 211-215).\u00a0Alicante: ESATUR.<strong>\u00a0<a href=\"http:\/\/salud-o.umh.es\/files\/2020\/12\/Discapacitados-e-integraci\u00f3n-laboral.pdf\" target=\"_blank\">PDF<\/a><\/strong><\/p>\n<p>Mu\u00f1oz Moreno, J.E. &amp; Lobato Ca\u00f1\u00f3n, J.R. (2020). Incentivos para la integraci\u00f3n laboral de las personas con discapacidad y para la adaptaci\u00f3n de puestos de trabajo.\u00a0En A. Solanes y B. Mart\u00edn del R\u00edo (Eds.),\u00a0<em>Estudios de clima y adaptaciones de puestos de trabajo en las organizaciones\u00a0<\/em>(pp. 217-227).\u00a0Alicante: ESATUR.<strong>\u00a0<a href=\"http:\/\/salud-o.umh.es\/files\/2020\/12\/Incentivos-para-la-integraci\u00f3n-laboral-de-las-personas-con-discapacidad-y-para-la-adaptaci\u00f3n-de-puestos-de-trabajo.pdf\" target=\"_blank\">PDF<\/a><\/strong><\/p>\n<p>Rufete Selma, A. &amp; Lobato Ca\u00f1\u00f3n, J.R. (2020). La integraci\u00f3n de las personas con discapacidad en el sector de la distribuci\u00f3n.\u00a0En A. Solanes y B. Mart\u00edn del R\u00edo (Eds.),\u00a0<em>Estudios de clima y adaptaciones de puestos de trabajo en las organizaciones\u00a0<\/em>(pp. 229-232).\u00a0Alicante: ESATUR.<strong>\u00a0<a href=\"http:\/\/salud-o.umh.es\/files\/2020\/12\/La-integraci\u00f3n-de-las-personas-con-discapacidad-en-el-sector-de-la-distribuci\u00f3n.pdf\" target=\"_blank\">PDF<\/a><\/strong><\/p>\n<p>Torrecillas Cuartero, C. &amp; Lobato Ca\u00f1\u00f3n, J.R. (2020). Ayuda a los discapacitados visuales en las Universidades espa\u00f1olas.\u00a0En A. Solanes y B. Mart\u00edn del R\u00edo (Eds.),\u00a0<em>Estudios de clima y adaptaciones de puestos de trabajo en las organizaciones\u00a0<\/em>(pp. 233-238).\u00a0Alicante: ESATUR.<strong>\u00a0<a href=\"http:\/\/salud-o.umh.es\/files\/2020\/12\/Ayuda-a-los-discapacitados-visuales-en-las-Universidades-espa\u00f1olas.pdf\" target=\"_blank\">PDF<\/a><\/strong><\/p>\n<p>[\/et_pb_text][\/et_pb_column][\/et_pb_row][\/et_pb_section][et_pb_section admin_label=\u00bbsection\u00bb][et_pb_row admin_label=\u00bbrow\u00bb][\/et_pb_row][\/et_pb_section]<\/p>","protected":false},"excerpt":{"rendered":"<p>Publicaciones por tem\u00e1ticas Cienciometr\u00eda An\u00e1lisis bibliom\u00e9trico y mapeo de la ciencia Intervenci\u00f3n en cat\u00e1strofes DANA o desastres naturales Psicolog\u00eda Psicolog\u00eda del Deporte Drogas y Adicciones Psicolog\u00eda del Tr\u00e1fico y Seguridad Vial Voluntariado Otras tem\u00e1ticas Psicolog\u00eda del Trabajo y las Organizaciones Competencias Contrato Psicol\u00f3gico Nuevas Tecnolog\u00edas Psicolog\u00eda del Trabajo, Organizaciones y Recursos Humanos Salud Ocupacional Adaptaci\u00f3n [&hellip;]<\/p>\n","protected":false},"author":4484,"featured_media":0,"parent":0,"menu_order":0,"comment_status":"closed","ping_status":"open","template":"","meta":{"_et_pb_use_builder":"on","_et_pb_old_content":"","_et_gb_content_width":"","_links_to":"","_links_to_target":""},"_links":{"self":[{"href":"https:\/\/salud-o.umh.es\/es\/wp-json\/wp\/v2\/pages\/2122"}],"collection":[{"href":"https:\/\/salud-o.umh.es\/es\/wp-json\/wp\/v2\/pages"}],"about":[{"href":"https:\/\/salud-o.umh.es\/es\/wp-json\/wp\/v2\/types\/page"}],"author":[{"embeddable":true,"href":"https:\/\/salud-o.umh.es\/es\/wp-json\/wp\/v2\/users\/4484"}],"replies":[{"embeddable":true,"href":"https:\/\/salud-o.umh.es\/es\/wp-json\/wp\/v2\/comments?post=2122"}],"version-history":[{"count":0,"href":"https:\/\/salud-o.umh.es\/es\/wp-json\/wp\/v2\/pages\/2122\/revisions"}],"wp:attachment":[{"href":"https:\/\/salud-o.umh.es\/es\/wp-json\/wp\/v2\/media?parent=2122"}],"curies":[{"name":"wp","href":"https:\/\/api.w.org\/{rel}","templated":true}]}}