{"id":2134,"date":"2021-07-29T13:18:33","date_gmt":"2021-07-29T13:18:33","guid":{"rendered":"https:\/\/salud-o.umh.es\/?page_id=2134"},"modified":"2021-09-03T08:02:41","modified_gmt":"2021-09-03T08:02:41","slug":"publicaciones-de-salud-ocupacional-ergonomia-y-psicosociologia-de-la-prevencion-de-riesgos-laborales","status":"publish","type":"page","link":"https:\/\/salud-o.umh.es\/es\/publicaciones-de-salud-ocupacional-ergonomia-y-psicosociologia-de-la-prevencion-de-riesgos-laborales\/","title":{"rendered":"Publicaciones de Salud Ocupacional: Ergonom\u00eda y Psicosociolog\u00eda de la Prevenci\u00f3n de Riesgos Laborales"},"content":{"rendered":"<p>[et_pb_section admin_label=\u00bbsection\u00bb fb_built=\u00bb1&#8243; _builder_version=\u00bb3.10.1&#8243; use_background_color_gradient=\u00bbon\u00bb background_image=\u00bbhttp:\/\/salud-o.umh.es\/files\/2018\/07\/saludo.png\u00bb transparent_background=\u00bboff\u00bb allow_player_pause=\u00bboff\u00bb inner_shadow=\u00bboff\u00bb parallax=\u00bboff\u00bb parallax_method=\u00bboff\u00bb padding_mobile=\u00bboff\u00bb make_fullwidth=\u00bboff\u00bb use_custom_width=\u00bboff\u00bb width_unit=\u00bbon\u00bb make_equal=\u00bboff\u00bb use_custom_gutter=\u00bboff\u00bb][et_pb_row admin_label=\u00bbFila\u00bb][et_pb_column type=\u00bb4_4&#8243;][\/et_pb_column][\/et_pb_row][\/et_pb_section][et_pb_section admin_label=\u00bbsection\u00bb][et_pb_row admin_label=\u00bbrow\u00bb][et_pb_column type=\u00bb4_4&#8243;][et_pb_divider admin_label=\u00bbSeparador\u00bb color=\u00bb#000000&#8243; show_divider=\u00bbon\u00bb height=\u00bb2&#8243; divider_style=\u00bbsolid\u00bb divider_position=\u00bbtop\u00bb hide_on_mobile=\u00bbon\u00bb]<br \/>\n[\/et_pb_divider][\/et_pb_column][\/et_pb_row][et_pb_row admin_label=\u00bbrow\u00bb][et_pb_column type=\u00bb4_4&#8243;][et_pb_post_title admin_label=\u00bbT\u00edtulo de publicaci\u00f3n\u00bb title=\u00bbon\u00bb meta=\u00bboff\u00bb author=\u00bbon\u00bb date=\u00bbon\u00bb categories=\u00bbon\u00bb comments=\u00bbon\u00bb featured_image=\u00bboff\u00bb featured_placement=\u00bbbelow\u00bb parallax_effect=\u00bbon\u00bb parallax_method=\u00bbon\u00bb text_orientation=\u00bbcenter\u00bb text_color=\u00bbdark\u00bb text_background=\u00bboff\u00bb text_bg_color=\u00bbrgba(255,255,255,0.9)\u00bb module_bg_color=\u00bbrgba(255,255,255,0)\u00bb title_all_caps=\u00bboff\u00bb use_border_color=\u00bboff\u00bb border_color=\u00bb#ffffff\u00bb border_style=\u00bbsolid\u00bb custom_margin=\u00bb||-25px|\u00bb]<br \/>\n[\/et_pb_post_title][\/et_pb_column][\/et_pb_row][et_pb_row admin_label=\u00bbrow\u00bb make_fullwidth=\u00bboff\u00bb use_custom_width=\u00bboff\u00bb width_unit=\u00bbon\u00bb use_custom_gutter=\u00bboff\u00bb padding_mobile=\u00bboff\u00bb allow_player_pause=\u00bboff\u00bb parallax=\u00bbon\u00bb parallax_method=\u00bbon\u00bb make_equal=\u00bboff\u00bb parallax_1=\u00bboff\u00bb parallax_method_1=\u00bboff\u00bb parallax_2=\u00bboff\u00bb parallax_method_2=\u00bboff\u00bb column_padding_mobile=\u00bbon\u00bb][et_pb_column type=\u00bb1_4&#8243;][et_pb_text admin_label=\u00bbTexto\u00bb background_layout=\u00bblight\u00bb text_orientation=\u00bbleft\u00bb use_border_color=\u00bboff\u00bb border_color=\u00bb#ffffff\u00bb border_style=\u00bbsolid\u00bb custom_css_main_element=\u00bbposition: sticky;|| top: 0px;|| z-index: 9999;\u00bb disabled=\u00bboff\u00bb disabled_on=\u00bboff|off|\u00bb]<\/p>\n<h4><span style=\"color: #0000ff;\"><strong>Publicaciones por tem\u00e1ticas<\/strong><\/span><\/h4>\n<h6><a title=\"Publicaciones de Cienciometr\u00eda\" href=\"https:\/\/salud-o.umh.es\/1870-2\/\"><span style=\"color: #0000ff;\"><strong>Cienciometr\u00eda<\/strong><\/span><\/a><\/h6>\n<ul>\n<li><a title=\"Publicaciones de Cienciometr\u00eda\" href=\"https:\/\/salud-o.umh.es\/1870-2\/\">An\u00e1lisis bibliom\u00e9trico y mapeo de la ciencia<\/a><\/li>\n<\/ul>\n<h6><a title=\"Publicaciones de Desastres\" href=\"https:\/\/salud-o.umh.es\/publicaciones-de-desastres\/\"><span style=\"color: #0000ff;\"><strong>Intervenci\u00f3n en cat\u00e1strofes<\/strong><\/span><\/a><\/h6>\n<ul>\n<li><a title=\"Publicaciones de Desastres\" href=\"https:\/\/salud-o.umh.es\/publicaciones-de-desastres\/\">DANA o desastres naturales<\/a><\/li>\n<\/ul>\n<h6><a title=\"Publicaciones de Psicolog\u00eda\" href=\"https:\/\/salud-o.umh.es\/publicaciones-de-psicologia\/\"><span style=\"color: #0000ff;\"><strong>Psicolog\u00eda<\/strong><\/span><\/a><\/h6>\n<ul>\n<li><a title=\"Publicaciones de Psicolog\u00eda de la Salud: Actividad F\u00edsica\" href=\"https:\/\/salud-o.umh.es\/publicaciones-de-psicologia-actividad-fisica\/\">Psicolog\u00eda del Deporte<\/a><\/li>\n<li><a title=\"Publicaciones de Psicolog\u00eda de la Salud: Drogas y Adicciones\" href=\"https:\/\/salud-o.umh.es\/publicaciones-de-psicologia-de-la-salud-drogas-y-adicciones\/\">Drogas y Adicciones<\/a><\/li>\n<li><a title=\"Publicaciones de Psicolog\u00eda del Tr\u00e1fico y Seguridad Vial\" href=\"https:\/\/salud-o.umh.es\/psicologia-del-trafico-y-seguridad-vial\/\">Psicolog\u00eda del Tr\u00e1fico y Seguridad Vial<\/a><\/li>\n<li><a title=\"Publicaciones de Voluntariado\" href=\"https:\/\/salud-o.umh.es\/publicaciones-de-voluntariado\/\">Voluntariado<\/a><\/li>\n<li><a title=\"Publicaciones de Psicolog\u00eda: Otras tem\u00e1ticas\" href=\"https:\/\/salud-o.umh.es\/publicaciones-de-psicologia-otras-tematicas\/\">Otras tem\u00e1ticas<\/a><\/li>\n<\/ul>\n<h6><a title=\"Publicaciones de Psicolog\u00eda del Trabajo y las Organizaciones\" href=\"https:\/\/salud-o.umh.es\/publicaciones-de-psicologia-del-trabajo-y-las-organizaciones\/\"><span style=\"color: #0000ff;\"><strong>Psicolog\u00eda del Trabajo y las Organizaciones<\/strong><\/span><\/a><\/h6>\n<ul>\n<li><a title=\"Publicaciones de Psicolog\u00eda del Trabajo y las Organizaciones: Competencias\" href=\"https:\/\/salud-o.umh.es\/publicaciones-de-psicologia-del-trabajo-y-las-organizaciones-competencias\/\">Competencias<\/a><\/li>\n<li><a title=\"Publicaciones de Psicolog\u00eda del Trabajo y las Organizaciones: Contrato Psicol\u00f3gico\" href=\"https:\/\/salud-o.umh.es\/publicaciones-de-psicologia-del-trabajo-y-las-organizaciones-contrato-psicologico\/\">Contrato Psicol\u00f3gico<\/a><\/li>\n<li><a title=\"Publicaciones de Psicolog\u00eda del Trabajo y las Organizaciones: Nuevas Tecnolog\u00edas\" href=\"https:\/\/salud-o.umh.es\/publicaciones-de-psicologia-del-trabajo-y-las-organizaciones-nuevas-tecnologias\/\">Nuevas Tecnolog\u00edas<\/a><\/li>\n<li><a title=\"Publicaciones de Psicolog\u00eda del Trabajo y las Organizaciones: Psicolog\u00eda del Trabajo, Organizaciones y Recursos Humanos\" href=\"https:\/\/salud-o.umh.es\/publicaciones-de-psicologia-del-trabajo-y-las-organizaciones-psicologia-del-trabajo-organizaciones-y-recursos-humanos\/\">Psicolog\u00eda del Trabajo, Organizaciones y Recursos Humanos<\/a><\/li>\n<\/ul>\n<h6><a title=\"Publicaciones de Salud Ocupacional\" href=\"https:\/\/salud-o.umh.es\/publicaciones-de-salud-ocupacional\/\"><span style=\"color: #0000ff;\"><strong>Salud Ocupacional<\/strong><\/span><\/a><\/h6>\n<ul>\n<li><a title=\"Publicaciones de Salud Ocupacional: Adaptaci\u00f3n y Valoraci\u00f3n de Puestos\" href=\"https:\/\/salud-o.umh.es\/publicaciones-de-salud-ocupacional-adaptacion-y-valoracion-de-puestos\/\">Adaptaci\u00f3n y valoraci\u00f3n de puestos<\/a><\/li>\n<li><a title=\"Publicaciones de Salud Ocupacional: Colectivos Profesionales\" href=\"https:\/\/salud-o.umh.es\/publicaciones-de-salud-ocupacional-colectivos-profesionales\/\">Riesgos Psicosociales en colectivos profesionales<\/a><\/li>\n<li>Ergonom\u00eda y Psicosociolog\u00eda de la Prevenci\u00f3n de Riesgos Laborales<\/li>\n<li><a title=\"Publicaciones de Salud Ocupacional: Sensibilidad Qu\u00edmica M\u00faltiple\" href=\"https:\/\/salud-o.umh.es\/publicaciones-de-salud-ocupacional-sensibilidad-quimica-multiple\/\">Sensibilidad Qu\u00edmica M\u00faltiple<\/a><\/li>\n<\/ul>\n<h6><a title=\"Todas las publicaciones\" href=\"https:\/\/salud-o.umh.es\/todas-las-publicaciones-2\/\"><span style=\"color: #0000ff;\"><strong>Volver a Todas las publicaciones<\/strong><\/span><\/a><\/h6>\n<p>[\/et_pb_text][\/et_pb_column][et_pb_column type=\u00bb3_4&#8243;][et_pb_text admin_label=\u00bbTexto\u00bb background_layout=\u00bblight\u00bb text_orientation=\u00bbleft\u00bb use_border_color=\u00bboff\u00bb border_color=\u00bb#ffffff\u00bb border_style=\u00bbsolid\u00bb]<\/p>\n<h4><span style=\"color: #0000ff;\"><strong>2020<\/strong><\/span><\/h4>\n<p>Fern\u00e1ndez-Madinabeitia, M., Solanes-Puchol, A. &amp; Zaragoza, B.M. (2020). Clima y sue\u00f1o en trabajadores de una empresa de publicidad.\u00a0En A. Solanes y B. Mart\u00edn del R\u00edo (Eds.),\u00a0<em>Estudios de clima y adaptaciones de puestos de trabajo en las organizaciones\u00a0<\/em>(pp. 49-59). Alicante: ESATUR. <strong><a href=\"http:\/\/salud-o.umh.es\/files\/2020\/12\/Fern\u00e1ndez-Solanes-Zaragoza-2020.pdf\" target=\"_blank\">PDF<\/a><\/strong><\/p>\n<p>Ort\u00edn, M., Solanes-Puchol, A. &amp; Zaragoza, B.M. (2020). Clima y salud en trabajadores de un grupo de empresas: sector privado.\u00a0En A. Solanes y B. Mart\u00edn del R\u00edo (Eds.),\u00a0<em>Estudios de clima y adaptaciones de puestos de trabajo en las organizaciones\u00a0<\/em>(pp. 29-47). Alicante: ESATUR. <strong><a href=\"http:\/\/salud-o.umh.es\/files\/2020\/12\/Ort\u00edn-Solanes-Zaragoza-2020.pdf\" target=\"_blank\">PDF<\/a><\/strong><\/p>\n<h4><span style=\"color: #0000ff;\"><strong>2019<\/strong><\/span><\/h4>\n<p>Matranga, F., &amp; Solanes, A. (2019). An analysis about patient safety in the spanish healthcare: a research project. En A. Solanes y B. Mart\u00edn del R\u00edo (Eds.),\u00a0<em>Estudios avanzados en Gesti\u00f3n de Recursos Humanos\u00a0<\/em>(pp. 193-198). Alicante: ESATUR. <a href=\"https:\/\/drive.google.com\/file\/d\/1z6-GUkMpUsDwjZluMludJCrW70XXbPkE\/view?usp=sharing\" target=\"_blank\"><strong>PDF<\/strong><\/a><\/p>\n<p>Turco, A., &amp; Solanes, A. (2019). Cardiovascular diseases and work-related stress in a Spanish population. En A. Solanes y B. Mart\u00edn del R\u00edo (Eds.),\u00a0<em>Estudios avanzados en Gesti\u00f3n de Recursos Humanos\u00a0<\/em>(pp. 285-291). Alicante: ESATUR. <a href=\"https:\/\/drive.google.com\/file\/d\/1z6-GUkMpUsDwjZluMludJCrW70XXbPkE\/view?usp=sharing\" target=\"_blank\"><strong>PDF<\/strong><\/a><\/p>\n<p>Rastroll P\u00e9rez, C., Mart\u00edn del R\u00edo, B., &amp; Solanes, A. (2019). Tensi\u00f3n laboral y burnout. Comparaci\u00f3n en tres sectores laborales. En A. Solanes y B. Mart\u00edn del R\u00edo (Eds.),\u00a0<em>Estudios sobre factores de riesgos psicosociales en las organizaciones<\/em><em>\u00a0<\/em>(pp. 65-74). Alicante: ESATUR. <a href=\"https:\/\/drive.google.com\/file\/d\/1DI_527sFpOhp1l9orIXntm2ahZJSviHA\/view?usp=sharing\" target=\"_blank\"><strong>PDF<\/strong><\/a><\/p>\n<p>Solanes, A. &amp; Mart\u00edn del R\u00edo, B. (2019).\u00a0<em>Estudios sobre factores de riesgos psicosociales en las organizaciones<\/em>. Alicante: ESATUR. <a href=\"https:\/\/drive.google.com\/file\/d\/1DI_527sFpOhp1l9orIXntm2ahZJSviHA\/view?usp=sharing\" target=\"_blank\"><strong>PDF<\/strong><\/a><\/p>\n<p>Solanes, A. &amp; Mart\u00edn del R\u00edo, B. (2019).<em>\u00a0Estudios sobre salud ocupacional y caracter\u00edsticas de personalidad de los trabajadores.<\/em> Alicante: ESATUR. <a href=\"https:\/\/drive.google.com\/file\/d\/1nRbBdzy0zIYVcCs6Rd7r_G293orT_-PM\/view?usp=sharing\" target=\"_blank\"><strong>PDF<\/strong><\/a><\/p>\n<p>Parrinello, I., &amp; Solanes, A. (2019).\u00a0Cardiovascular diseases in Spain: the workplace determinants. En A. Solanes y B. Mart\u00edn del R\u00edo (Eds.),\u00a0<em>Estudios avanzados en Gesti\u00f3n de Recursos Humanos <\/em>(pp. 221-236). Alicante: ESATUR. <a href=\"https:\/\/drive.google.com\/file\/d\/1z6-GUkMpUsDwjZluMludJCrW70XXbPkE\/view?usp=sharing\" target=\"_blank\"><strong>PDF<\/strong><\/a><\/p>\n<p>Macajone, M., &amp; Solanes, A. (2019). Clinical risk management: direct experience in the spanish health context. En A. Solanes y B. Mart\u00edn del R\u00edo (Eds.),\u00a0<em>Estudios avanzados en Gesti\u00f3n de Recursos Humanos\u00a0<\/em>(pp. 159-166). Alicante: ESATUR. <a href=\"https:\/\/drive.google.com\/file\/d\/1z6-GUkMpUsDwjZluMludJCrW70XXbPkE\/view?usp=sharing\" target=\"_blank\"><strong>PDF<\/strong><\/a><\/p>\n<p>Rodr\u00edguez, I.M., Solanes, A., &amp; Zaragoza, B.M. (2019). Riesgos Psicosociales y su efecto sobre el sue\u00f1o en trabajadores venezolanos: relaci\u00f3n mediada con la ansiedad. En A. Solanes y B. Mart\u00edn del R\u00edo (Eds.),\u00a0<em>Estudios sobre factores de riesgos psicosociales en las organizaciones<\/em><em>\u00a0<\/em>(pp. 19-34). Alicante: ESATUR. <a href=\"https:\/\/drive.google.com\/file\/d\/1DI_527sFpOhp1l9orIXntm2ahZJSviHA\/view?usp=sharing\" target=\"_blank\"><strong>PDF<\/strong><\/a><\/p>\n<p>Vaya, M.J., &amp; Solanes, A. (2019). Estudio sobre la influencia de ciertos factores de riesgo laboral sobre el burnout en trabajadores de tres sectores: servicios, industria y administraciones p\u00fablicas. En A. Solanes y B. Mart\u00edn del R\u00edo (Eds.),\u00a0<em>Estudios sobre factores de riesgos psicosociales en las organizaciones<\/em><em>\u00a0<\/em>(pp. 113-132). Alicante: ESATUR. <a href=\"https:\/\/drive.google.com\/file\/d\/1DI_527sFpOhp1l9orIXntm2ahZJSviHA\/view?usp=sharing\" target=\"_blank\"><strong>PDF<\/strong><\/a><\/p>\n<p>Gil, V.A., Solanes, A., &amp; Mart\u00edn del R\u00edo, B (2019). Tensi\u00f3n laboral y factores de riesgo laboral en tres sectores laborales. En A. Solanes y B. Mart\u00edn del R\u00edo (Eds.),\u00a0<em>Estudios sobre factores de riesgos psicosociales en las organizaciones<\/em><em>\u00a0<\/em>(pp. 51-62). Alicante: ESATUR. <a href=\"https:\/\/drive.google.com\/file\/d\/1DI_527sFpOhp1l9orIXntm2ahZJSviHA\/view?usp=sharing\" target=\"_blank\"><strong>PDF<\/strong><\/a><\/p>\n<h4><span style=\"color: #0000ff;\"><strong>2017<\/strong><\/span><\/h4>\n<p style=\"text-align: justify;\">Ramos, N., Solanes, A., Mart\u00edn del R\u00edo, B. y Mart\u00ednez, F. (2017). \u00bfVar\u00eda la percepci\u00f3n de los riesgos psicosociales de los trabajadores en funci\u00f3n del tama\u00f1o de la empresa?\u00a0<em>Prevention World Magazine, 75, <\/em>10-14<em>.\u00a0<\/em><a href=\"http:\/\/salud-o.umh.es\/files\/2021\/09\/VAR\u00cdA-LA-PERCEPCI\u00d3N-DE-LOS-RIESGOS-PSICOSOCIALES-DE-LOS-TRABAJADORES-EN-FUNCI\u00d3N-DEL-TAMA\u00d1O-DE-LA-EMPRESA-comprimido.pdf\" target=\"_blank\"><strong>PDF<\/strong><\/a><\/p>\n<h4><span style=\"color: #0000ff;\"><strong>2016<\/strong><\/span><\/h4>\n<p style=\"text-align: justify;\">Pastor, N. (2016).\u00a0<em>La influencia del tama\u00f1o de la organizaci\u00f3n en los factores de riesgo psicosocial y en la percepci\u00f3n de la salud de los trabajadores en la PYME de la Comunidad Valenciana.<\/em>\u00a0Tesis doctoral no publicada. Universidad Miguel Hern\u00e1ndez de Elche, Alicante. Directores: A. Solanes y B. Mart\u00edn del R\u00edo.\u00a0<strong><a href=\"http:\/\/dspace.umh.es\/handle\/11000\/3034\">PDF<\/a><\/strong><\/p>\n<h4><span style=\"color: #0000ff;\"><b><strong>2013<\/strong><\/b><\/span><\/h4>\n<p style=\"text-align: justify;\">Solanes, A., Mart\u00edn del R\u00edo, B., Rodr\u00edguez, K., Benavides, G. y Mart\u00ednez, F. (2013). Factores de riesgo psicosocial laboral y burnout en funci\u00f3n de la categor\u00eda profesional. <i>Revista de Psicolog\u00eda de la Salud (New Age), 1<\/i>(1), 74-93. <a href=\"https:\/\/doi.org\/10.21134\/pssa.v1i1.373\" target=\"_blank\">https:\/\/doi.org\/10.21134\/pssa.v1i1.373<\/a>. <strong><a href=\"http:\/\/salud-o.umh.es\/files\/2016\/05\/Factores-de-riesgo-psicosocial-laboral-y-burnout-en-funci\u00f3n-de-la-categor\u00eda-profesional.-Revista-de-Psicolog\u00eda-de-la-Salud.pdf\" target=\"_blank\">PDF<\/a><\/strong><\/p>\n<p>Lobato, J. R. (2013). Contingencia laboral. En J. Alonso Santos, J. Sala M\u00e1rquez (Eds),\u00a0<em>Aspectos m\u00e9dico-pr\u00e1cticos en valoraci\u00f3n del da\u00f1o corporal X Jornadas de valoraci\u00f3n del da\u00f1o corporal<\/em>\u00a0(pp. 133-140). Madrid: Fundaci\u00f3n MAPFRE, D\u00edaz de Santos.<\/p>\n<h4><span style=\"color: #0000ff;\"><b><strong>2011<\/strong><\/b><\/span><\/h4>\n<p style=\"text-align: justify;\">Solanes, A., Serrano, M. A., Lobato, J. R. (2011).\u00a0<em>Intervenci\u00f3n en ergonom\u00eda y psicosociolog\u00eda<\/em>. Alicante: Servymagen Uni\u00f3n S.L.<\/p>\n<p>Costa, R., Pellicer, O. (2011). Entorno laboral (I): Enfermedades cardiovasculares y sistema inmunol\u00f3gico. En A. Solanes (Ed.)\u00a0<em>Salud y entorno laboral: variables psicobiol\u00f3gicas<\/em><i>.<\/i><i>\u00a0<\/i>Hu\u00e9rcal-Overa: Servymagen Uni\u00f3n, S.L.<\/p>\n<p>Serrano, M. A. y Costa, R. (2011). Tomo I. Entorno laboral (I): enfermedades cardiovasculares y sistema inmunol\u00f3gico.\u00a0<em>En Salud y entorno laboral: variables psicobiol\u00f3gicas<\/em>. Alicante: Servymagen Uni\u00f3n S.L.<\/p>\n<p>Serrano, M.A. y Costa, R. (2011). Tomo II. Entorno laboral (II): contaminantes y s\u00edndrome del edificio enfermo.\u00a0<em>En Salud y entorno laboral: variables psicobiol\u00f3gicas<\/em>. Alicante: Servymagen Uni\u00f3n S.L.<\/p>\n<p>Lobato, J. R. (2011). Tomo II. Principios generales de intervenci\u00f3n sobre factores ergon\u00f3micos desfavorables. En Solanes, A., Serrano, M. A., Lobato, J. R. (Eds),\u00a0<em>Intervenci\u00f3n en ergonom\u00eda y psicosociolog\u00eda<\/em>. Alicante: Servymagen Uni\u00f3n S.L.<\/p>\n<p>Lobato, J. R. (2011). Tomo III. Adaptaci\u00f3n de puestos de trabajo. En: Solanes, A., Serrano, M. A., Lobato, J. R. (Eds),\u00a0<em>Intervenci\u00f3n en ergonom\u00eda y psicosociolog\u00eda<\/em>. Alicante: Servymagen Uni\u00f3n S.L.<\/p>\n<h4><span style=\"color: #0000ff;\"><b><strong>2007<\/strong><\/b><\/span><\/h4>\n<p>Mir\u00f3, E., Solanes, A., Mart\u00ednez, P., S\u00e1nchez, A. I., Rodr\u00edguez Mar\u00edn, J. (2007). Relaci\u00f3n entre el burnout o \u00abS\u00edndrome de quemarse por el trabajo\u00bb, la tensi\u00f3n laboral y las caracter\u00edsticas del sue\u00f1o.\u00a0<em>Psicothema, 19<\/em>(3), 388-394. <a title=\"Relaci\u00f3n entre el burnout o \u00abs\u00edndrome de quemarse por el trabajo\u00bb, la tensi\u00f3n laboral y las caracter\u00edsticas del sue\u00f1o\" href=\"http:\/\/salud-o.umh.es\/files\/2021\/03\/3375-1.pdf\" target=\"_blank\"><strong>PDF<\/strong><\/a><\/p>\n<p>De la Torre, M. (2007).\u00a0<em>Salud, apoyo social, satisfacci\u00f3n y factores psicosociales de riesgo laboral, de los trabajadores seg\u00fan el sector laboral de pertenencia.\u00a0<\/em>Memoria no publicada para la obtenci\u00f3n del Diploma de Estudios Avanzados (DEA). Directores: Mart\u00edn del R\u00edo, B. y A. Solanes.<\/p>\n<h4><span style=\"color: #0000ff;\"><b><strong>2005<\/strong><\/b><\/span><\/h4>\n<p>Solanes, A. y Serrano, M. A.\u00a0(2005).\u00a0<em>Ergonom\u00eda y Psicosociolog\u00eda de la Prevenci\u00f3n de Riesgos Laborales<\/em>. Alicante: Limencop.<\/p>\n<p>Solanes, A., Serrano, M. A., Mart\u00edn del R\u00edo, B. y Zamora, I. (2005). Satisfacci\u00f3n laboral y riesgos psicosociales en el trabajo. En J. Romay, J. Salgado, M. Roman\u00ed y D. Robla (Eds.),\u00a0<i>Psicolog\u00eda de las organizaciones, del trabajo y recursos humanos y de la salud\u00a0<\/i>(pp. 707-710). Madrid: Biblioteca Nueva.\u00a0<strong><a href=\"http:\/\/salud-o.umh.es\/files\/2014\/12\/Solanes-Ps.-social-y-problemas-sociales.pdf\" target=\"_blank\">PDF<\/a><\/strong><\/p>\n<h4><span style=\"color: #0000ff;\"><strong>2004<\/strong><\/span><\/h4>\n<p style=\"text-align: justify;\">Solanes, A., Tirado, S. y Mart\u00edn del R\u00edo, B. (2004).\u00a0Factores de riesgo psicosocial para la salud ocupacional: Adaptaci\u00f3n de un instrumento de evaluaci\u00f3n.\u00a0<i>Revista de Psicolog\u00eda de la Salud, 16<\/i>(1-2), 85-110. <a href=\"https:\/\/doi.org\/10.21134\/pssa.v16i1.739\" target=\"_blank\">https:\/\/doi.org\/10.21134\/pssa.v16i1.739<\/a>. <strong><a href=\"http:\/\/salud-o.umh.es\/files\/2016\/05\/Art-Cuest-INSHT-adaptado-SOLANES.pdf\" target=\"_blank\">PDF<\/a><\/strong><\/p>\n<h4><span style=\"color: #0000ff;\"><b><strong>1999<\/strong><\/b><\/span><\/h4>\n<p>Lobato, J. R. (1999). Formaci\u00f3n de los Especialistas en Medicina del Trabajo para la Vigilancia de la Salud de los Trabajadores. En:\u00a0<em>Libro de actas del Congreso de Seguridad y Salud en el Trabajo de la Comunidad Valenciana<\/em>\u00a0(pp. 271-274). Valencia: Generalitat Valenciana.<\/p>\n<p>[\/et_pb_text][\/et_pb_column][\/et_pb_row][\/et_pb_section][et_pb_section admin_label=\u00bbsection\u00bb][et_pb_row admin_label=\u00bbrow\u00bb][\/et_pb_row][\/et_pb_section]<\/p>","protected":false},"excerpt":{"rendered":"<p>Publicaciones por tem\u00e1ticas Cienciometr\u00eda An\u00e1lisis bibliom\u00e9trico y mapeo de la ciencia Intervenci\u00f3n en cat\u00e1strofes DANA o desastres naturales Psicolog\u00eda Psicolog\u00eda del Deporte Drogas y Adicciones Psicolog\u00eda del Tr\u00e1fico y Seguridad Vial Voluntariado Otras tem\u00e1ticas Psicolog\u00eda del Trabajo y las Organizaciones Competencias Contrato Psicol\u00f3gico Nuevas Tecnolog\u00edas Psicolog\u00eda del Trabajo, Organizaciones y Recursos Humanos Salud Ocupacional Adaptaci\u00f3n [&hellip;]<\/p>\n","protected":false},"author":4484,"featured_media":0,"parent":0,"menu_order":0,"comment_status":"closed","ping_status":"open","template":"","meta":{"_et_pb_use_builder":"on","_et_pb_old_content":"","_et_gb_content_width":"","_links_to":"","_links_to_target":""},"_links":{"self":[{"href":"https:\/\/salud-o.umh.es\/es\/wp-json\/wp\/v2\/pages\/2134"}],"collection":[{"href":"https:\/\/salud-o.umh.es\/es\/wp-json\/wp\/v2\/pages"}],"about":[{"href":"https:\/\/salud-o.umh.es\/es\/wp-json\/wp\/v2\/types\/page"}],"author":[{"embeddable":true,"href":"https:\/\/salud-o.umh.es\/es\/wp-json\/wp\/v2\/users\/4484"}],"replies":[{"embeddable":true,"href":"https:\/\/salud-o.umh.es\/es\/wp-json\/wp\/v2\/comments?post=2134"}],"version-history":[{"count":0,"href":"https:\/\/salud-o.umh.es\/es\/wp-json\/wp\/v2\/pages\/2134\/revisions"}],"wp:attachment":[{"href":"https:\/\/salud-o.umh.es\/es\/wp-json\/wp\/v2\/media?parent=2134"}],"curies":[{"name":"wp","href":"https:\/\/api.w.org\/{rel}","templated":true}]}}