{"id":2176,"date":"2021-07-29T13:36:26","date_gmt":"2021-07-29T13:36:26","guid":{"rendered":"https:\/\/salud-o.umh.es\/?page_id=2176"},"modified":"2021-09-03T08:01:27","modified_gmt":"2021-09-03T08:01:27","slug":"publicaciones-de-salud-ocupacional-colectivos-profesionales","status":"publish","type":"page","link":"https:\/\/salud-o.umh.es\/es\/publicaciones-de-salud-ocupacional-colectivos-profesionales\/","title":{"rendered":"Publicaciones de Salud Ocupacional: Riesgos Psicosociales en colectivos profesionales"},"content":{"rendered":"<p>[et_pb_section admin_label=\u00bbsection\u00bb fb_built=\u00bb1&#8243; _builder_version=\u00bb3.10.1&#8243; use_background_color_gradient=\u00bbon\u00bb background_image=\u00bbhttp:\/\/salud-o.umh.es\/files\/2018\/07\/saludo.png\u00bb transparent_background=\u00bboff\u00bb allow_player_pause=\u00bboff\u00bb inner_shadow=\u00bboff\u00bb parallax=\u00bboff\u00bb parallax_method=\u00bboff\u00bb padding_mobile=\u00bboff\u00bb make_fullwidth=\u00bboff\u00bb use_custom_width=\u00bboff\u00bb width_unit=\u00bbon\u00bb make_equal=\u00bboff\u00bb use_custom_gutter=\u00bboff\u00bb][et_pb_row admin_label=\u00bbFila\u00bb][et_pb_column type=\u00bb4_4&#8243;][\/et_pb_column][\/et_pb_row][\/et_pb_section][et_pb_section admin_label=\u00bbsection\u00bb][et_pb_row admin_label=\u00bbrow\u00bb][et_pb_column type=\u00bb4_4&#8243;][et_pb_divider admin_label=\u00bbSeparador\u00bb color=\u00bb#000000&#8243; show_divider=\u00bbon\u00bb height=\u00bb2&#8243; divider_style=\u00bbsolid\u00bb divider_position=\u00bbtop\u00bb hide_on_mobile=\u00bbon\u00bb]<br \/>\n[\/et_pb_divider][\/et_pb_column][\/et_pb_row][et_pb_row admin_label=\u00bbrow\u00bb][et_pb_column type=\u00bb4_4&#8243;][et_pb_post_title admin_label=\u00bbT\u00edtulo de publicaci\u00f3n\u00bb title=\u00bbon\u00bb meta=\u00bboff\u00bb author=\u00bbon\u00bb date=\u00bbon\u00bb categories=\u00bbon\u00bb comments=\u00bbon\u00bb featured_image=\u00bboff\u00bb featured_placement=\u00bbbelow\u00bb parallax_effect=\u00bbon\u00bb parallax_method=\u00bbon\u00bb text_orientation=\u00bbcenter\u00bb text_color=\u00bbdark\u00bb text_background=\u00bboff\u00bb text_bg_color=\u00bbrgba(255,255,255,0.9)\u00bb module_bg_color=\u00bbrgba(255,255,255,0)\u00bb title_all_caps=\u00bboff\u00bb use_border_color=\u00bboff\u00bb border_color=\u00bb#ffffff\u00bb border_style=\u00bbsolid\u00bb custom_margin=\u00bb||-25px|\u00bb]<br \/>\n[\/et_pb_post_title][\/et_pb_column][\/et_pb_row][et_pb_row admin_label=\u00bbrow\u00bb make_fullwidth=\u00bboff\u00bb use_custom_width=\u00bboff\u00bb width_unit=\u00bbon\u00bb use_custom_gutter=\u00bboff\u00bb padding_mobile=\u00bboff\u00bb allow_player_pause=\u00bboff\u00bb parallax=\u00bbon\u00bb parallax_method=\u00bbon\u00bb make_equal=\u00bboff\u00bb parallax_1=\u00bboff\u00bb parallax_method_1=\u00bboff\u00bb parallax_2=\u00bboff\u00bb parallax_method_2=\u00bboff\u00bb column_padding_mobile=\u00bbon\u00bb][et_pb_column type=\u00bb1_4&#8243;][et_pb_text admin_label=\u00bbTexto\u00bb background_layout=\u00bblight\u00bb text_orientation=\u00bbleft\u00bb use_border_color=\u00bboff\u00bb border_color=\u00bb#ffffff\u00bb border_style=\u00bbsolid\u00bb custom_css_main_element=\u00bbposition: sticky;|| top: 0px;|| z-index: 9999;\u00bb disabled=\u00bboff\u00bb disabled_on=\u00bboff|off|\u00bb]<\/p>\n<h4><span style=\"color: #0000ff;\"><strong>Publicaciones por tem\u00e1ticas<\/strong><\/span><\/h4>\n<h6><a title=\"Publicaciones de Cienciometr\u00eda\" href=\"https:\/\/salud-o.umh.es\/1870-2\/\"><span style=\"color: #0000ff;\"><strong>Cienciometr\u00eda<\/strong><\/span><\/a><\/h6>\n<ul>\n<li><a title=\"Publicaciones de Cienciometr\u00eda\" href=\"https:\/\/salud-o.umh.es\/1870-2\/\">An\u00e1lisis bibliom\u00e9trico y mapeo de la ciencia<\/a><\/li>\n<\/ul>\n<h6><a title=\"Publicaciones de Desastres\" href=\"https:\/\/salud-o.umh.es\/publicaciones-de-desastres\/\"><span style=\"color: #0000ff;\"><strong>Intervenci\u00f3n en cat\u00e1strofes<\/strong><\/span><\/a><\/h6>\n<ul>\n<li><a title=\"Publicaciones de Desastres\" href=\"https:\/\/salud-o.umh.es\/publicaciones-de-desastres\/\">DANA o desastres naturales<\/a><\/li>\n<\/ul>\n<h6><a title=\"Publicaciones de Psicolog\u00eda\" href=\"https:\/\/salud-o.umh.es\/publicaciones-de-psicologia\/\"><span style=\"color: #0000ff;\"><strong>Psicolog\u00eda<\/strong><\/span><\/a><\/h6>\n<ul>\n<li><a title=\"Publicaciones de Psicolog\u00eda de la Salud: Actividad F\u00edsica\" href=\"https:\/\/salud-o.umh.es\/publicaciones-de-psicologia-actividad-fisica\/\">Psicolog\u00eda del Deporte<\/a><\/li>\n<li><a title=\"Publicaciones de Psicolog\u00eda de la Salud: Drogas y Adicciones\" href=\"https:\/\/salud-o.umh.es\/publicaciones-de-psicologia-de-la-salud-drogas-y-adicciones\/\">Drogas y Adicciones<\/a><\/li>\n<li><a title=\"Publicaciones de Psicolog\u00eda del Tr\u00e1fico y Seguridad Vial\" href=\"https:\/\/salud-o.umh.es\/psicologia-del-trafico-y-seguridad-vial\/\">Psicolog\u00eda del Tr\u00e1fico y Seguridad Vial<\/a><\/li>\n<li><a title=\"Publicaciones de Voluntariado\" href=\"https:\/\/salud-o.umh.es\/publicaciones-de-voluntariado\/\">Voluntariado<\/a><\/li>\n<li><a title=\"Publicaciones de Psicolog\u00eda: Otras tem\u00e1ticas\" href=\"https:\/\/salud-o.umh.es\/publicaciones-de-psicologia-otras-tematicas\/\">Otras tem\u00e1ticas<\/a><\/li>\n<\/ul>\n<h6><a title=\"Publicaciones de Psicolog\u00eda del Trabajo y las Organizaciones\" href=\"https:\/\/salud-o.umh.es\/publicaciones-de-psicologia-del-trabajo-y-las-organizaciones\/\"><span style=\"color: #0000ff;\"><strong>Psicolog\u00eda del Trabajo y las Organizaciones<\/strong><\/span><\/a><\/h6>\n<ul>\n<li><a title=\"Publicaciones de Psicolog\u00eda del Trabajo y las Organizaciones: Competencias\" href=\"https:\/\/salud-o.umh.es\/publicaciones-de-psicologia-del-trabajo-y-las-organizaciones-competencias\/\">Competencias<\/a><\/li>\n<li><a title=\"Publicaciones de Psicolog\u00eda del Trabajo y las Organizaciones: Contrato Psicol\u00f3gico\" href=\"https:\/\/salud-o.umh.es\/publicaciones-de-psicologia-del-trabajo-y-las-organizaciones-contrato-psicologico\/\">Contrato Psicol\u00f3gico<\/a><\/li>\n<li><a title=\"Publicaciones de Psicolog\u00eda del Trabajo y las Organizaciones: Nuevas Tecnolog\u00edas\" href=\"https:\/\/salud-o.umh.es\/publicaciones-de-psicologia-del-trabajo-y-las-organizaciones-nuevas-tecnologias\/\">Nuevas Tecnolog\u00edas<\/a><\/li>\n<li><a title=\"Publicaciones de Psicolog\u00eda del Trabajo y las Organizaciones: Psicolog\u00eda del Trabajo, Organizaciones y Recursos Humanos\" href=\"https:\/\/salud-o.umh.es\/publicaciones-de-psicologia-del-trabajo-y-las-organizaciones-psicologia-del-trabajo-organizaciones-y-recursos-humanos\/\">Psicolog\u00eda del Trabajo, Organizaciones y Recursos Humanos<\/a><\/li>\n<\/ul>\n<h6><a title=\"Publicaciones de Salud Ocupacional\" href=\"https:\/\/salud-o.umh.es\/publicaciones-de-salud-ocupacional\/\"><span style=\"color: #0000ff;\"><strong>Salud Ocupacional<\/strong><\/span><\/a><\/h6>\n<ul>\n<li><a title=\"Publicaciones de Salud Ocupacional: Adaptaci\u00f3n y Valoraci\u00f3n de Puestos\" href=\"https:\/\/salud-o.umh.es\/publicaciones-de-salud-ocupacional-adaptacion-y-valoracion-de-puestos\/\">Adaptaci\u00f3n y valoraci\u00f3n de puestos<\/a><\/li>\n<li>Riesgos Psicosociales en colectivos profesionales<\/li>\n<li><a title=\"Publicaciones de Salud Ocupacional: Ergonom\u00eda y Psicosociolog\u00eda de la Prevenci\u00f3n de Riesgos Laborales\" href=\"https:\/\/salud-o.umh.es\/publicaciones-de-salud-ocupacional-ergonomia-y-psicosociologia-de-la-prevencion-de-riesgos-laborales\/\">Ergonom\u00eda y Psicosociolog\u00eda de la Prevenci\u00f3n de Riesgos Laborales<\/a><\/li>\n<li><a title=\"Publicaciones de Salud Ocupacional: Sensibilidad Qu\u00edmica M\u00faltiple\" href=\"https:\/\/salud-o.umh.es\/publicaciones-de-salud-ocupacional-sensibilidad-quimica-multiple\/\">Sensibilidad Qu\u00edmica M\u00faltiple<\/a><\/li>\n<\/ul>\n<h6><a title=\"Todas las publicaciones\" href=\"https:\/\/salud-o.umh.es\/todas-las-publicaciones-2\/\"><span style=\"color: #0000ff;\"><strong>Volver a Todas las publicaciones<\/strong><\/span><\/a><\/h6>\n<p>[\/et_pb_text][\/et_pb_column][et_pb_column type=\u00bb3_4&#8243;][et_pb_text admin_label=\u00bbTexto\u00bb background_layout=\u00bblight\u00bb text_orientation=\u00bbleft\u00bb use_border_color=\u00bboff\u00bb border_color=\u00bb#ffffff\u00bb border_style=\u00bbsolid\u00bb]<\/p>\n<h4><span style=\"color: #0000ff;\"><strong>2020<\/strong><\/span><\/h4>\n<p>Mart\u00ednez-Zaragoza, F., Benavides-Gil, G., Rovira, T., Mart\u00edn-Del-R\u00edo, B., Edo, S., Garc\u00eda-Sierra, R., Solanes-Puchol, \u00c1., &amp; Fern\u00e1ndez-Castro, J. (2020). When and how do hospital nurses cope with daily stressors? A multilevel study.\u00a0<em>PloS one, 15<\/em>(11), e0240725.\u00a0<a title=\"https:\/\/doi.org\/10.1371\/journal.pone.0240725\" href=\"https:\/\/doi.org\/10.1371\/journal.pone.0240725\" target=\"_blank\">https:\/\/doi.org\/10.1371\/journal.pone.0240725<\/a>.\u00a0<a title=\"When and how do hospital nurses cope with daily stressors? A multilevel study\" href=\"http:\/\/salud-o.umh.es\/files\/2021\/06\/Plos-One-2020.pdf\" target=\"_blank\"><strong>PDF<\/strong><\/a><\/p>\n<p>Viciana, F.A. &amp; Solanes-Puchol, A. (2020). Clima laboral en un departamento, Unidad de Gesti\u00f3n Cl\u00ednica, del \u00c1rea de Gesti\u00f3n Sanitaria Norte de Almer\u00eda.\u00a0En A. Solanes y B. Mart\u00edn del R\u00edo (Eds.),\u00a0<em>Estudios de clima y adaptaciones de puestos de trabajo en las organizaciones\u00a0<\/em>(pp. 89-99). Alicante: ESATUR. <strong><a href=\"http:\/\/salud-o.umh.es\/files\/2020\/12\/Viciana-Solanes-2020.pdf\" target=\"_blank\">PDF<\/a><\/strong><\/p>\n<h4><span style=\"color: #0000ff;\"><strong>2019<\/strong><\/span><\/h4>\n<p>Sempere, S., Mir\u00f3, E., &amp; Solanes, A. (2019). El s\u00edndrome del quemado en el profesor de educaci\u00f3n secundaria. Consecuencias en el sue\u00f1o. En A. Solanes y B. Mart\u00edn del R\u00edo (Eds.),\u00a0<em>Estudios sobre salud ocupacional y caracter\u00edsticas de personalidad de los trabajadores<\/em><em>\u00a0<\/em>(pp. 23-34). Alicante: ESATUR. <a href=\"https:\/\/drive.google.com\/file\/d\/1nRbBdzy0zIYVcCs6Rd7r_G293orT_-PM\/view?usp=sharing\" target=\"_blank\"><strong>PDF<\/strong><\/a><\/p>\n<h4><span style=\"color: #0000ff;\"><strong>2018<\/strong><\/span><\/h4>\n<p>Solanes, A., Mart\u00edn del R\u00edo, B., Mart\u00ednez, F., Benavides, G. &amp; Garc\u00eda-Selva, A. (2018). Tensi\u00f3n laboral, s\u00edndrome de agotamiento profesional (Burn-out) y caracter\u00edsticas sociodemogr\u00e1ficas y laborales en trabajadores de tiendas de conveniencia. <em>Anuari de Psicolog\u00eda,<\/em> 57-83.\u00a0<a href=\"https:\/\/doi.org\/10.7203\/anuari.psicologia.19.1.57\">https:\/\/doi.org\/10.7203\/anuari.psicologia.19.1.57<\/a>. <a title=\"TENSI\u00d3N LABORAL, S\u00cdNDROME DE AGOTAMIENTO PROFESIONAL (BURN-OUT) Y CARACTER\u00cdSTICAS SOCIODEMOGR\u00c1FICAS Y LABORALES EN TRABAJADORES DE TIENDAS DE CONVENIENCIA\" href=\"http:\/\/salud-o.umh.es\/files\/2021\/03\/Tiendas-de-Conveniencia.pdf\" target=\"_blank\"><strong>PDF<\/strong><\/a><\/p>\n<h4><span style=\"color: #0000ff;\"><strong>2017<\/strong><\/span><\/h4>\n<p style=\"text-align: justify;\">Mart\u00ednez-Zaragoza, F., Benavides-Gil, G., Mart\u00edn-del-R\u00edo, B., Fern\u00e1ndez-Castro, J., Ato-Garc\u00eda, M., &amp; Solanes-Puchol, A. (2017).\u00a0Flow in nurses: A study of its relationship with health and burnout in a hospital work context. <em>Holistic Nursing Practice, 31<\/em>(5), 303-314. <a href=\"https:\/\/doi.org\/10.1097\/HNP.0000000000000225\" target=\"_blank\">https:\/\/doi.org\/10.1097\/HNP.0000000000000225<\/a>. <strong><a href=\"https:\/\/journals.lww.com\/hnpjournal\/Abstract\/2017\/09000\/Flow_in_Nurses__A_Study_of_Its_Relationship_With.5.aspx\" target=\"_blank\">LINK<\/a><\/strong><\/p>\n<p style=\"text-align: justify;\">Fern\u00e1ndez-Castro, J., Mart\u00ednez-Zaragoza, F., Rovira-Faixa, T., Edo, S., Solanes-Puchol, A., Mart\u00edn del R\u00edo, B., Garc\u00eda-Sierra, R., Benavides-Gil, G., &amp; Doval-Di\u00e9guez, E. (2017). How does emotional exhaustion influence work stress? Relationships between stressor appraisals, hedonic tone, and fatigue in nurses&#8217; daily tasks: A longitudinal cohort study. <em>International Journal of Nursing Studies, 75, <\/em>43-50. <a href=\"https:\/\/doi.org\/10.1016\/j.ijnurstu.2017.07.002\" target=\"_blank\">https:\/\/doi.org\/10.1016\/j.ijnurstu.2017.07.002<\/a>. <a title=\"How does emotional exhaustion influence work stress? Relationships between stressor appraisals, hedonic tone, and fatigue in nurses\u2019 daily tasks: A longitudinal cohort study\" href=\"http:\/\/salud-o.umh.es\/files\/2021\/03\/1-s2.0-S002074891730144X-main.pdf\" target=\"_blank\"><strong>PDF<\/strong><\/a><\/p>\n<p style=\"text-align: justify;\">Viciana C\u00e9spedes, F. A. (2017). Riesgos psicosociales, salud y autoeficacia en trabajadores de la sanidad p\u00fablica.\u00a0Tesis doctoral no publicada. Universidad Miguel Hern\u00e1ndez de Elche, Alicante. Directores: A. Solanes Puchol y B. Mart\u00edn del R\u00edo.\u00a0<strong><a href=\"https:\/\/dialnet.unirioja.es\/servlet\/tesis?codigo=123022\">PDF<\/a><\/strong><\/p>\n<p style=\"text-align: justify;\">Ort\u00edn Botella, M. F. (2017). Salud ocupacional en trabajadores del taxi del \u00e1rea metropolitana de Alicante.\u00a0Tesis doctoral no publicada. Universidad Miguel Hern\u00e1ndez de Elche, Alicante. Directores: A. Solanes Puchol y B. Mart\u00edn del R\u00edo.\u00a0<strong><a href=\"https:\/\/dialnet.unirioja.es\/servlet\/tesis?codigo=123021\">PDF<\/a><\/strong><\/p>\n<p style=\"text-align: justify;\">Valero S\u00e1nchez, E. (2017). Salud ocupacional en la polic\u00eda local de Elda.\u00a0Tesis doctoral no publicada. Universidad Miguel Hern\u00e1ndez de Elche, Alicante. Directores: A. Solanes Puchol, E. Mir\u00f3 Morales y B. Mart\u00edn del R\u00edo.\u00a0<strong><a href=\"https:\/\/dialnet.unirioja.es\/servlet\/tesis?codigo=123018\">PDF<\/a><\/strong><\/p>\n<h4><span style=\"color: #0000ff;\"><strong>2016<\/strong><\/span><\/h4>\n<p style=\"text-align: justify;\">Solanes, A., Macajone, M., Martin Del Rio, B. (2016). Tensi\u00f3n laboral y burnout en docentes de ense\u00f1anzas universitarias y no universitarias. Un estudio exploratorio. <em>Anuari de Psicologia de la Societat Valenciana de Psicologia, 17<\/em>(2), 15-30. <a href=\"https:\/\/doi.org\/10.7203\/anuari.psicologia.17.2.15\" target=\"_blank\">https:\/\/doi.org\/10.7203\/anuari.psicologia.17.2.15<\/a>. <a title=\"TENSI\u00d3N LABORAL Y BURNOUT, EN DOCENTES DE ENSE\u00d1ANZAS UNIVERSITARIAS Y NO UNIVERSITARIAS. UN ESTUDIO EXPLORATORIO\" href=\"http:\/\/salud-o.umh.es\/files\/2021\/03\/15.pdf\" target=\"_blank\"><strong>PDF<\/strong><\/a><\/p>\n<h4><span style=\"color: #0000ff;\"><strong>2014<\/strong><\/span><\/h4>\n<p style=\"text-align: justify;\">Mart\u00ednez, F., Benavides, G., Ato-Garc\u00eda, M., Solanes, A., Mart\u00edn del R\u00edo, B., Fern\u00e1ndez-Castro, J. y Pastor, Y. (2014). Predictors of distress in hospital physicians: protective and vulnerability factors. <i>Anales de Psicolog\u00eda, 30<\/i>(2), 579-587. <a href=\"https:\/\/doi.org\/10.6018\/analesps.30.2.161421\" target=\"_blank\">https:\/\/doi.org\/10.6018\/analesps.30.2.161421<\/a>. <strong><a href=\"http:\/\/salud-o.umh.es\/files\/2015\/07\/Predictors-of-distress-in-hospital-physicians-protective-and-vulnerability-factors.pdf\">PDF<\/a><\/strong><\/p>\n<h4><span style=\"color: #0000ff;\"><b><strong>2012<\/strong><\/b><\/span><\/h4>\n<p>Mart\u00edn del R\u00edo, B., Solanes, A., Mart\u00ednez, F. y Benavides, G. (2012). Profesoras y profesores universitarios: Diferencias en riesgo psicosocial laboral y su influencia sobre la salud. <i>Revista de Psicolog\u00eda de la Salud, 20-24<\/i>(1), 85-104.\u00a0<a href=\"http:\/\/salud-o.umh.es\/files\/2021\/09\/2012.-Profesoras-y-profesores-universitarios-Diferencias-en-riesgo-psicosocial-laboral-y-su-influencia-sobre-la-salud.pdf\" target=\"_blank\"><strong>PDF<\/strong><\/a><\/p>\n<h4><span style=\"color: #0000ff;\"><b><strong>2011<\/strong><\/b><\/span><\/h4>\n<p>Benavides, G., Mart\u00ednez, F., Pastor, Y., Mart\u00edn del R\u00edo, B. y Solanes, A. (2011). Burnout y salud mental en profesionales sanitarios de \u00e1mbito hospitalario. En R. Quevedo-Blasco y V. J. Quevedo-Blasco (Eds.),\u00a0<i>Situaci\u00f3n actual de la psicolog\u00eda cl\u00ednica<\/i>\u00a0(pp. 381-384). Granada: Asociaci\u00f3n Espa\u00f1ola de Psicolog\u00eda Conductual.<\/p>\n<p>Mart\u00edn del R\u00edo, B., Solanes, A., Benavides, G., Mart\u00ednez, F. y Pastor, Y. (2011). La motivaci\u00f3n intr\u00ednseca y extr\u00ednseca como variables moduladoras de la relaci\u00f3n entre tensi\u00f3n laboral y burnout en profesores universitarios. En R. Quevedo-Blasco y V. J. Quevedo-Blasco (Eds.),\u00a0<i>Situaci\u00f3n actual de la psicolog\u00eda cl\u00ednica<\/i>\u00a0(pp. 390-394). Granada: Asociaci\u00f3n Espa\u00f1ola de Psicolog\u00eda Conductual.<\/p>\n<p>Pastor, Y., Mart\u00ednez, F., Benavides, G., Solanes, A. y Mart\u00edn del R\u00edo, B. (2011). Una adaptaci\u00f3n espa\u00f1ola de la escala Dispositional Flow Scale-2 con personal sanitario de \u00e1mbito hospitalario: an\u00e1lisis preliminar. En R. Quevedo-Blasco y V. J. Quevedo-Blasco (Eds.),\u00a0<i>Situaci\u00f3n actual de la psicolog\u00eda cl\u00ednica<\/i>\u00a0(pp. 385-389). Granada: Asociaci\u00f3n Espa\u00f1ola de Psicolog\u00eda Conductual.<\/p>\n<h4><span style=\"color: #0000ff;\"><b><strong>2005<\/strong><\/b><\/span><\/h4>\n<p>De la Torre, M., Solanes, A., Serrano, M. A. y Zamora, I. (2005). Relaciones entre la tensi\u00f3n laboral y distintos factores psicosociales en trabajadores de tiendas de conveniencia (24h). En J. Romay y R. Garc\u00eda (Eds.),<i>\u00a0Psicolog\u00eda Social y Problemas Sociales<\/i>. (pp. 715-718). Madrid: Biblioteca nueva.<\/p>\n<p>Zamora, I., Serrano, M. A., Solanes, A., De la Torre, M. (2005). Relaciones entre factores psicosociales, la satisfacci\u00f3n y el burnout en trabajadores de tiendas de conveniencia (24h.). En J. Romay y R. Garc\u00eda (Eds.),<i>\u00a0Psicolog\u00eda Social y Problemas Sociales\u00a0<\/i>(pp. 711-714). Madrid: Biblioteca Nueva, S.L.\u00a0<strong><a href=\"http:\/\/salud-o.umh.es\/files\/2014\/12\/Zamora-Ps.social-y-problemas-sociales.pdf\" target=\"_blank\">PDF<\/a><\/strong><\/p>\n<p>Mart\u00edn del R\u00edo, B., Solanes, A., Vera, M. y Rodr\u00edguez-Mar\u00edn, J. (2005). Evaluaci\u00f3n del estr\u00e9s y la salud laboral de los profesores universitarios en funci\u00f3n de su perfil docente, investigador y gestor: Planteamiento de la cuesti\u00f3n y resultados del estudio piloto. En A. Gimenez de la Pe\u00f1a (Ed.),\u00a0<i>Comportamiento y palabra<\/i>\u00a0(pp. 38-40). M\u00e1laga: Facultad de Psicolog\u00eda. Universidad de M\u00e1laga.\u00a0<strong><a href=\"http:\/\/salud-o.umh.es\/files\/2014\/12\/Martin-del-Rio-Comportamiento-y-palabra.pdf\" target=\"_blank\">PDF<\/a><\/strong><\/p>\n<p>[\/et_pb_text][\/et_pb_column][\/et_pb_row][\/et_pb_section][et_pb_section admin_label=\u00bbsection\u00bb][et_pb_row admin_label=\u00bbrow\u00bb][\/et_pb_row][\/et_pb_section]<\/p>","protected":false},"excerpt":{"rendered":"<p>Publicaciones por tem\u00e1ticas Cienciometr\u00eda An\u00e1lisis bibliom\u00e9trico y mapeo de la ciencia Intervenci\u00f3n en cat\u00e1strofes DANA o desastres naturales Psicolog\u00eda Psicolog\u00eda del Deporte Drogas y Adicciones Psicolog\u00eda del Tr\u00e1fico y Seguridad Vial Voluntariado Otras tem\u00e1ticas Psicolog\u00eda del Trabajo y las Organizaciones Competencias Contrato Psicol\u00f3gico Nuevas Tecnolog\u00edas Psicolog\u00eda del Trabajo, Organizaciones y Recursos Humanos Salud Ocupacional Adaptaci\u00f3n [&hellip;]<\/p>\n","protected":false},"author":4484,"featured_media":0,"parent":0,"menu_order":0,"comment_status":"closed","ping_status":"open","template":"","meta":{"_et_pb_use_builder":"on","_et_pb_old_content":"","_et_gb_content_width":"","_links_to":"","_links_to_target":""},"_links":{"self":[{"href":"https:\/\/salud-o.umh.es\/es\/wp-json\/wp\/v2\/pages\/2176"}],"collection":[{"href":"https:\/\/salud-o.umh.es\/es\/wp-json\/wp\/v2\/pages"}],"about":[{"href":"https:\/\/salud-o.umh.es\/es\/wp-json\/wp\/v2\/types\/page"}],"author":[{"embeddable":true,"href":"https:\/\/salud-o.umh.es\/es\/wp-json\/wp\/v2\/users\/4484"}],"replies":[{"embeddable":true,"href":"https:\/\/salud-o.umh.es\/es\/wp-json\/wp\/v2\/comments?post=2176"}],"version-history":[{"count":0,"href":"https:\/\/salud-o.umh.es\/es\/wp-json\/wp\/v2\/pages\/2176\/revisions"}],"wp:attachment":[{"href":"https:\/\/salud-o.umh.es\/es\/wp-json\/wp\/v2\/media?parent=2176"}],"curies":[{"name":"wp","href":"https:\/\/api.w.org\/{rel}","templated":true}]}}