{"id":3073,"date":"2022-09-05T10:02:25","date_gmt":"2022-09-05T10:02:25","guid":{"rendered":"https:\/\/salud-o.umh.es\/?page_id=3073"},"modified":"2023-05-30T11:00:52","modified_gmt":"2023-05-30T11:00:52","slug":"participacion-en-eventos","status":"publish","type":"page","link":"https:\/\/salud-o.umh.es\/es\/participacion-en-eventos\/","title":{"rendered":"COORGANIZACI\u00d3N DE EVENTOS"},"content":{"rendered":"<p>[et_pb_section fb_built=\u00bb1&#8243; admin_label=\u00bbsection\u00bb _builder_version=\u00bb4.16&#8243; use_background_color_gradient=\u00bbon\u00bb background_image=\u00bbhttp:\/\/salud-o.umh.es\/files\/2018\/07\/saludo.png\u00bb transparent_background=\u00bboff\u00bb padding_mobile=\u00bboff\u00bb make_fullwidth=\u00bboff\u00bb use_custom_width=\u00bboff\u00bb width_unit=\u00bbon\u00bb global_colors_info=\u00bb{}\u00bb][et_pb_row _builder_version=\u00bb4.16&#8243; background_size=\u00bbinitial\u00bb background_position=\u00bbtop_left\u00bb background_repeat=\u00bbrepeat\u00bb global_colors_info=\u00bb{}\u00bb][et_pb_column type=\u00bb4_4&#8243; _builder_version=\u00bb4.16&#8243; custom_padding=\u00bb|||\u00bb global_colors_info=\u00bb{}\u00bb custom_padding__hover=\u00bb|||\u00bb][\/et_pb_column][\/et_pb_row][\/et_pb_section][et_pb_section fb_built=\u00bb1&#8243; fullwidth=\u00bbon\u00bb custom_padding_last_edited=\u00bbon|desktop\u00bb admin_label=\u00bbsection\u00bb _builder_version=\u00bb4.16&#8243; custom_padding_tablet=\u00bb50px|0|50px|0&#8243; custom_padding_phone=\u00bb\u00bb transparent_background=\u00bboff\u00bb padding_mobile=\u00bboff\u00bb make_fullwidth=\u00bboff\u00bb use_custom_width=\u00bboff\u00bb width_unit=\u00bbon\u00bb global_colors_info=\u00bb{}\u00bb][et_pb_fullwidth_menu menu_id=\u00bb3&#8243; submenu_direction=\u00bbdownwards\u00bb fullwidth_menu=\u00bboff\u00bb active_link_color=\u00bb#1f1f1f\u00bb dropdown_menu_bg_color=\u00bb#474747&#8243; dropdown_menu_line_color=\u00bb#474747&#8243; dropdown_menu_text_color=\u00bb#ffffff\u00bb mobile_menu_bg_color=\u00bb#474747&#8243; mobile_menu_text_color=\u00bb#1f1f1f\u00bb _builder_version=\u00bb4.17.4&#8243; menu_font=\u00bbOpen Sans|600|||||||\u00bb menu_text_color=\u00bb#1f1f1f\u00bb background_color=\u00bb#eeeeee\u00bb text_orientation=\u00bbcenter\u00bb global_colors_info=\u00bb{}\u00bb][\/et_pb_fullwidth_menu][\/et_pb_section][et_pb_section fb_built=\u00bb1&#8243; admin_label=\u00bbsection\u00bb _builder_version=\u00bb4.16&#8243; global_colors_info=\u00bb{}\u00bb][et_pb_row admin_label=\u00bbrow\u00bb _builder_version=\u00bb4.16&#8243; background_size=\u00bbinitial\u00bb background_position=\u00bbtop_left\u00bb background_repeat=\u00bbrepeat\u00bb global_colors_info=\u00bb{}\u00bb][et_pb_column type=\u00bb4_4&#8243; _builder_version=\u00bb4.16&#8243; custom_padding=\u00bb|||\u00bb global_colors_info=\u00bb{}\u00bb custom_padding__hover=\u00bb|||\u00bb][et_pb_post_title meta=\u00bboff\u00bb featured_image=\u00bboff\u00bb admin_label=\u00bbT\u00edtulo de publicaci\u00f3n\u00bb _builder_version=\u00bb4.17.4&#8243; title_all_caps=\u00bboff\u00bb background_color=\u00bbrgba(255,255,255,0)\u00bb parallax=\u00bbon\u00bb text_orientation=\u00bbcenter\u00bb parallax_effect=\u00bbon\u00bb module_bg_color=\u00bbrgba(255,255,255,0)\u00bb use_border_color=\u00bboff\u00bb border_color=\u00bb#ffffff\u00bb border_style=\u00bbsolid\u00bb global_colors_info=\u00bb{}\u00bb][\/et_pb_post_title][et_pb_text admin_label=\u00bbTexto\u00bb _builder_version=\u00bb4.17.4&#8243; background_size=\u00bbinitial\u00bb background_position=\u00bbtop_left\u00bb background_repeat=\u00bbrepeat\u00bb vertical_offset_tablet=\u00bb0&#8243; horizontal_offset_tablet=\u00bb0&#8243; hover_enabled=\u00bb0&#8243; z_index_tablet=\u00bb0&#8243; text_text_shadow_horizontal_length_tablet=\u00bb0px\u00bb text_text_shadow_vertical_length_tablet=\u00bb0px\u00bb text_text_shadow_blur_strength_tablet=\u00bb1px\u00bb link_text_shadow_horizontal_length_tablet=\u00bb0px\u00bb link_text_shadow_vertical_length_tablet=\u00bb0px\u00bb link_text_shadow_blur_strength_tablet=\u00bb1px\u00bb ul_text_shadow_horizontal_length_tablet=\u00bb0px\u00bb ul_text_shadow_vertical_length_tablet=\u00bb0px\u00bb ul_text_shadow_blur_strength_tablet=\u00bb1px\u00bb ol_text_shadow_horizontal_length_tablet=\u00bb0px\u00bb ol_text_shadow_vertical_length_tablet=\u00bb0px\u00bb ol_text_shadow_blur_strength_tablet=\u00bb1px\u00bb quote_text_shadow_horizontal_length_tablet=\u00bb0px\u00bb quote_text_shadow_vertical_length_tablet=\u00bb0px\u00bb quote_text_shadow_blur_strength_tablet=\u00bb1px\u00bb header_text_shadow_horizontal_length_tablet=\u00bb0px\u00bb header_text_shadow_vertical_length_tablet=\u00bb0px\u00bb header_text_shadow_blur_strength_tablet=\u00bb1px\u00bb header_2_text_shadow_horizontal_length_tablet=\u00bb0px\u00bb header_2_text_shadow_vertical_length_tablet=\u00bb0px\u00bb header_2_text_shadow_blur_strength_tablet=\u00bb1px\u00bb header_3_text_shadow_horizontal_length_tablet=\u00bb0px\u00bb header_3_text_shadow_vertical_length_tablet=\u00bb0px\u00bb header_3_text_shadow_blur_strength_tablet=\u00bb1px\u00bb header_4_text_shadow_horizontal_length_tablet=\u00bb0px\u00bb header_4_text_shadow_vertical_length_tablet=\u00bb0px\u00bb header_4_text_shadow_blur_strength_tablet=\u00bb1px\u00bb header_5_text_shadow_horizontal_length_tablet=\u00bb0px\u00bb header_5_text_shadow_vertical_length_tablet=\u00bb0px\u00bb header_5_text_shadow_blur_strength_tablet=\u00bb1px\u00bb header_6_text_shadow_horizontal_length_tablet=\u00bb0px\u00bb header_6_text_shadow_vertical_length_tablet=\u00bb0px\u00bb header_6_text_shadow_blur_strength_tablet=\u00bb1px\u00bb box_shadow_horizontal_tablet=\u00bb0px\u00bb box_shadow_vertical_tablet=\u00bb0px\u00bb box_shadow_blur_tablet=\u00bb40px\u00bb box_shadow_spread_tablet=\u00bb0px\u00bb use_border_color=\u00bboff\u00bb global_colors_info=\u00bb{}\u00bb sticky_enabled=\u00bb0&#8243;]<\/p>\n<table border=\"1\" cellspacing=\"0\" cellpadding=\"0\">\n<tbody>\n<tr style=\"background: #405920\">\n<td colspan=\"2\" valign=\"top\" width=\"642\">\n<p align=\"center\"><span style=\"color: #ffffff\"><strong>III Foro de Empleo Almansa Impulsa<\/strong><\/span><\/p>\n<\/td>\n<\/tr>\n<tr>\n<td valign=\"top\" width=\"208\"><span style=\"color: #000000\">Ciudad de celebraci\u00f3n<\/span><\/td>\n<td valign=\"top\" width=\"434\"><span style=\"color: #000000\">Almansa<\/span><\/td>\n<\/tr>\n<tr>\n<td valign=\"top\" width=\"208\"><span style=\"color: #000000\">N\u00ba de asistentes<\/span><\/td>\n<td valign=\"top\" width=\"434\"><span style=\"color: #000000\">400<\/span><\/td>\n<\/tr>\n<tr>\n<td valign=\"top\" width=\"208\"><span style=\"color: #000000\">Fecha de inicio-fin<\/span><\/td>\n<td valign=\"top\" width=\"434\"><span style=\"color: #000000\">16\/03\/2023<\/span><\/td>\n<\/tr>\n<tr>\n<td valign=\"top\" width=\"208\"><span style=\"color: #000000\">\u00c1mbito geogr\u00e1fico<\/span><\/td>\n<td valign=\"top\" width=\"434\"><span style=\"color: #000000\">Auton\u00f3mico<\/span><\/td>\n<\/tr>\n<tr>\n<td valign=\"top\" width=\"208\"><span style=\"color: #000000\">P\u00e1gina web para m\u00e1s informaci\u00f3n<\/span><\/td>\n<td valign=\"top\" width=\"434\"><a href=\"https:\/\/almansaimpulsa.es\/iiiforo-de-empleo\/\" target=\"_blank\" rel=\"noopener\">https:\/\/almansaimpulsa.es\/iiiforo-de-empleo\/<\/a><\/td>\n<\/tr>\n<\/tbody>\n<\/table>\n<table border=\"1\" cellspacing=\"0\" cellpadding=\"0\">\n<tbody>\n<tr style=\"background: #405920\">\n<td colspan=\"2\" valign=\"top\" width=\"642\">\n<p align=\"center\"><span style=\"color: #ffffff\"><strong>II Foro de Empleo \u201cSax Te Emplea\u201d<\/strong><\/span><\/p>\n<\/td>\n<\/tr>\n<tr>\n<td valign=\"top\" width=\"208\"><span style=\"color: #000000\">Ciudad de celebraci\u00f3n<\/span><\/td>\n<td valign=\"top\" width=\"434\"><span style=\"color: #000000\">Sax<\/span><\/td>\n<\/tr>\n<tr>\n<td valign=\"top\" width=\"208\"><span style=\"color: #000000\">N\u00ba de asistentes<\/span><\/td>\n<td valign=\"top\" width=\"434\"><span style=\"color: #000000\">100<\/span><\/td>\n<\/tr>\n<tr>\n<td valign=\"top\" width=\"208\"><span style=\"color: #000000\">Fecha de inicio-fin<\/span><\/td>\n<td valign=\"top\" width=\"434\"><span style=\"color: #000000\">10\/11\/2022 &#8211; 10\/11\/2022<\/span><\/td>\n<\/tr>\n<tr>\n<td valign=\"top\" width=\"208\"><span style=\"color: #000000\">\u00c1mbito geogr\u00e1fico<\/span><\/td>\n<td valign=\"top\" width=\"434\"><span style=\"color: #000000\">Auton\u00f3mico<\/span><\/td>\n<\/tr>\n<tr>\n<td valign=\"top\" width=\"208\"><span style=\"color: #000000\">P\u00e1gina web para m\u00e1s informaci\u00f3n<\/span><\/td>\n<td valign=\"top\" width=\"434\"><a href=\"https:\/\/www.sax.es\/sax-te-emplea\" target=\"_blank\" rel=\"noopener\">https:\/\/www.sax.es\/sax-te-emplea<\/a><\/td>\n<\/tr>\n<\/tbody>\n<\/table>\n<table border=\"1\" cellspacing=\"0\" cellpadding=\"0\">\n<tbody>\n<tr style=\"background: #405920\">\n<td colspan=\"2\" valign=\"top\" width=\"642\">\n<p align=\"center\"><span style=\"color: #ffffff\"><strong>II Foro de Empleo Almansa Impulsa<\/strong><\/span><\/p>\n<\/td>\n<\/tr>\n<tr>\n<td valign=\"top\" width=\"208\"><span style=\"color: #000000\">Ciudad de celebraci\u00f3n<\/span><\/td>\n<td valign=\"top\" width=\"434\"><span style=\"color: #000000\">Almansa<\/span><\/td>\n<\/tr>\n<tr>\n<td valign=\"top\" width=\"208\"><span style=\"color: #000000\">N\u00ba de asistentes<\/span><\/td>\n<td valign=\"top\" width=\"434\">\u00a0<\/td>\n<\/tr>\n<tr>\n<td valign=\"top\" width=\"208\"><span style=\"color: #000000\">Fecha de inicio-fin<\/span><\/td>\n<td valign=\"top\" width=\"434\"><span style=\"color: #000000\">29\/06\/2022<\/span><\/td>\n<\/tr>\n<tr>\n<td valign=\"top\" width=\"208\"><span style=\"color: #000000\">\u00c1mbito geogr\u00e1fico<\/span><\/td>\n<td valign=\"top\" width=\"434\"><span style=\"color: #000000\">Auton\u00f3mico<\/span><\/td>\n<\/tr>\n<tr>\n<td valign=\"top\" width=\"208\"><span style=\"color: #000000\">P\u00e1gina web para m\u00e1s informaci\u00f3n<\/span><\/td>\n<td valign=\"top\" width=\"434\"><a href=\"https:\/\/almansaimpulsa.es\/foro-de-empleo\/\" target=\"_blank\" rel=\"noopener\">https:\/\/almansaimpulsa.es\/foro-de-empleo\/<\/a><\/td>\n<\/tr>\n<\/tbody>\n<\/table>\n<table border=\"1\" cellspacing=\"0\" cellpadding=\"0\">\n<tbody>\n<tr style=\"background: #405920\">\n<td colspan=\"2\" valign=\"top\" width=\"642\">\n<p align=\"center\"><span style=\"color: #ffffff\"><strong>I Foro digital #Sax te Emplea 2021<\/strong><\/span><\/p>\n<\/td>\n<\/tr>\n<tr>\n<td valign=\"top\" width=\"208\"><span style=\"color: #000000\">Ciudad de celebraci\u00f3n<\/span><\/td>\n<td valign=\"top\" width=\"434\"><span style=\"color: #000000\">Sax<\/span><\/td>\n<\/tr>\n<tr>\n<td valign=\"top\" width=\"208\"><span style=\"color: #000000\">N\u00ba de asistentes<\/span><\/td>\n<td valign=\"top\" width=\"434\"><span style=\"color: #000000\">450<\/span><\/td>\n<\/tr>\n<tr>\n<td valign=\"top\" width=\"208\"><span style=\"color: #000000\">Fecha de inicio-fin<\/span><\/td>\n<td valign=\"top\" width=\"434\"><span style=\"color: #000000\">04\/11\/2021<\/span><\/td>\n<\/tr>\n<tr>\n<td valign=\"top\" width=\"208\"><span style=\"color: #000000\">\u00c1mbito geogr\u00e1fico<\/span><\/td>\n<td valign=\"top\" width=\"434\"><span style=\"color: #000000\">Auton\u00f3mico<\/span><\/td>\n<\/tr>\n<tr>\n<td valign=\"top\" width=\"208\"><span style=\"color: #000000\">P\u00e1gina web para m\u00e1s informaci\u00f3n<\/span><\/td>\n<td valign=\"top\" width=\"434\"><a href=\"https:\/\/www.sax.es\/sax-te-emplea\" target=\"_blank\" rel=\"noopener\">https:\/\/www.sax.es\/sax-te-emplea<\/a><\/td>\n<\/tr>\n<\/tbody>\n<\/table>\n<table border=\"1\" cellspacing=\"0\" cellpadding=\"0\">\n<tbody>\n<tr style=\"background: #405920\">\n<td colspan=\"2\" valign=\"top\" width=\"642\">\n<p align=\"center\"><span style=\"color: #ffffff\"><strong>X International Conference on Research and lntervention in Human Resources<\/strong><\/span><\/p>\n<\/td>\n<\/tr>\n<tr>\n<td valign=\"top\" width=\"208\"><span style=\"color: #000000\">Ciudad de celebraci\u00f3n<\/span><\/td>\n<td valign=\"top\" width=\"434\"><span style=\"color: #000000\">Lisboa<\/span><\/td>\n<\/tr>\n<tr>\n<td valign=\"top\" width=\"208\"><span style=\"color: #000000\">N\u00ba de asistentes<\/span><\/td>\n<td valign=\"top\" width=\"434\">\u00a0<\/td>\n<\/tr>\n<tr>\n<td valign=\"top\" width=\"208\"><span style=\"color: #000000\">Fecha de inicio-fin<\/span><\/td>\n<td valign=\"top\" width=\"434\"><span style=\"color: #000000\">28\/10\/2021 &#8211; 29\/10\/2021<\/span><\/td>\n<\/tr>\n<tr>\n<td valign=\"top\" width=\"208\"><span style=\"color: #000000\">\u00c1mbito geogr\u00e1fico<\/span><\/td>\n<td valign=\"top\" width=\"434\"><span style=\"color: #000000\">Uni\u00f3n Europea<\/span><\/td>\n<\/tr>\n<tr>\n<td valign=\"top\" width=\"208\"><span style=\"color: #000000\">P\u00e1gina web para m\u00e1s informaci\u00f3n<\/span><\/td>\n<td valign=\"top\" width=\"434\"><a href=\"https:\/\/ciiirh.iscsp.ulisboa.pt\/\" target=\"_blank\" rel=\"noopener\">https:\/\/ciiirh.iscsp.ulisboa.pt\/<\/a><\/td>\n<\/tr>\n<\/tbody>\n<\/table>\n<table border=\"1\" cellspacing=\"0\" cellpadding=\"0\">\n<tbody>\n<tr style=\"background: #405920\">\n<td colspan=\"2\" valign=\"top\" width=\"642\">\n<p align=\"center\"><span style=\"color: #ffffff\"><strong>V Foro de empleo y talento de Elche #ElxEmplea2019: El empleo del futuro<\/strong><\/span><\/p>\n<\/td>\n<\/tr>\n<tr>\n<td valign=\"top\" width=\"208\"><span style=\"color: #000000\">Ciudad de celebraci\u00f3n<\/span><\/td>\n<td valign=\"top\" width=\"434\"><span style=\"color: #000000\">Elche<\/span><\/td>\n<\/tr>\n<tr>\n<td valign=\"top\" width=\"208\"><span style=\"color: #000000\">N\u00ba de asistentes<\/span><\/td>\n<td valign=\"top\" width=\"434\"><span style=\"color: #000000\">750<\/span><\/td>\n<\/tr>\n<tr>\n<td valign=\"top\" width=\"208\"><span style=\"color: #000000\">Fecha de inicio-fin<\/span><\/td>\n<td valign=\"top\" width=\"434\"><span style=\"color: #000000\">14\/11\/2019<\/span><\/td>\n<\/tr>\n<tr>\n<td valign=\"top\" width=\"208\"><span style=\"color: #000000\">\u00c1mbito geogr\u00e1fico<\/span><\/td>\n<td valign=\"top\" width=\"434\"><span style=\"color: #000000\">Auton\u00f3mico<\/span><\/td>\n<\/tr>\n<tr>\n<td valign=\"top\" width=\"208\"><span style=\"color: #000000\">P\u00e1gina web para m\u00e1s informaci\u00f3n<\/span><\/td>\n<td valign=\"top\" width=\"434\"><a href=\"https:\/\/www.elxemplea.es\/\" target=\"_blank\" rel=\"noopener\">https:\/\/www.elxemplea.es\/<\/a><\/td>\n<\/tr>\n<\/tbody>\n<\/table>\n<table border=\"1\" cellspacing=\"0\" cellpadding=\"0\">\n<tbody>\n<tr style=\"background: #405920\">\n<td colspan=\"2\" valign=\"top\" width=\"642\">\n<p align=\"center\"><span style=\"color: #ffffff\"><strong>IX International Conference on Research and lntervention in Human Resources<\/strong><\/span><\/p>\n<\/td>\n<\/tr>\n<tr>\n<td valign=\"top\" width=\"208\"><span style=\"color: #000000\">Ciudad de celebraci\u00f3n<\/span><\/td>\n<td valign=\"top\" width=\"434\"><span style=\"color: #000000\">Oporto<\/span><\/td>\n<\/tr>\n<tr>\n<td valign=\"top\" width=\"208\"><span style=\"color: #000000\">N\u00ba de asistentes<\/span><\/td>\n<td valign=\"top\" width=\"434\">\u00a0<\/td>\n<\/tr>\n<tr>\n<td valign=\"top\" width=\"208\"><span style=\"color: #000000\">Fecha de inicio-fin<\/span><\/td>\n<td valign=\"top\" width=\"434\"><span style=\"color: #000000\">11\/04\/2019 &#8211; 12\/04\/2019<\/span><\/td>\n<\/tr>\n<tr>\n<td valign=\"top\" width=\"208\"><span style=\"color: #000000\">\u00c1mbito geogr\u00e1fico<\/span><\/td>\n<td valign=\"top\" width=\"434\"><span style=\"color: #000000\">Uni\u00f3n Europea<\/span><\/td>\n<\/tr>\n<tr>\n<td valign=\"top\" width=\"208\"><span style=\"color: #000000\">P\u00e1gina web para m\u00e1s informaci\u00f3n<\/span><\/td>\n<td valign=\"top\" width=\"434\"><a href=\"https:\/\/iscap.pt\/conferencias\/iirh\/ix\/index.php\/en\/\" target=\"_blank\" rel=\"noopener\">https:\/\/iscap.pt\/conferencias\/iirh\/ix\/index.php\/en\/<\/a><\/td>\n<\/tr>\n<\/tbody>\n<\/table>\n<table border=\"1\" cellspacing=\"0\" cellpadding=\"0\">\n<tbody>\n<tr style=\"background: #405920\">\n<td colspan=\"2\" valign=\"top\" width=\"642\">\n<p align=\"center\"><span style=\"color: #ffffff\"><strong> IV Foro de empleo y talento de Elche #ElxEmplea2018<\/strong><\/span><\/p>\n<\/td>\n<\/tr>\n<tr>\n<td valign=\"top\" width=\"208\"><span style=\"color: #000000\">Ciudad de celebraci\u00f3n<\/span><\/td>\n<td valign=\"top\" width=\"434\"><span style=\"color: #000000\">Elche<\/span><\/td>\n<\/tr>\n<tr>\n<td valign=\"top\" width=\"208\"><span style=\"color: #000000\">N\u00ba de asistentes<\/span><\/td>\n<td valign=\"top\" width=\"434\"><span style=\"color: #000000\">750<\/span><\/td>\n<\/tr>\n<tr>\n<td valign=\"top\" width=\"208\"><span style=\"color: #000000\">Fecha de inicio-fin<\/span><\/td>\n<td valign=\"top\" width=\"434\"><span style=\"color: #000000\">06\/11\/2018<\/span><\/td>\n<\/tr>\n<tr>\n<td valign=\"top\" width=\"208\"><span style=\"color: #000000\">\u00c1mbito geogr\u00e1fico<\/span><\/td>\n<td valign=\"top\" width=\"434\"><span style=\"color: #000000\">Auton\u00f3mico<\/span><\/td>\n<\/tr>\n<tr>\n<td valign=\"top\" width=\"208\"><span style=\"color: #000000\">P\u00e1gina web para m\u00e1s informaci\u00f3n<\/span><\/td>\n<td valign=\"top\" width=\"434\"><a href=\"https:\/\/www.elxemplea.es\/foro-de-empleo-y-talento-de-elche-2018\/\" target=\"_blank\" rel=\"noopener\">https:\/\/www.elxemplea.es\/foro-de-empleo-y-talento-de-elche-2018\/<\/a><\/td>\n<\/tr>\n<\/tbody>\n<\/table>\n<table border=\"1\" cellspacing=\"0\" cellpadding=\"0\">\n<tbody>\n<tr style=\"background: #405920\">\n<td colspan=\"2\" valign=\"top\" width=\"642\">\n<p align=\"center\"><span style=\"color: #ffffff\"><strong>III Foro de empleo y talento de Elche #ElxEmplea2017<\/strong><\/span><\/p>\n<\/td>\n<\/tr>\n<tr>\n<td valign=\"top\" width=\"208\"><span style=\"color: #000000\">Ciudad de celebraci\u00f3n<\/span><\/td>\n<td valign=\"top\" width=\"434\"><span style=\"color: #000000\">Elche<\/span><\/td>\n<\/tr>\n<tr>\n<td valign=\"top\" width=\"208\"><span style=\"color: #000000\">N\u00ba de asistentes<\/span><\/td>\n<td valign=\"top\" width=\"434\"><span style=\"color: #000000\">750<\/span><\/td>\n<\/tr>\n<tr>\n<td valign=\"top\" width=\"208\"><span style=\"color: #000000\">Fecha de inicio-fin<\/span><\/td>\n<td valign=\"top\" width=\"434\"><span style=\"color: #000000\">30\/11\/2017<\/span><\/td>\n<\/tr>\n<tr>\n<td valign=\"top\" width=\"208\"><span style=\"color: #000000\">\u00c1mbito geogr\u00e1fico<\/span><\/td>\n<td valign=\"top\" width=\"434\"><span style=\"color: #000000\">Auton\u00f3mica<\/span><\/td>\n<\/tr>\n<tr>\n<td valign=\"top\" width=\"208\"><span style=\"color: #000000\">P\u00e1gina web para m\u00e1s informaci\u00f3n<\/span><\/td>\n<td valign=\"top\" width=\"434\"><a href=\"https:\/\/www.elche.es\/2017\/11\/foro-digital-elxemplea2017\/\" target=\"_blank\" rel=\"noopener\">https:\/\/www.elche.es\/2017\/11\/foro-digital-elxemplea2017\/<\/a><\/td>\n<\/tr>\n<\/tbody>\n<\/table>\n<table border=\"1\" cellspacing=\"0\" cellpadding=\"0\">\n<tbody>\n<tr style=\"background: #405920\">\n<td colspan=\"2\" valign=\"top\" width=\"642\">\n<p align=\"center\"><span style=\"color: #ffffff\"><strong>II Foro de empleo y talento de Elche #ElxEmplea2016<\/strong><\/span><\/p>\n<\/td>\n<\/tr>\n<tr>\n<td valign=\"top\" width=\"208\"><span style=\"color: #000000\">Ciudad de celebraci\u00f3n<\/span><\/td>\n<td valign=\"top\" width=\"434\"><span style=\"color: #000000\">Elche<\/span><\/td>\n<\/tr>\n<tr>\n<td valign=\"top\" width=\"208\"><span style=\"color: #000000\">N\u00ba de asistentes<\/span><\/td>\n<td valign=\"top\" width=\"434\"><span style=\"color: #000000\">450<\/span><\/td>\n<\/tr>\n<tr>\n<td valign=\"top\" width=\"208\"><span style=\"color: #000000\">Fecha de inicio-fin<\/span><\/td>\n<td valign=\"top\" width=\"434\"><span style=\"color: #000000\">16\/11\/2016<\/span><\/td>\n<\/tr>\n<tr>\n<td valign=\"top\" width=\"208\"><span style=\"color: #000000\">\u00c1mbito geogr\u00e1fico<\/span><\/td>\n<td valign=\"top\" width=\"434\"><span style=\"color: #000000\">Auton\u00f3mica<\/span><\/td>\n<\/tr>\n<tr>\n<td valign=\"top\" width=\"208\"><span style=\"color: #000000\">P\u00e1gina web para m\u00e1s informaci\u00f3n<\/span><\/td>\n<td valign=\"top\" width=\"434\"><a href=\"https:\/\/www.elxemplea.es\/foro-de-empleo-y-talento-elxemplea-elx-emplea-2016\/\" target=\"_blank\" rel=\"noopener\">https:\/\/www.elxemplea.es\/foro-de-empleo-y-talento-elxemplea-elx-emplea-2016\/<\/a><\/td>\n<\/tr>\n<\/tbody>\n<\/table>\n<table border=\"1\" cellspacing=\"0\" cellpadding=\"0\">\n<tbody>\n<tr style=\"background: #405920\">\n<td colspan=\"2\" valign=\"top\" width=\"642\">\n<p align=\"center\"><span style=\"color: #ffffff\"><strong>I Foro de empleo y talento de Elche. \u00abL\u00e1nzate al empleo\u00bb<\/strong><\/span><\/p>\n<\/td>\n<\/tr>\n<tr>\n<td valign=\"top\" width=\"208\"><span style=\"color: #000000\">Ciudad de celebraci\u00f3n<\/span><\/td>\n<td valign=\"top\" width=\"434\"><span style=\"color: #000000\">Elche<\/span><\/td>\n<\/tr>\n<tr>\n<td valign=\"top\" width=\"208\"><span style=\"color: #000000\">N\u00ba de asistentes<\/span><\/td>\n<td valign=\"top\" width=\"434\"><span style=\"color: #000000\">325<\/span><\/td>\n<\/tr>\n<tr>\n<td valign=\"top\" width=\"208\"><span style=\"color: #000000\">Fecha de inicio-fin<\/span><\/td>\n<td valign=\"top\" width=\"434\"><span style=\"color: #000000\">14\/05\/2015<\/span><\/td>\n<\/tr>\n<tr>\n<td valign=\"top\" width=\"208\"><span style=\"color: #000000\">\u00c1mbito geogr\u00e1fico<\/span><\/td>\n<td valign=\"top\" width=\"434\"><span style=\"color: #000000\">Auton\u00f3mica<\/span><\/td>\n<\/tr>\n<tr>\n<td valign=\"top\" width=\"208\"><span style=\"color: #000000\">P\u00e1gina web para m\u00e1s informaci\u00f3n<\/span><\/td>\n<td valign=\"top\" width=\"434\"><a href=\"https:\/\/www.elxemplea.es\/i-foro-de-empleo-y-talento-de-elche-2015\/\" target=\"_blank\" rel=\"noopener\">https:\/\/www.elxemplea.es\/i-foro-de-empleo-y-talento-de-elche-2015\/<\/a><\/td>\n<\/tr>\n<\/tbody>\n<\/table>\n<p>[\/et_pb_text][\/et_pb_column][\/et_pb_row][\/et_pb_section]<\/p>\n","protected":false},"excerpt":{"rendered":"<p>III Foro de Empleo Almansa Impulsa Ciudad de celebraci\u00f3n Almansa N\u00ba de asistentes 400 Fecha de inicio-fin 16\/03\/2023 \u00c1mbito geogr\u00e1fico Auton\u00f3mico P\u00e1gina web para m\u00e1s informaci\u00f3n https:\/\/almansaimpulsa.es\/iiiforo-de-empleo\/ II Foro de Empleo \u201cSax Te Emplea\u201d Ciudad de celebraci\u00f3n Sax N\u00ba de asistentes 100 Fecha de inicio-fin 10\/11\/2022 &#8211; 10\/11\/2022 \u00c1mbito geogr\u00e1fico Auton\u00f3mico P\u00e1gina web para m\u00e1s [&hellip;]<\/p>\n","protected":false},"author":4484,"featured_media":0,"parent":0,"menu_order":0,"comment_status":"closed","ping_status":"closed","template":"","meta":{"_et_pb_use_builder":"on","_et_pb_old_content":"","_et_gb_content_width":"","_links_to":"","_links_to_target":""},"_links":{"self":[{"href":"https:\/\/salud-o.umh.es\/es\/wp-json\/wp\/v2\/pages\/3073"}],"collection":[{"href":"https:\/\/salud-o.umh.es\/es\/wp-json\/wp\/v2\/pages"}],"about":[{"href":"https:\/\/salud-o.umh.es\/es\/wp-json\/wp\/v2\/types\/page"}],"author":[{"embeddable":true,"href":"https:\/\/salud-o.umh.es\/es\/wp-json\/wp\/v2\/users\/4484"}],"replies":[{"embeddable":true,"href":"https:\/\/salud-o.umh.es\/es\/wp-json\/wp\/v2\/comments?post=3073"}],"version-history":[{"count":0,"href":"https:\/\/salud-o.umh.es\/es\/wp-json\/wp\/v2\/pages\/3073\/revisions"}],"wp:attachment":[{"href":"https:\/\/salud-o.umh.es\/es\/wp-json\/wp\/v2\/media?parent=3073"}],"curies":[{"name":"wp","href":"https:\/\/api.w.org\/{rel}","templated":true}]}}