{"id":32,"date":"2018-07-23T10:14:36","date_gmt":"2018-07-23T10:14:36","guid":{"rendered":"http:\/\/n3master.edu-desarrollo.umh.es\/?page_id=5"},"modified":"2022-05-18T08:31:23","modified_gmt":"2022-05-18T08:31:23","slug":"inicio-2","status":"publish","type":"page","link":"https:\/\/salud-o.umh.es\/es\/","title":{"rendered":"Grupo de Investigaci\u00f3n Salud Ocupacional (Salud-O)"},"content":{"rendered":"<p>[et_pb_section admin_label=\u00bbsection\u00bb fb_built=\u00bb1&#8243; _builder_version=\u00bb3.10.1&#8243; background_image=\u00bbhttp:\/\/salud-o.umh.es\/files\/2021\/07\/ORIGINAL-7.png\u00bb transparent_background=\u00bboff\u00bb allow_player_pause=\u00bboff\u00bb inner_shadow=\u00bboff\u00bb parallax=\u00bboff\u00bb parallax_method=\u00bboff\u00bb padding_mobile=\u00bboff\u00bb make_fullwidth=\u00bboff\u00bb use_custom_width=\u00bboff\u00bb width_unit=\u00bbon\u00bb make_equal=\u00bboff\u00bb use_custom_gutter=\u00bboff\u00bb][et_pb_row admin_label=\u00bbFila\u00bb make_fullwidth=\u00bboff\u00bb use_custom_width=\u00bboff\u00bb width_unit=\u00bbon\u00bb use_custom_gutter=\u00bboff\u00bb padding_mobile=\u00bboff\u00bb allow_player_pause=\u00bboff\u00bb parallax=\u00bboff\u00bb parallax_method=\u00bboff\u00bb make_equal=\u00bboff\u00bb parallax_1=\u00bboff\u00bb parallax_method_1=\u00bboff\u00bb column_padding_mobile=\u00bbon\u00bb][et_pb_column type=\u00bb4_4&#8243;][et_pb_divider admin_label=\u00bbSeparador\u00bb color=\u00bb#ffffff\u00bb show_divider=\u00bboff\u00bb divider_style=\u00bbsolid\u00bb divider_position=\u00bbtop\u00bb hide_on_mobile=\u00bbon\u00bb height=\u00bb20&#8243;]<br \/>\n[\/et_pb_divider][\/et_pb_column][\/et_pb_row][\/et_pb_section][et_pb_section admin_label=\u00bbSecci\u00f3n\u00bb fullwidth=\u00bboff\u00bb specialty=\u00bboff\u00bb][et_pb_row admin_label=\u00bbFila\u00bb make_fullwidth=\u00bboff\u00bb use_custom_width=\u00bboff\u00bb width_unit=\u00bbon\u00bb use_custom_gutter=\u00bboff\u00bb padding_mobile=\u00bboff\u00bb custom_margin=\u00bb-20px|||\u00bb allow_player_pause=\u00bboff\u00bb parallax=\u00bboff\u00bb parallax_method=\u00bboff\u00bb make_equal=\u00bboff\u00bb parallax_1=\u00bboff\u00bb parallax_method_1=\u00bboff\u00bb column_padding_mobile=\u00bbon\u00bb][et_pb_column type=\u00bb4_4&#8243;][et_pb_divider admin_label=\u00bbSeparador\u00bb color=\u00bb#000000&#8243; show_divider=\u00bbon\u00bb height=\u00bb2&#8243; divider_style=\u00bbsolid\u00bb divider_position=\u00bbtop\u00bb hide_on_mobile=\u00bbon\u00bb]<br \/>\n[\/et_pb_divider][\/et_pb_column][\/et_pb_row][et_pb_row admin_label=\u00bbFila\u00bb make_fullwidth=\u00bboff\u00bb use_custom_width=\u00bboff\u00bb width_unit=\u00bbon\u00bb use_custom_gutter=\u00bboff\u00bb padding_mobile=\u00bboff\u00bb custom_margin=\u00bb||-25px|\u00bb allow_player_pause=\u00bboff\u00bb parallax=\u00bboff\u00bb parallax_method=\u00bboff\u00bb make_equal=\u00bboff\u00bb parallax_1=\u00bboff\u00bb parallax_method_1=\u00bboff\u00bb parallax_2=\u00bboff\u00bb parallax_method_2=\u00bboff\u00bb column_padding_mobile=\u00bbon\u00bb][et_pb_column type=\u00bb1_2&#8243;][et_pb_image admin_label=\u00bbImagen\u00bb src=\u00bbhttp:\/\/salud-o.umh.es\/files\/2019\/12\/hablar-en-publico.png\u00bb show_in_lightbox=\u00bboff\u00bb url_new_window=\u00bboff\u00bb use_overlay=\u00bboff\u00bb animation=\u00bbleft\u00bb sticky=\u00bboff\u00bb align=\u00bbleft\u00bb force_fullwidth=\u00bboff\u00bb always_center_on_mobile=\u00bbon\u00bb use_border_color=\u00bboff\u00bb border_color=\u00bb#ffffff\u00bb border_style=\u00bbsolid\u00bb]<br \/>\n[\/et_pb_image][\/et_pb_column][et_pb_column type=\u00bb1_2&#8243;][et_pb_text admin_label=\u00bbBio grupo\u00bb background_layout=\u00bblight\u00bb text_orientation=\u00bbleft\u00bb use_border_color=\u00bboff\u00bb border_color=\u00bb#ffffff\u00bb border_style=\u00bbsolid\u00bb]<\/p>\n<div style=\"text-align: justify;\">\n<p><span style=\"color: #000000;\">El <strong>Grupo de Investigaci\u00f3n Salud Ocupacional (Salud-O)<\/strong> re\u00fane, desde 2004, a un grupo interdisciplinar de profesores universitarios, <\/span><span style=\"color: #000000;\">j\u00f3venes investigadores, doctorandos y profesio<\/span><span style=\"color: #000000;\">nales de la p<\/span><span style=\"color: #000000;\">sicolog\u00eda, interesados en el <b>estudio cient\u00edfico de los procesos psicol\u00f3gicos en el campo<\/b><\/span><span style=\"color: #000000;\"><b>\u00a0de salud o<\/b><\/span><span style=\"color: #000000;\"><b>cupacional<\/b>, as\u00ed como en\u00a0e<\/span><span style=\"color: #000000;\">l i<\/span><span style=\"color: #000000;\">m<\/span><span style=\"color: #000000;\">pacto de dichos procesos en los trabajadores, los grupos, las organizaciones y la sociedad en la que se hallan inmersos.\u00a0<\/span><\/p>\n<p><span style=\"color: #000000;\">Si bien la <strong>l\u00ednea de investigaci\u00f3n<\/strong> principal del grupo es la\u00a0<strong>Salud Ocupacional<\/strong>, a lo largo de\u00a0los a\u00f1os, a la vez que crec\u00eda y se consolidaba el <strong>grupo Salud-O<\/strong>, se han ido abriendo <strong>l\u00edneas de investigaci\u00f3n<\/strong> m\u00e1s espec\u00edficas, entre las que actualmente se est\u00e1 trabajando en: Ergonom\u00eda y Psicosociolog\u00eda de la Prevenci\u00f3n de Riesgos Laborales, Sensibilidad Qu\u00edmica M\u00faltiple, Psicolog\u00eda del Trabajo y las Organizaciones (Nuevas Tecnolog\u00edas, Contrato Psicol\u00f3gico, Competencias), Investigaci\u00f3n Documental y Cienciometr\u00eda, Psicolog\u00eda de la Salud (Actividad F\u00edsica, Drogas y Adicciones, Tr\u00e1fico y Seguridad Vial), y Comunicaci\u00f3n e Intervenci\u00f3n Centrada en Soluciones.<\/span><\/p>\n<\/div>\n<p>[\/et_pb_text][\/et_pb_column][\/et_pb_row][\/et_pb_section][et_pb_section admin_label=\u00bbSecci\u00f3n\u00bb fullwidth=\u00bboff\u00bb specialty=\u00bboff\u00bb transparent_background=\u00bboff\u00bb allow_player_pause=\u00bboff\u00bb inner_shadow=\u00bboff\u00bb parallax=\u00bboff\u00bb parallax_method=\u00bboff\u00bb padding_mobile=\u00bboff\u00bb make_fullwidth=\u00bboff\u00bb use_custom_width=\u00bboff\u00bb width_unit=\u00bbon\u00bb make_equal=\u00bboff\u00bb use_custom_gutter=\u00bboff\u00bb background_color=\u00bb#ededed\u00bb][et_pb_row admin_label=\u00bbFila\u00bb make_fullwidth=\u00bboff\u00bb use_custom_width=\u00bboff\u00bb width_unit=\u00bbon\u00bb use_custom_gutter=\u00bboff\u00bb padding_mobile=\u00bboff\u00bb allow_player_pause=\u00bboff\u00bb parallax=\u00bboff\u00bb parallax_method=\u00bboff\u00bb make_equal=\u00bboff\u00bb parallax_1=\u00bboff\u00bb parallax_method_1=\u00bboff\u00bb parallax_2=\u00bboff\u00bb parallax_method_2=\u00bboff\u00bb parallax_3=\u00bboff\u00bb parallax_method_3=\u00bboff\u00bb parallax_4=\u00bboff\u00bb parallax_method_4=\u00bboff\u00bb column_padding_mobile=\u00bbon\u00bb custom_padding=\u00bb|60px|0px|60px\u00bb][et_pb_column type=\u00bb1_2&#8243;][et_pb_image admin_label=\u00bbcongreso\u00bb src=\u00bbhttp:\/\/salud-o.umh.es\/files\/2018\/07\/congreso-recuros-humanos-elche.jpg\u00bb show_in_lightbox=\u00bboff\u00bb url=\u00bbhttp:\/\/congresorrhhelche.com\/\u00bb url_new_window=\u00bbon\u00bb use_overlay=\u00bbon\u00bb animation=\u00bbfade_in\u00bb sticky=\u00bboff\u00bb align=\u00bbcenter\u00bb force_fullwidth=\u00bbon\u00bb always_center_on_mobile=\u00bbon\u00bb use_border_color=\u00bbon\u00bb border_color=\u00bb#dbdbdb\u00bb border_style=\u00bbsolid\u00bb overlay_icon_color=\u00bb#81d742&#8243;]<\/p>\n<p>[\/et_pb_image][et_pb_image admin_label=\u00bbcatedra\u00bb src=\u00bbhttp:\/\/salud-o.umh.es\/files\/2018\/07\/catedra-recursos-humanos.jpg\u00bb show_in_lightbox=\u00bboff\u00bb url=\u00bb#\u00bb url_new_window=\u00bbon\u00bb use_overlay=\u00bbon\u00bb animation=\u00bbfade_in\u00bb sticky=\u00bbon\u00bb align=\u00bbcenter\u00bb force_fullwidth=\u00bbon\u00bb always_center_on_mobile=\u00bbon\u00bb use_border_color=\u00bboff\u00bb border_color=\u00bb#ffffff\u00bb border_style=\u00bbsolid\u00bb overlay_icon_color=\u00bb#81d742&#8243;]<\/p>\n<p>[\/et_pb_image][et_pb_divider admin_label=\u00bbSeparador\u00bb color=\u00bb#ffffff\u00bb show_divider=\u00bboff\u00bb divider_style=\u00bbsolid\u00bb divider_position=\u00bbtop\u00bb hide_on_mobile=\u00bbon\u00bb] [\/et_pb_divider][\/et_pb_column][et_pb_column type=\u00bb1_2&#8243;][et_pb_image admin_label=\u00bbmaster\u00bb src=\u00bbhttp:\/\/salud-o.umh.es\/files\/2018\/07\/martho-master-recursos-humanos-umh.jpg\u00bb show_in_lightbox=\u00bboff\u00bb url=\u00bbhttps:\/\/master-rrhh-umh.es\/\u00bb url_new_window=\u00bbon\u00bb use_overlay=\u00bbon\u00bb animation=\u00bbfade_in\u00bb sticky=\u00bboff\u00bb align=\u00bbcenter\u00bb force_fullwidth=\u00bbon\u00bb always_center_on_mobile=\u00bbon\u00bb use_border_color=\u00bboff\u00bb border_color=\u00bb#ffffff\u00bb border_style=\u00bbsolid\u00bb overlay_icon_color=\u00bb#81d742&#8243;]<\/p>\n<p>[\/et_pb_image][et_pb_image admin_label=\u00bbservicios\u00bb src=\u00bbhttp:\/\/salud-o.umh.es\/files\/2018\/07\/servicios-grupo-salud-ocupacional-umh1.jpg\u00bb show_in_lightbox=\u00bboff\u00bb url=\u00bbhttp:\/\/salud-o.umh.es\/servicio-a-empresas\/\u00bb url_new_window=\u00bbon\u00bb use_overlay=\u00bbon\u00bb animation=\u00bbfade_in\u00bb sticky=\u00bbon\u00bb align=\u00bbcenter\u00bb force_fullwidth=\u00bbon\u00bb always_center_on_mobile=\u00bbon\u00bb use_border_color=\u00bboff\u00bb border_color=\u00bb#ffffff\u00bb border_style=\u00bbsolid\u00bb overlay_icon_color=\u00bb#81d742&#8243;]<\/p>\n<p>[\/et_pb_image][et_pb_divider admin_label=\u00bbSeparador\u00bb color=\u00bb#ffffff\u00bb show_divider=\u00bboff\u00bb divider_style=\u00bbsolid\u00bb divider_position=\u00bbtop\u00bb hide_on_mobile=\u00bbon\u00bb] [\/et_pb_divider][\/et_pb_column][\/et_pb_row][\/et_pb_section][et_pb_section admin_label=\u00bbSecci\u00f3n\u00bb fullwidth=\u00bboff\u00bb specialty=\u00bboff\u00bb transparent_background=\u00bboff\u00bb allow_player_pause=\u00bboff\u00bb inner_shadow=\u00bboff\u00bb parallax=\u00bboff\u00bb parallax_method=\u00bboff\u00bb padding_mobile=\u00bboff\u00bb make_fullwidth=\u00bboff\u00bb use_custom_width=\u00bboff\u00bb width_unit=\u00bbon\u00bb make_equal=\u00bboff\u00bb use_custom_gutter=\u00bboff\u00bb background_color=\u00bb#ffffff\u00bb][et_pb_row admin_label=\u00bbFila\u00bb make_fullwidth=\u00bboff\u00bb use_custom_width=\u00bboff\u00bb width_unit=\u00bbon\u00bb use_custom_gutter=\u00bboff\u00bb padding_mobile=\u00bboff\u00bb allow_player_pause=\u00bboff\u00bb parallax=\u00bboff\u00bb parallax_method=\u00bboff\u00bb make_equal=\u00bboff\u00bb parallax_1=\u00bboff\u00bb parallax_method_1=\u00bboff\u00bb column_padding_mobile=\u00bbon\u00bb][et_pb_column type=\u00bb4_4&#8243;][et_pb_text admin_label=\u00bbTexto\u00bb background_layout=\u00bblight\u00bb text_orientation=\u00bbcenter\u00bb use_border_color=\u00bboff\u00bb border_color=\u00bb#ffffff\u00bb border_style=\u00bbsolid\u00bb]<\/p>\n<h3>ACTUALIDAD DEL GRUPO SALUD-O<\/h3>\n<p>[\/et_pb_text][et_pb_blog admin_label=\u00bbBlog\u00bb fullwidth=\u00bboff\u00bb posts_number=\u00bb3&#8243; show_thumbnail=\u00bbon\u00bb show_content=\u00bboff\u00bb show_more=\u00bboff\u00bb show_author=\u00bboff\u00bb show_date=\u00bboff\u00bb show_categories=\u00bboff\u00bb show_comments=\u00bboff\u00bb show_pagination=\u00bbon\u00bb offset_number=\u00bb0&#8243; use_overlay=\u00bboff\u00bb background_layout=\u00bblight\u00bb use_dropshadow=\u00bboff\u00bb use_border_color=\u00bboff\u00bb border_color=\u00bb#ffffff\u00bb border_style=\u00bbsolid\u00bb] [\/et_pb_blog][\/et_pb_column][\/et_pb_row][\/et_pb_section]<\/p>","protected":false},"excerpt":{"rendered":"<p>El Grupo de Investigaci\u00f3n Salud Ocupacional (Salud-O) re\u00fane, desde 2004, a un grupo interdisciplinar de profesores universitarios, j\u00f3venes investigadores, doctorandos y profesionales de la psicolog\u00eda,  interesados en el estudio cient\u00edfico de los procesos psicol\u00f3gicos en el campo de salud ocupacional. Adem\u00e1s, el equipo ofrece servicios de formaci\u00f3n y consultor\u00eda al sector empresarial en una apuesta clara por la transferencia.<\/p>\n","protected":false},"author":16999,"featured_media":0,"parent":0,"menu_order":0,"comment_status":"closed","ping_status":"closed","template":"","meta":{"_et_pb_use_builder":"off","_et_pb_old_content":"","_et_gb_content_width":"","_links_to":"","_links_to_target":""},"_links":{"self":[{"href":"https:\/\/salud-o.umh.es\/es\/wp-json\/wp\/v2\/pages\/32"}],"collection":[{"href":"https:\/\/salud-o.umh.es\/es\/wp-json\/wp\/v2\/pages"}],"about":[{"href":"https:\/\/salud-o.umh.es\/es\/wp-json\/wp\/v2\/types\/page"}],"author":[{"embeddable":true,"href":"https:\/\/salud-o.umh.es\/es\/wp-json\/wp\/v2\/users\/16999"}],"replies":[{"embeddable":true,"href":"https:\/\/salud-o.umh.es\/es\/wp-json\/wp\/v2\/comments?post=32"}],"version-history":[{"count":0,"href":"https:\/\/salud-o.umh.es\/es\/wp-json\/wp\/v2\/pages\/32\/revisions"}],"wp:attachment":[{"href":"https:\/\/salud-o.umh.es\/es\/wp-json\/wp\/v2\/media?parent=32"}],"curies":[{"name":"wp","href":"https:\/\/api.w.org\/{rel}","templated":true}]}}