{"id":651,"date":"2016-06-02T08:48:51","date_gmt":"2016-06-02T08:48:51","guid":{"rendered":"http:\/\/salud-o.umh.es\/?page_id=246"},"modified":"2019-12-11T12:20:58","modified_gmt":"2019-12-11T12:20:58","slug":"servicios_consultoria","status":"publish","type":"page","link":"https:\/\/salud-o.umh.es\/es\/servicio-a-empresas\/servicios_consultoria\/","title":{"rendered":"Servicios de consultor\u00eda para empresas"},"content":{"rendered":"<p>[et_pb_section admin_label=\u00bbsection\u00bb fb_built=\u00bb1&#8243; _builder_version=\u00bb3.10.1&#8243; use_background_color_gradient=\u00bbon\u00bb background_image=\u00bbhttp:\/\/salud-o.umh.es\/files\/2018\/07\/saludo.png\u00bb transparent_background=\u00bboff\u00bb allow_player_pause=\u00bboff\u00bb inner_shadow=\u00bboff\u00bb parallax=\u00bboff\u00bb parallax_method=\u00bboff\u00bb padding_mobile=\u00bboff\u00bb make_fullwidth=\u00bboff\u00bb use_custom_width=\u00bboff\u00bb width_unit=\u00bbon\u00bb make_equal=\u00bboff\u00bb use_custom_gutter=\u00bboff\u00bb][et_pb_row admin_label=\u00bbFila\u00bb][et_pb_column type=\u00bb4_4&#8243;][\/et_pb_column][\/et_pb_row][\/et_pb_section][et_pb_section admin_label=\u00bbsection\u00bb fb_built=\u00bb1&#8243; fullwidth=\u00bbon\u00bb _builder_version=\u00bb3.0.47&#8243; transparent_background=\u00bboff\u00bb allow_player_pause=\u00bboff\u00bb inner_shadow=\u00bboff\u00bb parallax=\u00bboff\u00bb parallax_method=\u00bboff\u00bb padding_mobile=\u00bboff\u00bb make_fullwidth=\u00bboff\u00bb use_custom_width=\u00bboff\u00bb width_unit=\u00bbon\u00bb make_equal=\u00bboff\u00bb use_custom_gutter=\u00bboff\u00bb][et_pb_fullwidth_menu admin_label=\u00bbMen\u00fa de anchura completa\u00bb menu_id=\u00bb3&#8243; submenu_direction=\u00bbdownwards\u00bb fullwidth_menu=\u00bboff\u00bb active_link_color=\u00bb#1f1f1f\u00bb dropdown_menu_bg_color=\u00bb#474747&#8243; dropdown_menu_line_color=\u00bb#474747&#8243; dropdown_menu_text_color=\u00bb#ffffff\u00bb mobile_menu_bg_color=\u00bb#474747&#8243; mobile_menu_text_color=\u00bb#1f1f1f\u00bb _builder_version=\u00bb3.10.1&#8243; menu_font=\u00bbOpen Sans|600|||||||\u00bb menu_text_color=\u00bb#1f1f1f\u00bb background_color=\u00bb#eeeeee\u00bb text_orientation=\u00bbcenter\u00bb background_layout=\u00bblight\u00bb dropdown_menu_animation=\u00bbfade\u00bb]<br \/>\n[\/et_pb_fullwidth_menu][\/et_pb_section][et_pb_section admin_label=\u00bbsection\u00bb][et_pb_row admin_label=\u00bbrow\u00bb][et_pb_column type=\u00bb4_4&#8243;][et_pb_text admin_label=\u00bbTexto\u00bb]<\/p>\n<div style=\"text-align: justify;\">\n<ul>\n<li style=\"text-align: left;\"><span style=\"color: #000000;\"><big>Consultor\u00eda Organizacional y de Recursos Humanos.<\/big><\/span><\/li>\n<\/ul>\n<ul>\n<li style=\"text-align: left;\"><span style=\"color: #000000;\"><big>Asesoramiento (Diagn\u00f3stico, Intervenci\u00f3n y Evaluaci\u00f3n) en materia de Ergonom\u00eda y Psicosociolog\u00eda de la Prevenci\u00f3n de Riesgos Laborales.<\/big><\/span><\/li>\n<\/ul>\n<ul>\n<li style=\"text-align: left;\"><span style=\"color: #000000;\"><big>Servicio de b\u00fasquedas bibliogr\u00e1ficas.<\/big><\/span><\/li>\n<\/ul>\n<ul>\n<li><span style=\"color: #000000;\"><big>Apoyo a la investigaci\u00f3n de proyectos de investigaci\u00f3n cuyo objeto de estudio est\u00e9 relacionado con la Psicosociolog\u00eda de la Prevenci\u00f3n de Riesgos Laborales.<\/big><\/span><\/li>\n<\/ul>\n<ul>\n<li><span style=\"color: #000000;\"><big>Dise\u00f1o, programaci\u00f3n y puesta en pr\u00e1ctica de programas de formaci\u00f3n destinados a colectivos espec\u00edficos.\u00a0<\/big><\/span><\/li>\n<\/ul>\n<p><span style=\"color: #000000;\"><big><a href=\"http:\/\/salud-o.umh.es\/files\/2016\/06\/orientacion-laboral-horz.jpg\"><img loading=\"lazy\" class=\"alignright wp-image-255 size-full\" src=\"http:\/\/salud-o.umh.es\/files\/2016\/06\/orientacion-laboral-horz.jpg\" alt=\"\" width=\"504\" height=\"187\" srcset=\"https:\/\/salud-o.umh.es\/files\/2016\/06\/orientacion-laboral-horz.jpg 504w, https:\/\/salud-o.umh.es\/files\/2016\/06\/orientacion-laboral-horz-300x111.jpg 300w\" sizes=\"(max-width: 504px) 100vw, 504px\" \/><\/a><\/big><\/span><\/p>\n<\/div>\n<p>[\/et_pb_text][\/et_pb_column][\/et_pb_row][\/et_pb_section]<\/p>","protected":false},"excerpt":{"rendered":"<p>Consultor\u00eda Organizacional y de Recursos Humanos. Asesoramiento (Diagn\u00f3stico, Intervenci\u00f3n y Evaluaci\u00f3n) en materia de Ergonom\u00eda y Psicosociolog\u00eda de la Prevenci\u00f3n de Riesgos Laborales. Servicio de b\u00fasquedas bibliogr\u00e1ficas. Apoyo a la investigaci\u00f3n de proyectos de investigaci\u00f3n cuyo objeto de estudio est\u00e9 relacionado con la Psicosociolog\u00eda de la Prevenci\u00f3n de Riesgos Laborales. Dise\u00f1o, programaci\u00f3n y puesta en [&hellip;]<\/p>\n","protected":false},"author":18873,"featured_media":0,"parent":44,"menu_order":2,"comment_status":"closed","ping_status":"closed","template":"","meta":{"_et_pb_use_builder":"on","_et_pb_old_content":"<p><\/p><div style=\"text-align: justify;\"><ul><li style=\"text-align: left;\"><span style=\"color: #000000;\"><big>Consultor\u00eda Organizacional y de Recursos Humanos.<\/big><\/span><\/li><\/ul><ul><li style=\"text-align: left;\"><span style=\"color: #000000;\"><big>Asesoramiento (Diagn\u00f3stico, Intervenci\u00f3n y Evaluaci\u00f3n) en materia de Ergonom\u00eda y Psicosociolog\u00eda de la Prevenci\u00f3n de Riesgos Laborales.<\/big><\/span><\/li><\/ul><ul><li style=\"text-align: left;\"><span style=\"color: #000000;\"><big>Servicio de b\u00fasquedas bibliogr\u00e1ficas.<\/big><\/span><\/li><\/ul><ul><li><span style=\"color: #000000;\"><big>Apoyo a la investigaci\u00f3n de proyectos de investigaci\u00f3n cuyo objeto de estudio est\u00e9 relacionado con la Psicosociolog\u00eda de la Prevenci\u00f3n de Riesgos Laborales.<\/big><\/span><\/li><\/ul><ul><li><span style=\"color: #000000;\"><big>Dise\u00f1o, programaci\u00f3n y puesta en pr\u00e1ctica de programas de formaci\u00f3n destinados a colectivos espec\u00edficos.\u00a0<\/big><\/span><\/li><\/ul><p><span style=\"color: #000000;\"><big><a href=\"http:\/\/salud-o.edu.umh.es\/wp-content\/uploads\/sites\/1435\/2016\/06\/orientacion-laboral-horz.jpg\"><img class=\"alignright wp-image-255 size-full\" src=\"http:\/\/salud-o.edu.umh.es\/wp-content\/uploads\/sites\/1435\/2016\/06\/orientacion-laboral-horz.jpg\" alt=\"\" width=\"504\" height=\"187\" \/><\/a><\/big><\/span><\/p><\/div><p><\/p>","_et_gb_content_width":"","_links_to":"","_links_to_target":""},"_links":{"self":[{"href":"https:\/\/salud-o.umh.es\/es\/wp-json\/wp\/v2\/pages\/651"}],"collection":[{"href":"https:\/\/salud-o.umh.es\/es\/wp-json\/wp\/v2\/pages"}],"about":[{"href":"https:\/\/salud-o.umh.es\/es\/wp-json\/wp\/v2\/types\/page"}],"author":[{"embeddable":true,"href":"https:\/\/salud-o.umh.es\/es\/wp-json\/wp\/v2\/users\/18873"}],"replies":[{"embeddable":true,"href":"https:\/\/salud-o.umh.es\/es\/wp-json\/wp\/v2\/comments?post=651"}],"version-history":[{"count":0,"href":"https:\/\/salud-o.umh.es\/es\/wp-json\/wp\/v2\/pages\/651\/revisions"}],"up":[{"embeddable":true,"href":"https:\/\/salud-o.umh.es\/es\/wp-json\/wp\/v2\/pages\/44"}],"wp:attachment":[{"href":"https:\/\/salud-o.umh.es\/es\/wp-json\/wp\/v2\/media?parent=651"}],"curies":[{"name":"wp","href":"https:\/\/api.w.org\/{rel}","templated":true}]}}