{"id":3298,"date":"2023-02-15T11:00:53","date_gmt":"2023-02-15T11:00:53","guid":{"rendered":"https:\/\/salud-o.umh.es\/?page_id=3298"},"modified":"2023-03-29T15:43:17","modified_gmt":"2023-03-29T15:43:17","slug":"convenios-3","status":"publish","type":"page","link":"https:\/\/salud-o.umh.es\/it\/convenios-3\/","title":{"rendered":"(Espa\u00f1ol) CONVENIOS"},"content":{"rendered":"<p>[et_pb_section fb_built=&#8221;1&#8243; admin_label=&#8221;section&#8221; _builder_version=&#8221;4.16&#8243; use_background_color_gradient=&#8221;on&#8221; background_image=&#8221;http:\/\/salud-o.umh.es\/files\/2018\/07\/saludo.png&#8221; transparent_background=&#8221;off&#8221; padding_mobile=&#8221;off&#8221; make_fullwidth=&#8221;off&#8221; use_custom_width=&#8221;off&#8221; width_unit=&#8221;on&#8221; global_colors_info=&#8221;{}&#8221;][et_pb_row _builder_version=&#8221;4.16&#8243; background_size=&#8221;initial&#8221; background_position=&#8221;top_left&#8221; background_repeat=&#8221;repeat&#8221; global_colors_info=&#8221;{}&#8221;][et_pb_column type=&#8221;4_4&#8243; _builder_version=&#8221;4.16&#8243; custom_padding=&#8221;|||&#8221; global_colors_info=&#8221;{}&#8221; custom_padding__hover=&#8221;|||&#8221;][\/et_pb_column][\/et_pb_row][\/et_pb_section][et_pb_section fb_built=&#8221;1&#8243; fullwidth=&#8221;on&#8221; custom_padding_last_edited=&#8221;on|desktop&#8221; admin_label=&#8221;section&#8221; _builder_version=&#8221;4.16&#8243; custom_padding_tablet=&#8221;50px|0|50px|0&#8243; custom_padding_phone=&#8221;&#8221; transparent_background=&#8221;off&#8221; padding_mobile=&#8221;off&#8221; make_fullwidth=&#8221;off&#8221; use_custom_width=&#8221;off&#8221; width_unit=&#8221;on&#8221; global_colors_info=&#8221;{}&#8221;][et_pb_fullwidth_menu menu_id=&#8221;3&#8243; submenu_direction=&#8221;downwards&#8221; fullwidth_menu=&#8221;off&#8221; active_link_color=&#8221;#1f1f1f&#8221; dropdown_menu_bg_color=&#8221;#474747&#8243; dropdown_menu_line_color=&#8221;#474747&#8243; dropdown_menu_text_color=&#8221;#ffffff&#8221; mobile_menu_bg_color=&#8221;#474747&#8243; mobile_menu_text_color=&#8221;#1f1f1f&#8221; _builder_version=&#8221;4.17.4&#8243; menu_font=&#8221;Open Sans|600|||||||&#8221; menu_text_color=&#8221;#1f1f1f&#8221; background_color=&#8221;#eeeeee&#8221; text_orientation=&#8221;center&#8221; global_colors_info=&#8221;{}&#8221;]<br \/>\n[\/et_pb_fullwidth_menu][\/et_pb_section][et_pb_section fb_built=&#8221;1&#8243; admin_label=&#8221;section&#8221; _builder_version=&#8221;4.16&#8243; global_colors_info=&#8221;{}&#8221;][et_pb_row admin_label=&#8221;row&#8221; _builder_version=&#8221;4.16&#8243; background_size=&#8221;initial&#8221; background_position=&#8221;top_left&#8221; background_repeat=&#8221;repeat&#8221; global_colors_info=&#8221;{}&#8221;][et_pb_column type=&#8221;4_4&#8243; _builder_version=&#8221;4.16&#8243; custom_padding=&#8221;|||&#8221; global_colors_info=&#8221;{}&#8221; custom_padding__hover=&#8221;|||&#8221;][et_pb_post_title meta=&#8221;off&#8221; featured_image=&#8221;off&#8221; admin_label=&#8221;T\u00edtulo de publicaci\u00f3n&#8221; _builder_version=&#8221;4.17.4&#8243; title_all_caps=&#8221;off&#8221; background_color=&#8221;rgba(255,255,255,0)&#8221; parallax=&#8221;on&#8221; text_orientation=&#8221;center&#8221; use_border_color=&#8221;off&#8221; border_color=&#8221;#ffffff&#8221; border_style=&#8221;solid&#8221; parallax_effect=&#8221;on&#8221; module_bg_color=&#8221;rgba(255,255,255,0)&#8221; global_colors_info=&#8221;{}&#8221;]<br \/>\n[\/et_pb_post_title][et_pb_text admin_label=&#8221;Texto&#8221; _builder_version=&#8221;4.17.4&#8243; background_size=&#8221;initial&#8221; background_position=&#8221;top_left&#8221; background_repeat=&#8221;repeat&#8221; vertical_offset_tablet=&#8221;0&#8243; horizontal_offset_tablet=&#8221;0&#8243; hover_enabled=&#8221;0&#8243; z_index_tablet=&#8221;0&#8243; text_text_shadow_horizontal_length_tablet=&#8221;0px&#8221; text_text_shadow_vertical_length_tablet=&#8221;0px&#8221; text_text_shadow_blur_strength_tablet=&#8221;1px&#8221; link_text_shadow_horizontal_length_tablet=&#8221;0px&#8221; link_text_shadow_vertical_length_tablet=&#8221;0px&#8221; link_text_shadow_blur_strength_tablet=&#8221;1px&#8221; ul_text_shadow_horizontal_length_tablet=&#8221;0px&#8221; ul_text_shadow_vertical_length_tablet=&#8221;0px&#8221; ul_text_shadow_blur_strength_tablet=&#8221;1px&#8221; ol_text_shadow_horizontal_length_tablet=&#8221;0px&#8221; ol_text_shadow_vertical_length_tablet=&#8221;0px&#8221; ol_text_shadow_blur_strength_tablet=&#8221;1px&#8221; quote_text_shadow_horizontal_length_tablet=&#8221;0px&#8221; quote_text_shadow_vertical_length_tablet=&#8221;0px&#8221; quote_text_shadow_blur_strength_tablet=&#8221;1px&#8221; header_text_shadow_horizontal_length_tablet=&#8221;0px&#8221; header_text_shadow_vertical_length_tablet=&#8221;0px&#8221; header_text_shadow_blur_strength_tablet=&#8221;1px&#8221; header_2_text_shadow_horizontal_length_tablet=&#8221;0px&#8221; header_2_text_shadow_vertical_length_tablet=&#8221;0px&#8221; header_2_text_shadow_blur_strength_tablet=&#8221;1px&#8221; header_3_text_shadow_horizontal_length_tablet=&#8221;0px&#8221; header_3_text_shadow_vertical_length_tablet=&#8221;0px&#8221; header_3_text_shadow_blur_strength_tablet=&#8221;1px&#8221; header_4_text_shadow_horizontal_length_tablet=&#8221;0px&#8221; header_4_text_shadow_vertical_length_tablet=&#8221;0px&#8221; header_4_text_shadow_blur_strength_tablet=&#8221;1px&#8221; header_5_text_shadow_horizontal_length_tablet=&#8221;0px&#8221; header_5_text_shadow_vertical_length_tablet=&#8221;0px&#8221; header_5_text_shadow_blur_strength_tablet=&#8221;1px&#8221; header_6_text_shadow_horizontal_length_tablet=&#8221;0px&#8221; header_6_text_shadow_vertical_length_tablet=&#8221;0px&#8221; header_6_text_shadow_blur_strength_tablet=&#8221;1px&#8221; box_shadow_horizontal_tablet=&#8221;0px&#8221; box_shadow_vertical_tablet=&#8221;0px&#8221; box_shadow_blur_tablet=&#8221;40px&#8221; box_shadow_spread_tablet=&#8221;0px&#8221; use_border_color=&#8221;off&#8221; global_colors_info=&#8221;{}&#8221; sticky_enabled=&#8221;0&#8243;]<\/p>\n<table border=\"1\" cellspacing=\"0\" cellpadding=\"0\">\n<tbody>\n<tr style=\"background: #405920\">\n<td colspan=\"2\" valign=\"top\" width=\"642\">\n<p align=\"center\">\u00a0<span style=\"color: #000000\"><strong>\u00a0<\/strong><\/span><span style=\"color: #ffffff\"><strong>Convenio espec\u00edfico de colaboraci\u00f3n entre la Universidad Miguel Hern\u00e1ndez de Elche y el Ayuntamiento de Almansa<\/strong><\/span><\/p>\n<\/td>\n<\/tr>\n<tr>\n<td valign=\"top\" width=\"208\"><span style=\"color: #000000\">Entidad Colaboradora<\/span><\/td>\n<td valign=\"top\" width=\"434\"><span style=\"color: #000000\">Ayuntamiento de Almansa &#8211; Concejal\u00eda de Empleo y Desarrollo Local<\/span><\/td>\n<\/tr>\n<tr>\n<td valign=\"top\" width=\"208\"><span style=\"color: #000000\">Objetivo<\/span><\/td>\n<td valign=\"top\" width=\"434\"><span style=\"color: #000000\">Colaboraci\u00f3n en materia de investigaci\u00f3n y transferencia de conocimiento<\/span><\/td>\n<\/tr>\n<tr>\n<td valign=\"top\" width=\"208\"><span style=\"color: #000000\">A\u00f1o de firma del convenio<\/span><\/td>\n<td valign=\"top\" width=\"434\"><span style=\"color: #000000\">2022<\/span><\/td>\n<\/tr>\n<tr>\n<td valign=\"top\" width=\"208\"><span style=\"color: #000000\">Enlace a documento<\/span><\/td>\n<td valign=\"top\" width=\"434\"><span style=\"color: #0000ff\"><strong><a style=\"color: #0000ff\" href=\"https:\/\/salud-o.umh.es\/files\/2023\/03\/Acuerdo-especifico-Ayto-Almansa-UMH-copia-autentica_signed_signed.pdf\" target=\"_blank\" rel=\"noopener\">Convenio Ayuntamiento de Almansa<\/a><\/strong><\/span><\/td>\n<\/tr>\n<\/tbody>\n<\/table>\n<p>[\/et_pb_text][\/et_pb_column][\/et_pb_row][\/et_pb_section]<\/p>\n","protected":false},"excerpt":{"rendered":"<p>\u00a0\u00a0Convenio espec\u00edfico de colaboraci\u00f3n entre la Universidad Miguel Hern\u00e1ndez de Elche y el Ayuntamiento de Almansa Entidad Colaboradora Ayuntamiento de Almansa &#8211; Concejal\u00eda de Empleo y Desarrollo Local Objetivo Colaboraci\u00f3n en materia de investigaci\u00f3n y transferencia de conocimiento A\u00f1o de firma del convenio 2022 Enlace a documento Convenio Ayuntamiento de Almansa<\/p>\n","protected":false},"author":4484,"featured_media":0,"parent":0,"menu_order":0,"comment_status":"closed","ping_status":"closed","template":"","meta":{"_et_pb_use_builder":"on","_et_pb_old_content":"","_et_gb_content_width":"","_links_to":"","_links_to_target":""},"_links":{"self":[{"href":"https:\/\/salud-o.umh.es\/it\/wp-json\/wp\/v2\/pages\/3298"}],"collection":[{"href":"https:\/\/salud-o.umh.es\/it\/wp-json\/wp\/v2\/pages"}],"about":[{"href":"https:\/\/salud-o.umh.es\/it\/wp-json\/wp\/v2\/types\/page"}],"author":[{"embeddable":true,"href":"https:\/\/salud-o.umh.es\/it\/wp-json\/wp\/v2\/users\/4484"}],"replies":[{"embeddable":true,"href":"https:\/\/salud-o.umh.es\/it\/wp-json\/wp\/v2\/comments?post=3298"}],"version-history":[{"count":0,"href":"https:\/\/salud-o.umh.es\/it\/wp-json\/wp\/v2\/pages\/3298\/revisions"}],"wp:attachment":[{"href":"https:\/\/salud-o.umh.es\/it\/wp-json\/wp\/v2\/media?parent=3298"}],"curies":[{"name":"wp","href":"https:\/\/api.w.org\/{rel}","templated":true}]}}